{"id":1264,"date":"2015-05-20T14:45:32","date_gmt":"2015-05-20T12:45:32","guid":{"rendered":"http:\/\/agilitynews.eu\/?page_id=1264"},"modified":"2025-05-07T14:26:52","modified_gmt":"2025-05-07T12:26:52","slug":"2016-2","status":"publish","type":"page","link":"https:\/\/agilitynews.eu\/?page_id=1264","title":{"rendered":"International Events 2016"},"content":{"rendered":"<table style=\"width: 100%;\">\n<tbody>\n<tr>\n<td width=\"12%\">Date<\/td>\n<td width=\"7%\">Month<\/td>\n<td width=\"6%\">Year<\/td>\n<td width=\"54%\">Name<\/td>\n<td colspan=\"2\" width=\"23%\">Location<\/td>\n<td width=\"10%\">Link<\/td>\n<\/tr>\n<tr>\n<td><a href=\"http:\/\/www.columbuscup.it\/\" target=\"_blank\" rel=\"noopener\">12-14<\/a><\/td>\n<td><a href=\"http:\/\/www.columbuscup.it\/\" target=\"_blank\" rel=\"noopener\">02<\/a><\/td>\n<td><a href=\"http:\/\/www.columbuscup.it\/\" target=\"_blank\" rel=\"noopener\">2016<\/a><\/td>\n<td><a href=\"http:\/\/www.columbuscup.it\/\" target=\"_blank\" rel=\"noopener\">Columbus&#8217;s Cup<\/a><\/td>\n<td><a href=\"http:\/\/www.columbuscup.it\/\" target=\"_blank\" rel=\"noopener\">IT<\/a><\/td>\n<td><a href=\"http:\/\/www.columbuscup.it\/\" target=\"_blank\" rel=\"noopener\">Voghera <\/a><\/td>\n<td><a href=\"http:\/\/www.columbuscup.it\/\" target=\"_blank\" rel=\"noopener\">www<\/a><\/td>\n<\/tr>\n<tr>\n<td><a href=\"http:\/\/www.crufts.org.uk\/\" target=\"_blank\" rel=\"noopener\">10-13<\/a><\/td>\n<td><a href=\"http:\/\/www.crufts.org.uk\/\" target=\"_blank\" rel=\"noopener\">03<\/a><\/td>\n<td><a href=\"http:\/\/www.crufts.org.uk\/\" target=\"_blank\" rel=\"noopener\">2016<\/a><\/td>\n<td><a href=\"http:\/\/www.crufts.org.uk\/\" target=\"_blank\" rel=\"noopener\">Crufts<\/a><\/td>\n<td><a href=\"http:\/\/www.crufts.org.uk\/\" target=\"_blank\" rel=\"noopener\">UK<\/a><\/td>\n<td><a href=\"http:\/\/www.crufts.org.uk\/\" target=\"_blank\" rel=\"noopener\">Birmingham<\/a><\/td>\n<td><a href=\"http:\/\/www.crufts.org.uk\/\" target=\"_blank\" rel=\"noopener\">www<\/a><\/td>\n<\/tr>\n<tr>\n<td><a href=\"http:\/\/csi.skiper.sk\/?lang=en&amp;page=main&amp;sub=&amp;year=2016&amp;regs=&amp;datum_reg=\" target=\"_blank\" rel=\"noopener\">19-20<\/a><\/td>\n<td><a href=\"http:\/\/csi.skiper.sk\/?lang=en&amp;page=main&amp;sub=&amp;year=2016&amp;regs=&amp;datum_reg=\" target=\"_blank\" rel=\"noopener\">03<\/a><\/td>\n<td><a href=\"http:\/\/csi.skiper.sk\/?lang=en&amp;page=main&amp;sub=&amp;year=2016&amp;regs=&amp;datum_reg=\" target=\"_blank\" rel=\"noopener\">2016<\/a><\/td>\n<td><a href=\"http:\/\/csi.skiper.sk\/?lang=en&amp;page=main&amp;sub=&amp;year=2016&amp;regs=&amp;datum_reg=\" target=\"_blank\" rel=\"noopener\">CSI 2016 agility competition<\/a><\/td>\n<td><a href=\"http:\/\/csi.skiper.sk\/?lang=en&amp;page=main&amp;sub=&amp;year=2016&amp;regs=&amp;datum_reg=\" target=\"_blank\" rel=\"noopener\">SK<\/a><\/td>\n<td><a href=\"http:\/\/csi.skiper.sk\/?lang=en&amp;page=main&amp;sub=&amp;year=2016&amp;regs=&amp;datum_reg=\" target=\"_blank\" rel=\"noopener\">Galanta<\/a><\/td>\n<td><a href=\"http:\/\/csi.skiper.sk\/?lang=en&amp;page=main&amp;sub=&amp;year=2016&amp;regs=&amp;datum_reg=\" target=\"_blank\" rel=\"noopener\">www<\/a><\/td>\n<\/tr>\n<tr>\n<td><a href=\"https:\/\/www.facebook.com\/events\/1059449654073050\/\">19-20<\/a><\/td>\n<td><a href=\"https:\/\/www.facebook.com\/events\/1059449654073050\/\">03<\/a><\/td>\n<td><a href=\"https:\/\/www.facebook.com\/events\/1059449654073050\/\">2016<\/a><\/td>\n<td><a href=\"https:\/\/www.facebook.com\/events\/1059449654073050\/\">Silesian Open<\/a><\/td>\n<td><a href=\"https:\/\/www.facebook.com\/events\/1059449654073050\/\">PL<\/a><\/td>\n<td><a href=\"https:\/\/www.facebook.com\/events\/1059449654073050\/\">Czelad\u017a<\/a><\/td>\n<td><a href=\"https:\/\/www.facebook.com\/events\/1059449654073050\/\">www<\/a><\/td>\n<\/tr>\n<tr>\n<td><a href=\"http:\/\/www.wacnl.com\/\" target=\"_blank\" rel=\"noopener\">13-17<\/a><\/td>\n<td><a href=\"http:\/\/www.wacnl.com\/\" target=\"_blank\" rel=\"noopener\">04<\/a><\/td>\n<td><a href=\"http:\/\/www.wacnl.com\/\" target=\"_blank\" rel=\"noopener\">2016<\/a><\/td>\n<td><a href=\"http:\/\/www.wacnl.com\/\" target=\"_blank\" rel=\"noopener\">IFCS WAC World Agility Championship<\/a><\/td>\n<td><a href=\"http:\/\/www.wacnl.com\/\" target=\"_blank\" rel=\"noopener\">NL<\/a><\/td>\n<td><a href=\"http:\/\/www.wacnl.com\/\" target=\"_blank\" rel=\"noopener\">Laag Soeren<\/a><\/td>\n<td><a href=\"http:\/\/www.wacnl.com\/\" target=\"_blank\" rel=\"noopener\">www<\/a><\/td>\n<\/tr>\n<tr>\n<td><a href=\"http:\/\/www.jerseyagility.co.uk\/\">29-02<\/a><\/td>\n<td><a href=\"http:\/\/www.jerseyagility.co.uk\/\">04\/05<\/a><\/td>\n<td><a href=\"http:\/\/www.jerseyagility.co.uk\/\">2016<\/a><\/td>\n<td><a href=\"http:\/\/www.jerseyagility.co.uk\/\">JEAF Jersey European Aglity Festval<\/a><\/td>\n<td><a href=\"http:\/\/www.jerseyagility.co.uk\/\">UK<\/a><\/td>\n<td><a href=\"http:\/\/www.jerseyagility.co.uk\/\">Jersey<\/a><\/td>\n<td><a href=\"http:\/\/www.jerseyagility.co.uk\/\">www<\/a><\/td>\n<\/tr>\n<tr>\n<td><a href=\"http:\/\/en.wdsf.cz\/2016\" target=\"_blank\" rel=\"noopener\">06-08<\/a><\/td>\n<td><a href=\"http:\/\/en.wdsf.cz\/2016\" target=\"_blank\" rel=\"noopener\">05<\/a><\/td>\n<td><a href=\"http:\/\/en.wdsf.cz\/2016\" target=\"_blank\" rel=\"noopener\">2016<\/a><\/td>\n<td><a href=\"http:\/\/en.wdsf.cz\/2016\" target=\"_blank\" rel=\"noopener\">World Championship of Dutch Shepherds<\/a><\/td>\n<td><a href=\"http:\/\/en.wdsf.cz\/2016\" target=\"_blank\" rel=\"noopener\">CZ<\/a><\/td>\n<td><a href=\"http:\/\/en.wdsf.cz\/2016\" target=\"_blank\" rel=\"noopener\">Kol\u00edn<\/a><\/td>\n<td><a href=\"http:\/\/en.wdsf.cz\/2016\" target=\"_blank\" rel=\"noopener\">www<\/a><\/td>\n<\/tr>\n<tr>\n<td><a href=\"http:\/\/www.fmbb2016.fr\/\" target=\"_blank\" rel=\"noopener\">10-15<\/a><\/td>\n<td><a href=\"http:\/\/www.fmbb2016.fr\/\" target=\"_blank\" rel=\"noopener\">05<\/a><\/td>\n<td><a href=\"http:\/\/www.fmbb2016.fr\/\" target=\"_blank\" rel=\"noopener\">2016<\/a><\/td>\n<td><a href=\"http:\/\/www.fmbb2016.fr\/\" target=\"_blank\" rel=\"noopener\">FMBB\u00a0 World Championship Belgian Shepherds<\/a><\/td>\n<td><a href=\"http:\/\/www.fmbb2016.fr\/\" target=\"_blank\" rel=\"noopener\">FR<\/a><\/td>\n<td><a href=\"http:\/\/www.fmbb2016.fr\/\" target=\"_blank\" rel=\"noopener\">Aubigny sur N\u00e8re<\/a><\/td>\n<td><a href=\"http:\/\/www.fmbb2016.fr\/\" target=\"_blank\" rel=\"noopener\">www<\/a><\/td>\n<\/tr>\n<tr>\n<td><a href=\"http:\/\/www.worldagilityopen.com\/\" target=\"_blank\" rel=\"noopener\">13-15<\/a><\/td>\n<td><a href=\"http:\/\/www.worldagilityopen.com\/\" target=\"_blank\" rel=\"noopener\">05<\/a><\/td>\n<td><a href=\"http:\/\/www.worldagilityopen.com\/\" target=\"_blank\" rel=\"noopener\">2016<\/a><\/td>\n<td><a href=\"http:\/\/www.worldagilityopen.com\/\" target=\"_blank\" rel=\"noopener\">WAO World Agility Open Championship<\/a><\/td>\n<td><a href=\"http:\/\/www.worldagilityopen.com\/\" target=\"_blank\" rel=\"noopener\">UK<\/a><\/td>\n<td><a href=\"http:\/\/www.worldagilityopen.com\/\" target=\"_blank\" rel=\"noopener\">Addington\u00a0Manor<\/a><\/td>\n<td><a href=\"http:\/\/www.worldagilityopen.com\/\" target=\"_blank\" rel=\"noopener\">www<\/a><\/td>\n<\/tr>\n<tr>\n<td><a href=\"http:\/\/www.bcchamp.cz\/2016\/?id=news&amp;lang=en\" target=\"_blank\" rel=\"noopener\">03-05<\/a><\/td>\n<td><a href=\"http:\/\/www.bcchamp.cz\/2016\/?id=news&amp;lang=en\" target=\"_blank\" rel=\"noopener\">06<\/a><\/td>\n<td><a href=\"http:\/\/www.bcchamp.cz\/2016\/?id=news&amp;lang=en\" target=\"_blank\" rel=\"noopener\">2016<\/a><\/td>\n<td><a href=\"http:\/\/www.bcchamp.cz\/2016\/?id=news&amp;lang=en\" target=\"_blank\" rel=\"noopener\">International Border Collie Championship of the Czech Republic<\/a><\/td>\n<td><a href=\"http:\/\/www.bcchamp.cz\/2016\/?id=news&amp;lang=en\" target=\"_blank\" rel=\"noopener\">CZ<\/a><\/td>\n<td><a href=\"http:\/\/www.bcchamp.cz\/2016\/?id=news&amp;lang=en\" target=\"_blank\" rel=\"noopener\">T\u0159eb\u00ed\u010d<\/a><\/td>\n<td><a href=\"http:\/\/www.bcchamp.cz\/2016\/?id=news&amp;lang=en\" target=\"_blank\" rel=\"noopener\">www<\/a><\/td>\n<\/tr>\n<tr>\n<td><a href=\"http:\/\/www.iabc-2016.hu\/\" target=\"_blank\" rel=\"noopener\">10-12<\/a><\/td>\n<td><a href=\"http:\/\/www.iabc-2016.hu\/\" target=\"_blank\" rel=\"noopener\">06<\/a><\/td>\n<td><a href=\"http:\/\/www.iabc-2016.hu\/\" target=\"_blank\" rel=\"noopener\">2016<\/a><\/td>\n<td><a href=\"http:\/\/www.iabc-2016.hu\/\" target=\"_blank\" rel=\"noopener\">IABC International All Breeds Cup<\/a><\/td>\n<td><a href=\"http:\/\/www.iabc-2016.hu\/\" target=\"_blank\" rel=\"noopener\">HU<\/a><\/td>\n<td><a href=\"http:\/\/www.iabc-2016.hu\/\" target=\"_blank\" rel=\"noopener\">\u00a0Esztergom-kertv\u00e1ros<\/a><\/td>\n<td><a href=\"http:\/\/www.iabc-2016.hu\/\" target=\"_blank\" rel=\"noopener\">www<\/a><\/td>\n<\/tr>\n<tr>\n<td><a href=\"http:\/\/www.bordercollie-agility-meeting.de\/\" target=\"_blank\" rel=\"noopener\">17-19<\/a><\/td>\n<td><a href=\"http:\/\/www.bordercollie-agility-meeting.de\/\" target=\"_blank\" rel=\"noopener\">06<\/a><\/td>\n<td><a href=\"http:\/\/www.bordercollie-agility-meeting.de\/\" target=\"_blank\" rel=\"noopener\">2016<\/a><\/td>\n<td><a href=\"http:\/\/www.bordercollie-agility-meeting.de\/\" target=\"_blank\" rel=\"noopener\">Border Collie Agility Meeting (BAM)<\/a><\/td>\n<td><a href=\"http:\/\/www.bordercollie-agility-meeting.de\/\" target=\"_blank\" rel=\"noopener\">DE<\/a><\/td>\n<td><a href=\"http:\/\/www.bordercollie-agility-meeting.de\/\" target=\"_blank\" rel=\"noopener\">Neu-Ulm<\/a><\/td>\n<td><a href=\"http:\/\/www.bordercollie-agility-meeting.de\/\" target=\"_blank\" rel=\"noopener\">www<\/a><\/td>\n<\/tr>\n<tr>\n<td><a href=\"http:\/\/www.pirineosdogfestival.com\/\" target=\"_blank\" rel=\"noopener\">17-19<\/a><\/td>\n<td><a href=\"http:\/\/www.pirineosdogfestival.com\/\" target=\"_blank\" rel=\"noopener\">06<\/a><\/td>\n<td><a href=\"http:\/\/www.pirineosdogfestival.com\/\" target=\"_blank\" rel=\"noopener\">2016<\/a><\/td>\n<td><a href=\"http:\/\/www.pirineosdogfestival.com\/\" target=\"_blank\" rel=\"noopener\">Pirineos Dog Festival (Ex Gotor)<\/a><\/td>\n<td><a href=\"http:\/\/www.pirineosdogfestival.com\/\" target=\"_blank\" rel=\"noopener\">ES<\/a><\/td>\n<td><a href=\"http:\/\/www.pirineosdogfestival.com\/\" target=\"_blank\" rel=\"noopener\">Pirineo Aragon\u00e9s<\/a><\/td>\n<td><a href=\"http:\/\/www.pirineosdogfestival.com\/\" target=\"_blank\" rel=\"noopener\">www<\/a><\/td>\n<\/tr>\n<tr>\n<td><a href=\"http:\/\/www.moraviaopen.cz\/en\/a2016\/\" target=\"_blank\" rel=\"noopener\">01-03<\/a><\/td>\n<td><a href=\"http:\/\/www.moraviaopen.cz\/en\/a2016\/\" target=\"_blank\" rel=\"noopener\">07<\/a><\/td>\n<td><a href=\"http:\/\/www.moraviaopen.cz\/en\/a2016\/\" target=\"_blank\" rel=\"noopener\">2016<\/a><\/td>\n<td><a href=\"http:\/\/www.moraviaopen.cz\/en\/a2016\/\" target=\"_blank\" rel=\"noopener\">Moravia Open<\/a><\/td>\n<td><a href=\"http:\/\/www.moraviaopen.cz\/en\/a2016\/\" target=\"_blank\" rel=\"noopener\">CZ<\/a><\/td>\n<td><a href=\"http:\/\/www.moraviaopen.cz\/en\/a2016\/\" target=\"_blank\" rel=\"noopener\">Ro\u017enov pod Radho\u0161t\u011bm<\/a><\/td>\n<td><a href=\"http:\/\/www.moraviaopen.cz\/en\/a2016\/\" target=\"_blank\" rel=\"noopener\">www<\/a><\/td>\n<\/tr>\n<tr>\n<td><a href=\"http:\/\/eojunior2016.skiper.sk\/\" target=\"_blank\" rel=\"noopener\">08-10<\/a><\/td>\n<td><a href=\"http:\/\/eojunior2016.skiper.sk\/\" target=\"_blank\" rel=\"noopener\">07<\/a><\/td>\n<td><a href=\"http:\/\/eojunior2016.skiper.sk\/\" target=\"_blank\" rel=\"noopener\">2016<\/a><\/td>\n<td><a href=\"http:\/\/eojunior2016.skiper.sk\/\" target=\"_blank\" rel=\"noopener\">EOJ European Open Junior<\/a><\/td>\n<td><a href=\"http:\/\/eojunior2016.skiper.sk\/\" target=\"_blank\" rel=\"noopener\">SK<\/a><\/td>\n<td><a href=\"http:\/\/eojunior2016.skiper.sk\/\" target=\"_blank\" rel=\"noopener\">\u010cilistov<\/a><\/td>\n<td><a href=\"http:\/\/eojunior2016.skiper.sk\/\" target=\"_blank\" rel=\"noopener\">www<\/a><\/td>\n<\/tr>\n<tr>\n<td><a href=\"http:\/\/www.agility-zuerisee-cup.ch\/\" target=\"_blank\" rel=\"noopener\">22-24<\/a><\/td>\n<td><a href=\"http:\/\/www.agility-zuerisee-cup.ch\/\" target=\"_blank\" rel=\"noopener\">07<\/a><\/td>\n<td><a href=\"http:\/\/www.agility-zuerisee-cup.ch\/\" target=\"_blank\" rel=\"noopener\">2016<\/a><\/td>\n<td><a href=\"http:\/\/www.agility-zuerisee-cup.ch\/\" target=\"_blank\" rel=\"noopener\">Zurisee Cup<\/a><\/td>\n<td><a href=\"http:\/\/www.agility-zuerisee-cup.ch\/\" target=\"_blank\" rel=\"noopener\">CH<\/a><\/td>\n<td><a href=\"http:\/\/www.agility-zuerisee-cup.ch\/\" target=\"_blank\" rel=\"noopener\">W\u00e4denswil<\/a><\/td>\n<td><a href=\"http:\/\/www.agility-zuerisee-cup.ch\/\" target=\"_blank\" rel=\"noopener\">www<\/a><\/td>\n<\/tr>\n<tr>\n<td><a href=\"http:\/\/www.eo2016.ceacr-npdc.net\" target=\"_blank\" rel=\"noopener\">29-31<\/a><\/td>\n<td><a href=\"http:\/\/www.eo2016.ceacr-npdc.net\" target=\"_blank\" rel=\"noopener\">07<\/a><\/td>\n<td><a href=\"http:\/\/www.eo2016.ceacr-npdc.net\" target=\"_blank\" rel=\"noopener\">2016<\/a><\/td>\n<td><a href=\"http:\/\/www.eo2016.ceacr-npdc.net\" target=\"_blank\" rel=\"noopener\">EO European Open<\/a><\/td>\n<td><a href=\"http:\/\/www.eo2016.ceacr-npdc.net\" target=\"_blank\" rel=\"noopener\">FR<\/a><\/td>\n<td><a href=\"http:\/\/www.eo2016.ceacr-npdc.net\" target=\"_blank\" rel=\"noopener\">Houdain<\/a><\/td>\n<td><a href=\"http:\/\/www.eo2016.ceacr-npdc.net\" target=\"_blank\" rel=\"noopener\">www<\/a><\/td>\n<\/tr>\n<tr>\n<td>\u00a0<a href=\"http:\/\/www.bcc2016.jimdo.com\" target=\"_blank\" rel=\"noopener\">5-7<\/a><\/td>\n<td><a href=\"http:\/\/www.bcc2016.jimdo.com\" target=\"_blank\" rel=\"noopener\">08<\/a><\/td>\n<td><a href=\"http:\/\/www.bcc2016.jimdo.com\" target=\"_blank\" rel=\"noopener\">2016<\/a><\/td>\n<td><a href=\"http:\/\/www.bcc2016.jimdo.com\" target=\"_blank\" rel=\"noopener\">BCC Border Collie Classic<\/a><\/td>\n<td><a href=\"http:\/\/www.bcc2016.jimdo.com\" target=\"_blank\" rel=\"noopener\">NL<\/a><\/td>\n<td><a href=\"http:\/\/www.bcc2016.jimdo.com\" target=\"_blank\" rel=\"noopener\"> Uden<\/a><\/td>\n<td><a href=\"http:\/\/www.bcc2016.jimdo.com\" target=\"_blank\" rel=\"noopener\">www<\/a><\/td>\n<\/tr>\n<tr>\n<td><a href=\"http:\/\/www.thekennelclub.org.uk\/events\/international-agility-festival\/\" target=\"_blank\" rel=\"noopener\">11-14<\/a><\/td>\n<td><a href=\"http:\/\/www.thekennelclub.org.uk\/events\/international-agility-festival\/\" target=\"_blank\" rel=\"noopener\">08<\/a><\/td>\n<td><a href=\"http:\/\/www.thekennelclub.org.uk\/events\/international-agility-festival\/\" target=\"_blank\" rel=\"noopener\">201<\/a>6<\/td>\n<td><a href=\"http:\/\/www.thekennelclub.org.uk\/events\/international-agility-festival\/\" target=\"_blank\" rel=\"noopener\">KC International Agility Festival<\/a><\/td>\n<td><a href=\"http:\/\/www.thekennelclub.org.uk\/events\/international-agility-festival\/\" target=\"_blank\" rel=\"noopener\">UK<\/a><\/td>\n<td><a href=\"http:\/\/www.thekennelclub.org.uk\/events\/international-agility-festival\/\" target=\"_blank\" rel=\"noopener\">Rockingham<\/a><\/td>\n<td><a href=\"http:\/\/www.thekennelclub.org.uk\/events\/international-agility-festival\/\" target=\"_blank\" rel=\"noopener\">www<\/a><\/td>\n<\/tr>\n<tr>\n<td><a href=\"http:\/\/www.luxembourgopen.lu\" target=\"_blank\" rel=\"noopener\">13-14<\/a><\/td>\n<td><a href=\"http:\/\/www.luxembourgopen.lu\" target=\"_blank\" rel=\"noopener\">08<\/a><\/td>\n<td><a href=\"http:\/\/www.luxembourgopen.lu\" target=\"_blank\" rel=\"noopener\">2016<\/a><\/td>\n<td><a href=\"http:\/\/www.luxembourgopen.lu\" target=\"_blank\" rel=\"noopener\">Luxemburg Open<\/a><\/td>\n<td><a href=\"http:\/\/www.luxembourgopen.lu\" target=\"_blank\" rel=\"noopener\">LU<\/a><\/td>\n<td><a href=\"http:\/\/www.luxembourgopen.lu\" target=\"_blank\" rel=\"noopener\">Differdange<\/a><\/td>\n<td><a href=\"http:\/\/www.luxembourgopen.lu\" target=\"_blank\" rel=\"noopener\">www<\/a><\/td>\n<\/tr>\n<tr>\n<td><a href=\"http:\/\/www.dogsinneedagility.com\/\" target=\"_blank\" rel=\"noopener\">15-21<\/a><\/td>\n<td><a href=\"http:\/\/www.dogsinneedagility.com\/\" target=\"_blank\" rel=\"noopener\">08<\/a><\/td>\n<td><a href=\"http:\/\/www.dogsinneedagility.com\/\" target=\"_blank\" rel=\"noopener\">2016<\/a><\/td>\n<td><a href=\"http:\/\/www.dogsinneedagility.com\/\" target=\"_blank\" rel=\"noopener\">Dogs in Need<\/a><\/td>\n<td><a href=\"http:\/\/www.dogsinneedagility.com\/\" target=\"_blank\" rel=\"noopener\">UK<\/a><\/td>\n<td><a href=\"http:\/\/www.dogsinneedagility.com\/\" target=\"_blank\" rel=\"noopener\">Ipswich<\/a><\/td>\n<td><a href=\"http:\/\/www.dogsinneedagility.com\/\" target=\"_blank\" rel=\"noopener\">www<\/a><\/td>\n<\/tr>\n<tr>\n<td><a href=\"http:\/\/slovakiaopen.skiper.sk\/\" target=\"_blank\" rel=\"noopener\">20-21<\/a><\/td>\n<td><a href=\"http:\/\/slovakiaopen.skiper.sk\/\" target=\"_blank\" rel=\"noopener\">08<\/a><\/td>\n<td><a href=\"http:\/\/slovakiaopen.skiper.sk\/\" target=\"_blank\" rel=\"noopener\">2016<\/a><\/td>\n<td><a href=\"http:\/\/slovakiaopen.skiper.sk\/\" target=\"_blank\" rel=\"noopener\">Slovakia Open<\/a><\/td>\n<td><a href=\"http:\/\/slovakiaopen.skiper.sk\/\" target=\"_blank\" rel=\"noopener\">SK<\/a><\/td>\n<td><a href=\"http:\/\/slovakiaopen.skiper.sk\/\" target=\"_blank\" rel=\"noopener\">Galanta<\/a><\/td>\n<td><a href=\"http:\/\/slovakiaopen.skiper.sk\/\" target=\"_blank\" rel=\"noopener\">www<\/a><\/td>\n<\/tr>\n<tr>\n<td><a href=\"http:\/\/balticopenagility.pl\/en\/\" target=\"_blank\" rel=\"noopener\">20-21<\/a><\/td>\n<td><a href=\"http:\/\/balticopenagility.pl\/en\/\" target=\"_blank\" rel=\"noopener\">08<\/a><\/td>\n<td><a href=\"http:\/\/balticopenagility.pl\/en\/\" target=\"_blank\" rel=\"noopener\">2016<\/a><\/td>\n<td><a href=\"http:\/\/balticopenagility.pl\/en\/\" target=\"_blank\" rel=\"noopener\">Baltic Open Agility<\/a><\/td>\n<td><a href=\"http:\/\/balticopenagility.pl\/en\/\" target=\"_blank\" rel=\"noopener\">PL<\/a><\/td>\n<td><a href=\"http:\/\/balticopenagility.pl\/en\/\" target=\"_blank\" rel=\"noopener\">Sopot<\/a><\/td>\n<td><a href=\"http:\/\/balticopenagility.pl\/en\/\" target=\"_blank\" rel=\"noopener\">www<\/a><\/td>\n<\/tr>\n<tr>\n<td><a href=\"http:\/\/www.imca-pawc2016.cz\/en\/\" target=\"_blank\" rel=\"noopener\">25-28<\/a><\/td>\n<td><a href=\"http:\/\/www.imca-pawc2016.cz\/en\/\" target=\"_blank\" rel=\"noopener\">08<\/a><\/td>\n<td><a href=\"http:\/\/www.imca-pawc2016.cz\/en\/\" target=\"_blank\" rel=\"noopener\">2016<\/a><\/td>\n<td><a href=\"http:\/\/www.imca-pawc2016.cz\/en\/\" target=\"_blank\" rel=\"noopener\">IMCA\/PAWC<\/a><\/td>\n<td><a href=\"http:\/\/www.imca-pawc2016.cz\/en\/\" target=\"_blank\" rel=\"noopener\">CZ<\/a><\/td>\n<td><a href=\"http:\/\/www.imca-pawc2016.cz\/en\/\" target=\"_blank\" rel=\"noopener\">\u00a0Fr\u00fddek-M\u00edstek<\/a><\/td>\n<td><a href=\"http:\/\/www.imca-pawc2016.cz\/en\/\" target=\"_blank\" rel=\"noopener\">\u00a0www<\/a><\/td>\n<\/tr>\n<tr>\n<td><a href=\"http:\/\/www.agilitywc2016.com\/\" target=\"_blank\" rel=\"noopener\">23-25<\/a><\/td>\n<td><a href=\"http:\/\/www.agilitywc2016.com\/\" target=\"_blank\" rel=\"noopener\">09<\/a><\/td>\n<td><a href=\"http:\/\/www.agilitywc2016.com\/\" target=\"_blank\" rel=\"noopener\">2016<\/a><\/td>\n<td><a href=\"http:\/\/www.agilitywc2016.com\/\" target=\"_blank\" rel=\"noopener\">FCI AWC Agility World Championship<\/a><\/td>\n<td><a href=\"http:\/\/www.agilitywc2016.com\/\" target=\"_blank\" rel=\"noopener\">ES<\/a><\/td>\n<td><a href=\"http:\/\/www.agilitywc2016.com\/\" target=\"_blank\" rel=\"noopener\">\u00a0Zaragoza<\/a><\/td>\n<td><a href=\"http:\/\/www.agilitywc2016.com\/\" target=\"_blank\" rel=\"noopener\"> www<\/a><\/td>\n<\/tr>\n<tr>\n<td><a href=\"http:\/\/www.norwegian-open.com\/\" target=\"_blank\" rel=\"noopener\">15-16<\/a><\/td>\n<td><a href=\"http:\/\/www.norwegian-open.com\/\" target=\"_blank\" rel=\"noopener\">10<\/a><\/td>\n<td><a href=\"http:\/\/www.norwegian-open.com\/\" target=\"_blank\" rel=\"noopener\">2016<\/a><\/td>\n<td><a href=\"http:\/\/www.norwegian-open.com\/\" target=\"_blank\" rel=\"noopener\">Norwegian Open<\/a><\/td>\n<td><a href=\"http:\/\/www.norwegian-open.com\/\" target=\"_blank\" rel=\"noopener\">NO<\/a><\/td>\n<td><a href=\"http:\/\/www.norwegian-open.com\/\" target=\"_blank\" rel=\"noopener\">Kongsvinger<\/a><\/td>\n<td><a href=\"http:\/\/www.norwegian-open.com\/\" target=\"_blank\" rel=\"noopener\">www<\/a><\/td>\n<\/tr>\n<tr>\n<td><a href=\"http:\/\/www.sheltie2016.de\/\" target=\"_blank\" rel=\"noopener\">4-6<\/a><\/td>\n<td><a href=\"http:\/\/www.sheltie2016.de\/\" target=\"_blank\" rel=\"noopener\">11<\/a><\/td>\n<td><a href=\"http:\/\/www.sheltie2016.de\/\" target=\"_blank\" rel=\"noopener\">2016<\/a><\/td>\n<td><a href=\"http:\/\/www.sheltie2016.de\/\" target=\"_blank\" rel=\"noopener\">International Sheltie Agility Championship<\/a><\/td>\n<td><a href=\"http:\/\/www.sheltie2016.de\/\" target=\"_blank\" rel=\"noopener\">DE<\/a><\/td>\n<td><a href=\"http:\/\/www.sheltie2016.de\/\" target=\"_blank\" rel=\"noopener\">L\u00fcbbecke<\/a><\/td>\n<td><a href=\"http:\/\/www.sheltie2016.de\/\" target=\"_blank\" rel=\"noopener\">www<\/a><\/td>\n<\/tr>\n<\/tbody>\n<\/table>\n","protected":false},"excerpt":{"rendered":"<p>Date Month Year Name Location Link 12-14 02 2016 Columbus&#8217;s Cup IT Voghera www 10-13 03 2016 Crufts UK Birmingham www 19-20 03 2016 CSI 2016 agility competition SK Galanta www 19-20 03 2016 Silesian Open PL Czelad\u017a www 13-17 04 2016 IFCS WAC World Agility Championship NL Laag Soeren www 29-02 04\/05 2016 JEAF [&hellip;]<\/p>\n","protected":false},"author":3,"featured_media":0,"parent":136,"menu_order":0,"comment_status":"closed","ping_status":"closed","template":"page-rightsidebar.php","meta":[],"yoast_head":"<!-- This site is optimized with the Yoast SEO plugin v15.7 - https:\/\/yoast.com\/wordpress\/plugins\/seo\/ -->\n<meta name=\"robots\" content=\"index, follow, max-snippet:-1, max-image-preview:large, max-video-preview:-1\" \/>\n<link rel=\"canonical\" href=\"https:\/\/agilitynews.eu\/?page_id=1264\" \/>\n<meta property=\"og:locale\" content=\"en_GB\" \/>\n<meta property=\"og:type\" content=\"article\" \/>\n<meta property=\"og:title\" content=\"International Events 2016 - AGILITYnews.eu\" \/>\n<meta property=\"og:description\" content=\"Date Month Year Name Location Link 12-14 02 2016 Columbus&#8217;s Cup IT Voghera www 10-13 03 2016 Crufts UK Birmingham www 19-20 03 2016 CSI 2016 agility competition SK Galanta www 19-20 03 2016 Silesian Open PL Czelad\u017a www 13-17 04 2016 IFCS WAC World Agility Championship NL Laag Soeren www 29-02 04\/05 2016 JEAF [&hellip;]\" \/>\n<meta property=\"og:url\" content=\"https:\/\/agilitynews.eu\/?page_id=1264\" \/>\n<meta property=\"og:site_name\" content=\"AGILITYnews.eu\" \/>\n<meta property=\"article:modified_time\" content=\"2025-05-07T12:26:52+00:00\" \/>\n<meta name=\"twitter:card\" content=\"summary\" \/>\n<meta name=\"twitter:label1\" content=\"Estimated reading time\">\n\t<meta name=\"twitter:data1\" content=\"1 minute\">\n<script type=\"application\/ld+json\" class=\"yoast-schema-graph\">{\"@context\":\"https:\/\/schema.org\",\"@graph\":[{\"@type\":\"WebSite\",\"@id\":\"https:\/\/agilitynews.eu\/#website\",\"url\":\"https:\/\/agilitynews.eu\/\",\"name\":\"AGILITYnews.eu\",\"description\":\"Information and coverage of the most beautiful sport in the world : Agility\",\"potentialAction\":[{\"@type\":\"SearchAction\",\"target\":\"https:\/\/agilitynews.eu\/?s={search_term_string}\",\"query-input\":\"required name=search_term_string\"}],\"inLanguage\":\"en-GB\"},{\"@type\":\"WebPage\",\"@id\":\"https:\/\/agilitynews.eu\/?page_id=1264#webpage\",\"url\":\"https:\/\/agilitynews.eu\/?page_id=1264\",\"name\":\"International Events 2016 - AGILITYnews.eu\",\"isPartOf\":{\"@id\":\"https:\/\/agilitynews.eu\/#website\"},\"datePublished\":\"2015-05-20T12:45:32+00:00\",\"dateModified\":\"2025-05-07T12:26:52+00:00\",\"inLanguage\":\"en-GB\",\"potentialAction\":[{\"@type\":\"ReadAction\",\"target\":[\"https:\/\/agilitynews.eu\/?page_id=1264\"]}]}]}<\/script>\n<!-- \/ Yoast SEO plugin. -->","_links":{"self":[{"href":"https:\/\/agilitynews.eu\/index.php?rest_route=\/wp\/v2\/pages\/1264"}],"collection":[{"href":"https:\/\/agilitynews.eu\/index.php?rest_route=\/wp\/v2\/pages"}],"about":[{"href":"https:\/\/agilitynews.eu\/index.php?rest_route=\/wp\/v2\/types\/page"}],"author":[{"embeddable":true,"href":"https:\/\/agilitynews.eu\/index.php?rest_route=\/wp\/v2\/users\/3"}],"replies":[{"embeddable":true,"href":"https:\/\/agilitynews.eu\/index.php?rest_route=%2Fwp%2Fv2%2Fcomments&post=1264"}],"version-history":[{"count":86,"href":"https:\/\/agilitynews.eu\/index.php?rest_route=\/wp\/v2\/pages\/1264\/revisions"}],"predecessor-version":[{"id":6132,"href":"https:\/\/agilitynews.eu\/index.php?rest_route=\/wp\/v2\/pages\/1264\/revisions\/6132"}],"up":[{"embeddable":true,"href":"https:\/\/agilitynews.eu\/index.php?rest_route=\/wp\/v2\/pages\/136"}],"wp:attachment":[{"href":"https:\/\/agilitynews.eu\/index.php?rest_route=%2Fwp%2Fv2%2Fmedia&parent=1264"}],"curies":[{"name":"wp","href":"https:\/\/api.w.org\/{rel}","templated":true}]}}