{"id":4743,"date":"2018-01-31T19:23:26","date_gmt":"2018-01-31T18:23:26","guid":{"rendered":"http:\/\/agilitynews.eu\/?page_id=4743"},"modified":"2018-01-31T19:25:44","modified_gmt":"2018-01-31T18:25:44","slug":"international-events-2017","status":"publish","type":"page","link":"https:\/\/agilitynews.eu\/?page_id=4743","title":{"rendered":"International-Events 2017"},"content":{"rendered":"<h1>2017:<\/h1>\n<table style=\"width: 100%;\">\n<tbody>\n<tr>\n<td width=\"12%\">Date<\/td>\n<td width=\"7%\">Month<\/td>\n<td width=\"6%\">Year<\/td>\n<td width=\"44%\">Name<\/td>\n<td colspan=\"2\" width=\"33%\">Location<\/td>\n<td width=\"10%\">Link<\/td>\n<\/tr>\n<tr>\n<td><a href=\"https:\/\/www.facebook.com\/events\/1720489478216779\" target=\"_blank\" rel=\"noopener\">06-08<\/a><\/td>\n<td><a href=\"https:\/\/www.facebook.com\/events\/1720489478216779\" target=\"_blank\" rel=\"noopener\">01<\/a><\/td>\n<td><a href=\"https:\/\/www.facebook.com\/events\/1720489478216779\" target=\"_blank\" rel=\"noopener\">2017<\/a><\/td>\n<td><a href=\"https:\/\/www.facebook.com\/events\/1720489478216779\" target=\"_blank\" rel=\"noopener\">Silesian Open<\/a><\/td>\n<td><a href=\"https:\/\/www.facebook.com\/events\/1720489478216779\" target=\"_blank\" rel=\"noopener\">PL<\/a><\/td>\n<td><a href=\"https:\/\/www.facebook.com\/events\/1720489478216779\" target=\"_blank\" rel=\"noopener\">Czelad\u017a<\/a><\/td>\n<td><a href=\"https:\/\/www.facebook.com\/events\/1720489478216779\" target=\"_blank\" rel=\"noopener\">www<\/a><\/td>\n<\/tr>\n<tr>\n<td><a href=\"http:\/\/www.crufts.org.uk\/\" target=\"_blank\" rel=\"noopener\">09-12<\/a><\/td>\n<td><a href=\"http:\/\/www.crufts.org.uk\/\" target=\"_blank\" rel=\"noopener\">03<\/a><\/td>\n<td><a href=\"http:\/\/www.crufts.org.uk\/\" target=\"_blank\" rel=\"noopener\">2017<\/a><\/td>\n<td><a href=\"http:\/\/www.crufts.org.uk\/\" target=\"_blank\" rel=\"noopener\">Crufts<\/a><\/td>\n<td><a href=\"http:\/\/www.crufts.org.uk\/\" target=\"_blank\" rel=\"noopener\">UK<\/a><\/td>\n<td><a href=\"http:\/\/www.crufts.org.uk\/\" target=\"_blank\" rel=\"noopener\">Birmingham<\/a><\/td>\n<td><a href=\"http:\/\/www.crufts.org.uk\/\" target=\"_blank\" rel=\"noopener\">www<\/a><\/td>\n<\/tr>\n<tr>\n<td><a href=\"http:\/\/worldagilitychampionship.com\/\" target=\"_blank\" rel=\"noopener\">26-30<\/a><\/td>\n<td><a href=\"http:\/\/worldagilitychampionship.com\/\" target=\"_blank\" rel=\"noopener\">04<\/a><\/td>\n<td><a href=\"http:\/\/worldagilitychampionship.com\/\" target=\"_blank\" rel=\"noopener\">2017<\/a><\/td>\n<td><a href=\"http:\/\/worldagilitychampionship.com\/\" target=\"_blank\" rel=\"noopener\">WAC IFCS World Agility Championships<\/a><\/td>\n<td><a href=\"http:\/\/worldagilitychampionship.com\/\" target=\"_blank\" rel=\"noopener\">SP<\/a><\/td>\n<td><a href=\"http:\/\/worldagilitychampionship.com\/\" target=\"_blank\" rel=\"noopener\">Valencia<\/a><\/td>\n<td><a href=\"http:\/\/worldagilitychampionship.com\/\" target=\"_blank\" rel=\"noopener\">www<\/a><\/td>\n<\/tr>\n<tr>\n<td><a href=\"http:\/\/www.fmbb2017.de\/\" target=\"_blank\" rel=\"noopener\">26-30<\/a><\/td>\n<td><a href=\"http:\/\/www.fmbb2017.de\/\" target=\"_blank\" rel=\"noopener\">04<\/a><\/td>\n<td><a href=\"http:\/\/www.fmbb2017.de\/\" target=\"_blank\" rel=\"noopener\">2017<\/a><\/td>\n<td><a href=\"http:\/\/www.fmbb2017.de\/\" target=\"_blank\" rel=\"noopener\">FMBB<\/a><\/td>\n<td><a href=\"http:\/\/www.fmbb2017.de\/\" target=\"_blank\" rel=\"noopener\">DE<\/a><\/td>\n<td><a href=\"http:\/\/www.fmbb2017.de\/\" target=\"_blank\" rel=\"noopener\">Halle (Saale)<\/a><\/td>\n<td><a href=\"http:\/\/www.fmbb2017.de\/\" target=\"_blank\" rel=\"noopener\">www<\/a><\/td>\n<\/tr>\n<tr>\n<td><a href=\"http:\/\/www.jerseyagility.co.uk\/\" target=\"_blank\" rel=\"noopener\">28-01<\/a><\/td>\n<td><a href=\"http:\/\/www.jerseyagility.co.uk\/\" target=\"_blank\" rel=\"noopener\">04\/05<\/a><\/td>\n<td><a href=\"http:\/\/www.jerseyagility.co.uk\/\" target=\"_blank\" rel=\"noopener\">2017<\/a><\/td>\n<td><a href=\"http:\/\/www.jerseyagility.co.uk\/\" target=\"_blank\" rel=\"noopener\">JEAF Jersey European Aglity Festval<\/a><\/td>\n<td><a href=\"http:\/\/www.jerseyagility.co.uk\/\" target=\"_blank\" rel=\"noopener\">UK<\/a><\/td>\n<td><a href=\"http:\/\/www.jerseyagility.co.uk\/\" target=\"_blank\" rel=\"noopener\">Jersey<\/a><\/td>\n<td><a href=\"http:\/\/www.jerseyagility.co.uk\/\" target=\"_blank\" rel=\"noopener\">www<\/a><\/td>\n<\/tr>\n<tr>\n<td>1<a href=\"http:\/\/www.worldagilityopen.com\/\" target=\"_blank\" rel=\"noopener\">9-21<\/a><\/td>\n<td><a href=\"http:\/\/www.worldagilityopen.com\/\" target=\"_blank\" rel=\"noopener\">05<\/a><\/td>\n<td><a href=\"http:\/\/www.worldagilityopen.com\/\" target=\"_blank\" rel=\"noopener\">2017<\/a><\/td>\n<td><a href=\"http:\/\/www.worldagilityopen.com\/\" target=\"_blank\" rel=\"noopener\">WAO World Agility Open Championship<\/a><\/td>\n<td><a href=\"http:\/\/www.worldagilityopen.com\/\" target=\"_blank\" rel=\"noopener\">NL<\/a><\/td>\n<td><a href=\"http:\/\/www.worldagilityopen.com\/\" target=\"_blank\" rel=\"noopener\">Ermelo<\/a><\/td>\n<td><a href=\"http:\/\/www.worldagilityopen.com\/\" target=\"_blank\" rel=\"noopener\">www<\/a><\/td>\n<\/tr>\n<tr>\n<td><a href=\"http:\/\/www.iabc-agility.com\/en\/\" target=\"_blank\" rel=\"noopener\">16-18<\/a><\/td>\n<td><a href=\"http:\/\/www.iabc-agility.com\/en\/\" target=\"_blank\" rel=\"noopener\">06<\/a><\/td>\n<td><a href=\"http:\/\/www.iabc-agility.com\/en\/\" target=\"_blank\" rel=\"noopener\">2017<\/a><\/td>\n<td><a href=\"http:\/\/www.iabc-agility.com\/en\/\" target=\"_blank\" rel=\"noopener\">IABC International All Breeds Cup<\/a><\/td>\n<td><a href=\"http:\/\/www.iabc-agility.com\/en\/\" target=\"_blank\" rel=\"noopener\">CZ<\/a><\/td>\n<td><a href=\"http:\/\/www.iabc-agility.com\/en\/\" target=\"_blank\" rel=\"noopener\">T\u0159ebo\u0148<\/a><\/td>\n<td><a href=\"http:\/\/www.iabc-agility.com\/en\/\" target=\"_blank\" rel=\"noopener\">www<\/a><\/td>\n<\/tr>\n<tr>\n<td><a href=\"http:\/\/en.pirineosdogfestival.com\" target=\"_blank\" rel=\"noopener\">24-26<\/a><\/td>\n<td><a href=\"http:\/\/en.pirineosdogfestival.com\" target=\"_blank\" rel=\"noopener\">06<\/a><\/td>\n<td><a href=\"http:\/\/en.pirineosdogfestival.com\" target=\"_blank\" rel=\"noopener\">2017<\/a><\/td>\n<td><a href=\"http:\/\/en.pirineosdogfestival.com\" target=\"_blank\" rel=\"noopener\">Pirineos Dog Festival<\/a><\/td>\n<td><a href=\"http:\/\/en.pirineosdogfestival.com\" target=\"_blank\" rel=\"noopener\">ES<\/a><\/td>\n<td><a href=\"http:\/\/en.pirineosdogfestival.com\" target=\"_blank\" rel=\"noopener\">Benasque<\/a><\/td>\n<td><a href=\"http:\/\/en.pirineosdogfestival.com\" target=\"_blank\" rel=\"noopener\">www<\/a><\/td>\n<\/tr>\n<tr>\n<td><a href=\"http:\/\/www.moraviaopen.cz\/en\/\" target=\"_blank\" rel=\"noopener\">07-09<\/a><\/td>\n<td><a href=\"http:\/\/www.moraviaopen.cz\/en\/\" target=\"_blank\" rel=\"noopener\">07<\/a><\/td>\n<td><a href=\"http:\/\/www.moraviaopen.cz\/en\/\" target=\"_blank\" rel=\"noopener\">2017<\/a><\/td>\n<td><a href=\"http:\/\/www.moraviaopen.cz\/en\/\" target=\"_blank\" rel=\"noopener\">Moravia Open<\/a><\/td>\n<td><a href=\"http:\/\/www.moraviaopen.cz\/en\/\" target=\"_blank\" rel=\"noopener\">CZ<\/a><\/td>\n<td><a href=\"http:\/\/www.moraviaopen.cz\/en\/\" target=\"_blank\" rel=\"noopener\">Ro\u017enov pod Radho\u0161t\u011bm<\/a><\/td>\n<td><a href=\"http:\/\/www.moraviaopen.cz\/en\/\" target=\"_blank\" rel=\"noopener\">www<\/a><\/td>\n<\/tr>\n<tr>\n<td><a href=\"http:\/\/www.daniacup.dk\" target=\"_blank\" rel=\"noopener\">09-15<\/a><\/td>\n<td><a href=\"http:\/\/www.daniacup.dk\" target=\"_blank\" rel=\"noopener\">07<\/a><\/td>\n<td><a href=\"http:\/\/www.daniacup.dk\" target=\"_blank\" rel=\"noopener\">2017<\/a><\/td>\n<td><a href=\"http:\/\/www.daniacup.dk\" target=\"_blank\" rel=\"noopener\">Dania Cup<\/a><\/td>\n<td><a href=\"http:\/\/www.daniacup.dk\" target=\"_blank\" rel=\"noopener\">DK<\/a><\/td>\n<td><a href=\"http:\/\/www.daniacup.dk\" target=\"_blank\" rel=\"noopener\">Rungsted Kyst<\/a><\/td>\n<td><a href=\"http:\/\/www.daniacup.dk\" target=\"_blank\" rel=\"noopener\">www<\/a><\/td>\n<\/tr>\n<tr>\n<td><a href=\"http:\/\/www.avallon-cup.com\/\" target=\"_blank\" rel=\"noopener\">13-16<\/a><\/td>\n<td><a href=\"http:\/\/www.avallon-cup.com\/\" target=\"_blank\" rel=\"noopener\">07<\/a><\/td>\n<td><a href=\"http:\/\/www.avallon-cup.com\/\" target=\"_blank\" rel=\"noopener\">2017<\/a><\/td>\n<td><a href=\"http:\/\/www.avallon-cup.com\/\" target=\"_blank\" rel=\"noopener\">Avallon Cup<\/a><\/td>\n<td><a href=\"http:\/\/www.avallon-cup.com\/\" target=\"_blank\" rel=\"noopener\">FR<\/a><\/td>\n<td><a href=\"http:\/\/www.avallon-cup.com\/\" target=\"_blank\" rel=\"noopener\">Avallon<\/a><\/td>\n<td><a href=\"http:\/\/www.avallon-cup.com\/\" target=\"_blank\" rel=\"noopener\">www<\/a><\/td>\n<\/tr>\n<tr>\n<td><a href=\"http:\/\/jeo2017.jimdo.com\/\" target=\"_blank\" rel=\"noopener\">13-16<\/a><\/td>\n<td><a href=\"http:\/\/jeo2017.jimdo.com\/\" target=\"_blank\" rel=\"noopener\">07<\/a><\/td>\n<td><a href=\"http:\/\/jeo2017.jimdo.com\/\" target=\"_blank\" rel=\"noopener\">2017<\/a><\/td>\n<td><a href=\"http:\/\/jeo2017.jimdo.com\/\" target=\"_blank\" rel=\"noopener\">EOJ European Open Junior<\/a><\/td>\n<td><a href=\"http:\/\/jeo2017.jimdo.com\/\" target=\"_blank\" rel=\"noopener\">LU<\/a><\/td>\n<td><a href=\"http:\/\/jeo2017.jimdo.com\/\" target=\"_blank\" rel=\"noopener\">Bettembourg<\/a><\/td>\n<td><a href=\"http:\/\/jeo2017.jimdo.com\/\" target=\"_blank\" rel=\"noopener\">www<\/a><\/td>\n<\/tr>\n<tr>\n<td><a href=\"http:\/\/www.eo2017.it\/\" target=\"_blank\" rel=\"noopener\">28-30<\/a><\/td>\n<td><a href=\"http:\/\/www.eo2017.it\/\" target=\"_blank\" rel=\"noopener\">07<\/a><\/td>\n<td><a href=\"http:\/\/www.eo2017.it\/\" target=\"_blank\" rel=\"noopener\">2017<\/a><\/td>\n<td><a href=\"http:\/\/www.eo2017.it\/\" target=\"_blank\" rel=\"noopener\">EO European Open<\/a><\/td>\n<td><a href=\"http:\/\/www.eo2017.it\/\" target=\"_blank\" rel=\"noopener\">IT<\/a><\/td>\n<td><a href=\"http:\/\/www.eo2017.it\/\" target=\"_blank\" rel=\"noopener\">Salice Terme (PV)<\/a><\/td>\n<td><a href=\"http:\/\/www.eo2017.it\/\" target=\"_blank\" rel=\"noopener\">www<\/a><\/td>\n<\/tr>\n<tr>\n<td><a href=\"http:\/\/bcc2017.com\/\" target=\"_blank\" rel=\"noopener\">\u00a04-6<\/a><\/td>\n<td><a href=\"http:\/\/bcc2017.com\/\" target=\"_blank\" rel=\"noopener\">08<\/a><\/td>\n<td><a href=\"http:\/\/bcc2017.com\/\" target=\"_blank\" rel=\"noopener\">2017<\/a><\/td>\n<td><a href=\"http:\/\/bcc2017.com\/\" target=\"_blank\" rel=\"noopener\">BCC Border Collie Classic<\/a><\/td>\n<td><a href=\"http:\/\/bcc2017.com\/\" target=\"_blank\" rel=\"noopener\">UK<\/a><\/td>\n<td><a href=\"http:\/\/bcc2017.com\/\" target=\"_blank\" rel=\"noopener\">Oakham<\/a><\/td>\n<td><a href=\"http:\/\/bcc2017.com\/\" target=\"_blank\" rel=\"noopener\">www<\/a><\/td>\n<\/tr>\n<tr>\n<td><a href=\"http:\/\/www.thekennelclub.org.uk\/events\/international-agility-festival\/\" target=\"_blank\" rel=\"noopener\">10-13<\/a><\/td>\n<td><a href=\"http:\/\/www.thekennelclub.org.uk\/events\/international-agility-festival\/\" target=\"_blank\" rel=\"noopener\">08<\/a><\/td>\n<td><a href=\"http:\/\/www.thekennelclub.org.uk\/events\/international-agility-festival\/\" target=\"_blank\" rel=\"noopener\">2017<\/a><\/td>\n<td><a href=\"http:\/\/www.thekennelclub.org.uk\/events\/international-agility-festival\/\" target=\"_blank\" rel=\"noopener\">KC International Agility Festival<\/a><\/td>\n<td><a href=\"http:\/\/www.thekennelclub.org.uk\/events\/international-agility-festival\/\" target=\"_blank\" rel=\"noopener\">UK<\/a><\/td>\n<td><a href=\"http:\/\/www.thekennelclub.org.uk\/events\/international-agility-festival\/\" target=\"_blank\" rel=\"noopener\">Rockingham<\/a><\/td>\n<td><a href=\"http:\/\/www.thekennelclub.org.uk\/events\/international-agility-festival\/\" target=\"_blank\" rel=\"noopener\">www<\/a><\/td>\n<\/tr>\n<tr>\n<td><a href=\"http:\/\/imca-pawc-austria.org\/\" target=\"_blank\" rel=\"noopener\">24-27<\/a><\/td>\n<td><a href=\"http:\/\/imca-pawc-austria.org\/\" target=\"_blank\" rel=\"noopener\">08<\/a><\/td>\n<td><a href=\"http:\/\/imca-pawc-austria.org\/\" target=\"_blank\" rel=\"noopener\">2017<\/a><\/td>\n<td><a href=\"http:\/\/imca-pawc-austria.org\/\" target=\"_blank\" rel=\"noopener\">IMCA-PAWC<\/a><\/td>\n<td><a href=\"http:\/\/imca-pawc-austria.org\/\" target=\"_blank\" rel=\"noopener\">AT<\/a><\/td>\n<td><a href=\"http:\/\/imca-pawc-austria.org\/\" target=\"_blank\" rel=\"noopener\">Tattendorf<\/a><\/td>\n<td><a href=\"http:\/\/imca-pawc-austria.org\/\" target=\"_blank\" rel=\"noopener\">www<\/a><\/td>\n<\/tr>\n<tr>\n<td><a href=\"http:\/\/www.agility2017.cz\/en\/\" target=\"_blank\" rel=\"noopener\">5-8<\/a><\/td>\n<td><a href=\"http:\/\/www.agility2017.cz\/en\/\" target=\"_blank\" rel=\"noopener\">10<\/a><\/td>\n<td><a href=\"http:\/\/www.agility2017.cz\/en\/\" target=\"_blank\" rel=\"noopener\">2017<\/a><\/td>\n<td><a href=\"http:\/\/www.agility2017.cz\/en\/\" target=\"_blank\" rel=\"noopener\">FCI AWC Agility World Championship<\/a><\/td>\n<td><a href=\"http:\/\/www.agility2017.cz\/en\/\" target=\"_blank\" rel=\"noopener\">CZ<\/a><\/td>\n<td><a href=\"http:\/\/www.agility2017.cz\/en\/\" target=\"_blank\" rel=\"noopener\">Liberec<\/a><\/td>\n<td><a href=\"http:\/\/www.agility2017.cz\/en\/\" target=\"_blank\" rel=\"noopener\">www<\/a><\/td>\n<\/tr>\n<tr>\n<td><a href=\"http:\/\/www.norwegian-open.com\/\" target=\"_blank\" rel=\"noopener\">21-22<\/a><\/td>\n<td><a href=\"http:\/\/www.norwegian-open.com\/\" target=\"_blank\" rel=\"noopener\">10<\/a><\/td>\n<td><a href=\"http:\/\/www.norwegian-open.com\/\" target=\"_blank\" rel=\"noopener\">2017<\/a><\/td>\n<td><a href=\"http:\/\/www.norwegian-open.com\/\" target=\"_blank\" rel=\"noopener\">Norwegian Open<\/a><\/td>\n<td><a href=\"http:\/\/www.norwegian-open.com\/\" target=\"_blank\" rel=\"noopener\">NO<\/a><\/td>\n<td><a href=\"http:\/\/www.norwegian-open.com\/\" target=\"_blank\" rel=\"noopener\">Kongsvinger<\/a><\/td>\n<td><a href=\"http:\/\/www.norwegian-open.com\/\" target=\"_blank\" rel=\"noopener\">www<\/a><\/td>\n<\/tr>\n<tr>\n<td><a href=\"http:\/\/sheltie.run\" target=\"_blank\" rel=\"noopener\">3-5<\/a><\/td>\n<td><a href=\"http:\/\/sheltie.run\" target=\"_blank\" rel=\"noopener\">11<\/a><\/td>\n<td><a href=\"http:\/\/sheltie.run\" target=\"_blank\" rel=\"noopener\">2017<\/a><\/td>\n<td><a href=\"http:\/\/sheltie.run\" target=\"_blank\" rel=\"noopener\">ISAC International Sheltie Agility Championship<\/a><\/td>\n<td><a href=\"http:\/\/sheltie.run\" target=\"_blank\" rel=\"noopener\">BE<\/a><\/td>\n<td><a href=\"http:\/\/sheltie.run\" target=\"_blank\" rel=\"noopener\">Antwerp<\/a><\/td>\n<td><a href=\"http:\/\/sheltie.run\" target=\"_blank\" rel=\"noopener\">www<\/a><\/td>\n<\/tr>\n<tr>\n<td><a href=\"http:\/\/poodle.run\" target=\"_blank\" rel=\"noopener\">11-12<\/a><\/td>\n<td><a href=\"http:\/\/poodle.run\" target=\"_blank\" rel=\"noopener\">11<\/a><\/td>\n<td><a href=\"http:\/\/poodle.run\" target=\"_blank\" rel=\"noopener\">2017<\/a><\/td>\n<td><a href=\"http:\/\/poodle.run\" target=\"_blank\" rel=\"noopener\">IPAC International Poodle Agility Cup<\/a><\/td>\n<td><a href=\"http:\/\/poodle.run\" target=\"_blank\" rel=\"noopener\">IT<\/a><\/td>\n<td><a href=\"http:\/\/poodle.run\" target=\"_blank\" rel=\"noopener\">Soliera (MO)<\/a><\/td>\n<td><a href=\"http:\/\/poodle.run\" target=\"_blank\" rel=\"noopener\">www<\/a><\/td>\n<\/tr>\n<tr>\n<td><a href=\"http:\/\/www.gold-rush-competition.de\" target=\"_blank\" rel=\"noopener\">15-17<\/a><\/td>\n<td><a href=\"http:\/\/www.gold-rush-competition.de\" target=\"_blank\" rel=\"noopener\">12<\/a><\/td>\n<td><a href=\"http:\/\/www.gold-rush-competition.de\" target=\"_blank\" rel=\"noopener\">2017<\/a><\/td>\n<td><a href=\"http:\/\/www.gold-rush-competition.de\" target=\"_blank\" rel=\"noopener\">Gold Rush Competition<\/a><\/td>\n<td><a href=\"http:\/\/www.gold-rush-competition.de\" target=\"_blank\" rel=\"noopener\">DE<\/a><\/td>\n<td><a href=\"http:\/\/www.gold-rush-competition.de\" target=\"_blank\" rel=\"noopener\">W\u00fclfrath<\/a><\/td>\n<td><a href=\"http:\/\/www.gold-rush-competition.de\" target=\"_blank\" rel=\"noopener\">www<\/a><\/td>\n<\/tr>\n<tr>\n<td><\/td>\n<td><\/td>\n<td><\/td>\n<td><\/td>\n<td><\/td>\n<td><\/td>\n<td><\/td>\n<\/tr>\n<\/tbody>\n<\/table>\n<h1><\/h1>\n","protected":false},"excerpt":{"rendered":"<p>2017: Date Month Year Name Location Link 06-08 01 2017 Silesian Open PL Czelad\u017a www 09-12 03 2017 Crufts UK Birmingham www 26-30 04 2017 WAC IFCS World Agility Championships SP Valencia www 26-30 04 2017 FMBB DE Halle (Saale) www 28-01 04\/05 2017 JEAF Jersey European Aglity Festval UK Jersey www 19-21 05 2017 [&hellip;]<\/p>\n","protected":false},"author":2,"featured_media":0,"parent":136,"menu_order":0,"comment_status":"closed","ping_status":"closed","template":"page-rightsidebar.php","meta":[],"yoast_head":"<!-- This site is optimized with the Yoast SEO plugin v15.7 - https:\/\/yoast.com\/wordpress\/plugins\/seo\/ -->\n<meta name=\"robots\" content=\"index, follow, max-snippet:-1, max-image-preview:large, max-video-preview:-1\" \/>\n<link rel=\"canonical\" href=\"https:\/\/agilitynews.eu\/?page_id=4743\" \/>\n<meta property=\"og:locale\" content=\"en_GB\" \/>\n<meta property=\"og:type\" content=\"article\" \/>\n<meta property=\"og:title\" content=\"International-Events 2017 - AGILITYnews.eu\" \/>\n<meta property=\"og:description\" content=\"2017: Date Month Year Name Location Link 06-08 01 2017 Silesian Open PL Czelad\u017a www 09-12 03 2017 Crufts UK Birmingham www 26-30 04 2017 WAC IFCS World Agility Championships SP Valencia www 26-30 04 2017 FMBB DE Halle (Saale) www 28-01 04\/05 2017 JEAF Jersey European Aglity Festval UK Jersey www 19-21 05 2017 [&hellip;]\" \/>\n<meta property=\"og:url\" content=\"https:\/\/agilitynews.eu\/?page_id=4743\" \/>\n<meta property=\"og:site_name\" content=\"AGILITYnews.eu\" \/>\n<meta property=\"article:modified_time\" content=\"2018-01-31T18:25:44+00:00\" \/>\n<meta name=\"twitter:card\" content=\"summary\" \/>\n<meta name=\"twitter:label1\" content=\"Estimated reading time\">\n\t<meta name=\"twitter:data1\" content=\"1 minute\">\n<script type=\"application\/ld+json\" class=\"yoast-schema-graph\">{\"@context\":\"https:\/\/schema.org\",\"@graph\":[{\"@type\":\"WebSite\",\"@id\":\"https:\/\/agilitynews.eu\/#website\",\"url\":\"https:\/\/agilitynews.eu\/\",\"name\":\"AGILITYnews.eu\",\"description\":\"Information and coverage of the most beautiful sport in the world : Agility\",\"potentialAction\":[{\"@type\":\"SearchAction\",\"target\":\"https:\/\/agilitynews.eu\/?s={search_term_string}\",\"query-input\":\"required name=search_term_string\"}],\"inLanguage\":\"en-GB\"},{\"@type\":\"WebPage\",\"@id\":\"https:\/\/agilitynews.eu\/?page_id=4743#webpage\",\"url\":\"https:\/\/agilitynews.eu\/?page_id=4743\",\"name\":\"International-Events 2017 - AGILITYnews.eu\",\"isPartOf\":{\"@id\":\"https:\/\/agilitynews.eu\/#website\"},\"datePublished\":\"2018-01-31T18:23:26+00:00\",\"dateModified\":\"2018-01-31T18:25:44+00:00\",\"inLanguage\":\"en-GB\",\"potentialAction\":[{\"@type\":\"ReadAction\",\"target\":[\"https:\/\/agilitynews.eu\/?page_id=4743\"]}]}]}<\/script>\n<!-- \/ Yoast SEO plugin. -->","_links":{"self":[{"href":"https:\/\/agilitynews.eu\/index.php?rest_route=\/wp\/v2\/pages\/4743"}],"collection":[{"href":"https:\/\/agilitynews.eu\/index.php?rest_route=\/wp\/v2\/pages"}],"about":[{"href":"https:\/\/agilitynews.eu\/index.php?rest_route=\/wp\/v2\/types\/page"}],"author":[{"embeddable":true,"href":"https:\/\/agilitynews.eu\/index.php?rest_route=\/wp\/v2\/users\/2"}],"replies":[{"embeddable":true,"href":"https:\/\/agilitynews.eu\/index.php?rest_route=%2Fwp%2Fv2%2Fcomments&post=4743"}],"version-history":[{"count":3,"href":"https:\/\/agilitynews.eu\/index.php?rest_route=\/wp\/v2\/pages\/4743\/revisions"}],"predecessor-version":[{"id":4746,"href":"https:\/\/agilitynews.eu\/index.php?rest_route=\/wp\/v2\/pages\/4743\/revisions\/4746"}],"up":[{"embeddable":true,"href":"https:\/\/agilitynews.eu\/index.php?rest_route=\/wp\/v2\/pages\/136"}],"wp:attachment":[{"href":"https:\/\/agilitynews.eu\/index.php?rest_route=%2Fwp%2Fv2%2Fmedia&parent=4743"}],"curies":[{"name":"wp","href":"https:\/\/api.w.org\/{rel}","templated":true}]}}