{"id":5039,"date":"2020-02-12T23:24:46","date_gmt":"2020-02-12T22:24:46","guid":{"rendered":"https:\/\/agilitynews.eu\/?page_id=5039"},"modified":"2020-03-23T17:17:59","modified_gmt":"2020-03-23T16:17:59","slug":"international-events-2019","status":"publish","type":"page","link":"https:\/\/agilitynews.eu\/?page_id=5039","title":{"rendered":"International Events 2019"},"content":{"rendered":"<p><a href=\"http:\/\/poodle.run\" target=\"_blank\" rel=\"noopener noreferrer\">11<\/a><a href=\"http:\/\/poodle.run\" target=\"_blank\" rel=\"noopener noreferrer\">2019<\/a><a href=\"http:\/\/poodle.run\" target=\"_blank\" rel=\"noopener noreferrer\">IPAC International Poodle Agility Cup<\/a><a href=\"http:\/\/poodle.run\" target=\"_blank\" rel=\"noopener noreferrer\">DE<\/a><a href=\"http:\/\/poodle.run\" target=\"_blank\" rel=\"noopener noreferrer\">Kalkar<\/a><a href=\"http:\/\/poodle.run\" target=\"_blank\" rel=\"noopener noreferrer\">www<\/a><\/p>\n<table style=\"width: 100%;\">\n<tbody>\n<tr>\n<td width=\"12%\">Date<\/td>\n<td width=\"7%\">Month<\/td>\n<td width=\"6%\">Year<\/td>\n<td width=\"44%\">Name<\/td>\n<td colspan=\"2\" width=\"33%\">Location<\/td>\n<td width=\"10%\">Link<\/td>\n<\/tr>\n<tr>\n<td><a href=\"http:\/\/www.crufts.org.uk\/\" target=\"_blank\" rel=\"noopener noreferrer\">07-10<\/a><\/td>\n<td><a href=\"http:\/\/www.crufts.org.uk\/\" target=\"_blank\" rel=\"noopener noreferrer\">03<\/a><\/td>\n<td><a href=\"http:\/\/www.crufts.org.uk\/\" target=\"_blank\" rel=\"noopener noreferrer\">2019<\/a><\/td>\n<td><a href=\"http:\/\/www.crufts.org.uk\/\" target=\"_blank\" rel=\"noopener noreferrer\">Crufts<\/a><\/td>\n<td><a href=\"http:\/\/www.crufts.org.uk\/\" target=\"_blank\" rel=\"noopener noreferrer\">UK<\/a><\/td>\n<td><a href=\"http:\/\/www.crufts.org.uk\/\" target=\"_blank\" rel=\"noopener noreferrer\">Birmingham<\/a><\/td>\n<td><a href=\"http:\/\/www.crufts.org.uk\/\" target=\"_blank\" rel=\"noopener noreferrer\">www<\/a><\/td>\n<\/tr>\n<tr>\n<td><a href=\"http:\/\/worldagilitychampionship.com\/\" target=\"_blank\" rel=\"noopener noreferrer\">10-14<\/a><\/td>\n<td><a href=\"http:\/\/worldagilitychampionship.com\/\" target=\"_blank\" rel=\"noopener noreferrer\">04<\/a><\/td>\n<td><a href=\"http:\/\/worldagilitychampionship.com\/\" target=\"_blank\" rel=\"noopener noreferrer\">2019<\/a><\/td>\n<td><a href=\"http:\/\/worldagilitychampionship.com\/\" target=\"_blank\" rel=\"noopener noreferrer\">WAC IFCS World Agility Championships<\/a><\/td>\n<td><a href=\"http:\/\/worldagilitychampionship.com\/\" target=\"_blank\" rel=\"noopener noreferrer\">NL<\/a><\/td>\n<td><a href=\"http:\/\/worldagilitychampionship.com\/\" target=\"_blank\" rel=\"noopener noreferrer\">Hellendoorn<\/a><\/td>\n<td><a href=\"http:\/\/worldagilitychampionship.com\/\" target=\"_blank\" rel=\"noopener noreferrer\">www<\/a><\/td>\n<\/tr>\n<tr>\n<td><a href=\"http:\/\/www.jerseyagility.co.uk\/\" target=\"_blank\" rel=\"noopener noreferrer\">03-06<\/a><\/td>\n<td><a href=\"http:\/\/www.jerseyagility.co.uk\/\" target=\"_blank\" rel=\"noopener noreferrer\">05<\/a><\/td>\n<td><a href=\"http:\/\/www.jerseyagility.co.uk\/\" target=\"_blank\" rel=\"noopener noreferrer\">2019<\/a><\/td>\n<td><a href=\"http:\/\/www.jerseyagility.co.uk\/\" target=\"_blank\" rel=\"noopener noreferrer\">JEAF Jersey European Aglity Festval<\/a><\/td>\n<td><a href=\"http:\/\/www.jerseyagility.co.uk\/\" target=\"_blank\" rel=\"noopener noreferrer\">UK<\/a><\/td>\n<td><a href=\"http:\/\/www.jerseyagility.co.uk\/\" target=\"_blank\" rel=\"noopener noreferrer\">Jersey<\/a><\/td>\n<td><a href=\"http:\/\/www.jerseyagility.co.uk\/\" target=\"_blank\" rel=\"noopener noreferrer\">www<\/a><\/td>\n<\/tr>\n<tr>\n<td><a href=\"https:\/\/www.fmbb2019.com\/\" target=\"_blank\" rel=\"noopener noreferrer\">10-12<\/a><\/td>\n<td><a href=\"https:\/\/www.fmbb2019.com\/\" target=\"_blank\" rel=\"noopener noreferrer\">05<\/a><\/td>\n<td><a href=\"https:\/\/www.fmbb2019.com\/\" target=\"_blank\" rel=\"noopener noreferrer\">2019<\/a><\/td>\n<td><a href=\"https:\/\/www.fmbb2019.com\/\" target=\"_blank\" rel=\"noopener noreferrer\">FMBB<\/a><\/td>\n<td><a href=\"https:\/\/www.fmbb2019.com\/\" target=\"_blank\" rel=\"noopener noreferrer\">CZ<\/a><\/td>\n<td><a href=\"https:\/\/www.fmbb2019.com\/\" target=\"_blank\" rel=\"noopener noreferrer\">P\u00edsek<\/a><\/td>\n<td><a href=\"https:\/\/www.fmbb2019.com\/\" target=\"_blank\" rel=\"noopener noreferrer\">www<\/a><\/td>\n<\/tr>\n<tr>\n<td><a href=\"https:\/\/adaa.dog\/\" target=\"_blank\" rel=\"noopener noreferrer\">14<\/a><\/td>\n<td><a href=\"https:\/\/adaa.dog\/\" target=\"_blank\" rel=\"noopener noreferrer\">05<\/a><\/td>\n<td><a href=\"https:\/\/adaa.dog\/\" target=\"_blank\" rel=\"noopener noreferrer\">2019<\/a><\/td>\n<td><a href=\"https:\/\/adaa.dog\/\" target=\"_blank\" rel=\"noopener noreferrer\">ADAO Pro Plan Asian Dog Agility Open 2019<\/a><\/td>\n<td><a href=\"https:\/\/adaa.dog\/\" target=\"_blank\" rel=\"noopener noreferrer\">NL<\/a><\/td>\n<td><a href=\"https:\/\/adaa.dog\/\" target=\"_blank\" rel=\"noopener noreferrer\">Hoogerheide<\/a><\/td>\n<td><a href=\"https:\/\/adaa.dog\/\" target=\"_blank\" rel=\"noopener noreferrer\">www<\/a><\/td>\n<\/tr>\n<tr>\n<td><a href=\"http:\/\/pilisopen.hu\" target=\"_blank\" rel=\"noopener noreferrer\">14-16<\/a><\/td>\n<td><a href=\"http:\/\/pilisopen.hu\" target=\"_blank\" rel=\"noopener noreferrer\">06<\/a><\/td>\n<td><a href=\"http:\/\/pilisopen.hu\" target=\"_blank\" rel=\"noopener noreferrer\">2019<\/a><\/td>\n<td><a href=\"http:\/\/pilisopen.hu\" target=\"_blank\" rel=\"noopener noreferrer\">Pilis Open<\/a><\/td>\n<td><a href=\"http:\/\/pilisopen.hu\" target=\"_blank\" rel=\"noopener noreferrer\">HU<\/a><\/td>\n<td><a href=\"http:\/\/pilisopen.hu\" target=\"_blank\" rel=\"noopener noreferrer\">Budapest<\/a><\/td>\n<td><a href=\"http:\/\/pilisopen.hu\" target=\"_blank\" rel=\"noopener noreferrer\">www<\/a><\/td>\n<\/tr>\n<tr>\n<td><a href=\"http:\/\/www.worldagilityopen.com\" target=\"_blank\" rel=\"noopener noreferrer\">17-19<\/a><\/td>\n<td><a href=\"http:\/\/www.worldagilityopen.com\" target=\"_blank\" rel=\"noopener noreferrer\">05<\/a><\/td>\n<td><a href=\"http:\/\/www.worldagilityopen.com\" target=\"_blank\" rel=\"noopener noreferrer\">2019<\/a><\/td>\n<td><a href=\"http:\/\/www.worldagilityopen.com\" target=\"_blank\" rel=\"noopener noreferrer\">WAO World Agility Open Championship<\/a><\/td>\n<td><a href=\"http:\/\/www.worldagilityopen.com\" target=\"_blank\" rel=\"noopener noreferrer\">NL<\/a><\/td>\n<td><a href=\"http:\/\/www.worldagilityopen.com\" target=\"_blank\" rel=\"noopener noreferrer\"> Ermelo<\/a><\/td>\n<td><a href=\"http:\/\/www.worldagilityopen.com\" target=\"_blank\" rel=\"noopener noreferrer\">www<\/a><\/td>\n<\/tr>\n<tr>\n<td><a href=\"https:\/\/www.alpineagilityopen.it\/en\" target=\"_blank\" rel=\"noopener noreferrer\">14-16<\/a><\/td>\n<td><a href=\"https:\/\/www.alpineagilityopen.it\/en\" target=\"_blank\" rel=\"noopener noreferrer\">06<\/a><\/td>\n<td><a href=\"https:\/\/www.alpineagilityopen.it\/en\" target=\"_blank\" rel=\"noopener noreferrer\">2019<\/a><\/td>\n<td><a href=\"https:\/\/www.alpineagilityopen.it\/en\" target=\"_blank\" rel=\"noopener noreferrer\">Alpine Agility Open<\/a><\/td>\n<td><a href=\"https:\/\/www.alpineagilityopen.it\/en\" target=\"_blank\" rel=\"noopener noreferrer\">IT<\/a><\/td>\n<td><a href=\"https:\/\/www.alpineagilityopen.it\/en\" target=\"_blank\" rel=\"noopener noreferrer\">Pragelato (TO)<\/a><\/td>\n<td><a href=\"https:\/\/www.alpineagilityopen.it\/en\" target=\"_blank\" rel=\"noopener noreferrer\">www<\/a><\/td>\n<\/tr>\n<tr>\n<td><a href=\"http:\/\/www.moraviaopen.cz\/en\/\" target=\"_blank\" rel=\"noopener noreferrer\">05-07<\/a><\/td>\n<td><a href=\"http:\/\/www.moraviaopen.cz\/en\/\" target=\"_blank\" rel=\"noopener noreferrer\">07<\/a><\/td>\n<td><a href=\"http:\/\/www.moraviaopen.cz\/en\/\" target=\"_blank\" rel=\"noopener noreferrer\">2019<\/a><\/td>\n<td><a href=\"http:\/\/www.moraviaopen.cz\/en\/\" target=\"_blank\" rel=\"noopener noreferrer\">Moravia Open<\/a><\/td>\n<td><a href=\"http:\/\/www.moraviaopen.cz\/en\/\" target=\"_blank\" rel=\"noopener noreferrer\">CZ<\/a><\/td>\n<td><a href=\"http:\/\/www.moraviaopen.cz\/en\/\" target=\"_blank\" rel=\"noopener noreferrer\">Ro\u017enov pod Radho\u0161t\u011bm<\/a><\/td>\n<td><a href=\"http:\/\/www.moraviaopen.cz\/en\/\" target=\"_blank\" rel=\"noopener noreferrer\">www<\/a><\/td>\n<\/tr>\n<tr>\n<td><a href=\"https:\/\/www.jeo2019.com\/en\/\" target=\"_blank\" rel=\"noopener noreferrer\">12-14<\/a><\/td>\n<td><a href=\"https:\/\/www.jeo2019.com\/en\/\" target=\"_blank\" rel=\"noopener noreferrer\">07<\/a><\/td>\n<td><a href=\"https:\/\/www.jeo2019.com\/en\/\" target=\"_blank\" rel=\"noopener noreferrer\">2019<\/a><\/td>\n<td><a href=\"https:\/\/www.jeo2019.com\/en\/\" target=\"_blank\" rel=\"noopener noreferrer\">European Open Junior<\/a><\/td>\n<td><a href=\"https:\/\/www.jeo2019.com\/en\/\" target=\"_blank\" rel=\"noopener noreferrer\">CH<\/a><\/td>\n<td><a href=\"https:\/\/www.jeo2019.com\/en\/\" target=\"_blank\" rel=\"noopener noreferrer\">Kreuzlingen<\/a><\/td>\n<td><a href=\"https:\/\/www.jeo2019.com\/en\/\" target=\"_blank\" rel=\"noopener noreferrer\">www<\/a><\/td>\n<\/tr>\n<tr>\n<td><a href=\"http:\/\/www.agility-zuerisee-cup.ch\/agility-zuerisee-cup.che.html\" target=\"_blank\" rel=\"noopener noreferrer\">19-21<\/a><\/td>\n<td><a href=\"http:\/\/www.agility-zuerisee-cup.ch\/agility-zuerisee-cup.che.html\" target=\"_blank\" rel=\"noopener noreferrer\">07<\/a><\/td>\n<td><a href=\"http:\/\/www.agility-zuerisee-cup.ch\/agility-zuerisee-cup.che.html\" target=\"_blank\" rel=\"noopener noreferrer\">2019<\/a><\/td>\n<td><a href=\"http:\/\/www.agility-zuerisee-cup.ch\/agility-zuerisee-cup.che.html\" target=\"_blank\" rel=\"noopener noreferrer\">Agility Z\u00fcrisee Cup<\/a><\/td>\n<td><a href=\"http:\/\/www.agility-zuerisee-cup.ch\/agility-zuerisee-cup.che.html\" target=\"_blank\" rel=\"noopener noreferrer\">CH<\/a><\/td>\n<td><a href=\"http:\/\/www.agility-zuerisee-cup.ch\/agility-zuerisee-cup.che.html\" target=\"_blank\" rel=\"noopener noreferrer\">W\u00e4denswil<\/a><\/td>\n<td><a href=\"http:\/\/www.agility-zuerisee-cup.ch\/agility-zuerisee-cup.che.html\" target=\"_blank\" rel=\"noopener noreferrer\">www<\/a><\/td>\n<\/tr>\n<tr>\n<td><a href=\"http:\/\/EO2019.eu\" target=\"_blank\" rel=\"noopener noreferrer\">26-28<\/a><\/td>\n<td><a href=\"http:\/\/EO2019.eu\" target=\"_blank\" rel=\"noopener noreferrer\">07<\/a><\/td>\n<td><a href=\"http:\/\/EO2019.eu\" target=\"_blank\" rel=\"noopener noreferrer\">2019<\/a><\/td>\n<td><a href=\"http:\/\/EO2019.eu\" target=\"_blank\" rel=\"noopener noreferrer\">European Open<\/a><\/td>\n<td><a href=\"http:\/\/EO2019.eu\" target=\"_blank\" rel=\"noopener noreferrer\">NL<\/a><\/td>\n<td><a href=\"http:\/\/EO2019.eu\" target=\"_blank\" rel=\"noopener noreferrer\">Arnhem<\/a><\/td>\n<td><a href=\"http:\/\/EO2019.eu\" target=\"_blank\" rel=\"noopener noreferrer\">www<\/a><\/td>\n<\/tr>\n<tr>\n<td><a href=\"https:\/\/bcc2019.stena.de\/\" target=\"_blank\" rel=\"noopener noreferrer\">02-04<\/a><\/td>\n<td><a href=\"https:\/\/bcc2019.stena.de\/\" target=\"_blank\" rel=\"noopener noreferrer\">08<\/a><\/td>\n<td><a href=\"https:\/\/bcc2019.stena.de\/\" target=\"_blank\" rel=\"noopener noreferrer\">2019<\/a><\/td>\n<td><a href=\"https:\/\/bcc2019.stena.de\/\" target=\"_blank\" rel=\"noopener noreferrer\">BCC Border Collie Classic<\/a><\/td>\n<td><a href=\"https:\/\/bcc2019.stena.de\/\" target=\"_blank\" rel=\"noopener noreferrer\">DE<\/a><\/td>\n<td><a href=\"https:\/\/bcc2019.stena.de\/\" target=\"_blank\" rel=\"noopener noreferrer\">26629 Timmel<\/a><\/td>\n<td><a href=\"https:\/\/bcc2019.stena.de\/\" target=\"_blank\" rel=\"noopener noreferrer\">www<\/a><\/td>\n<\/tr>\n<tr>\n<td><a href=\"http:\/\/www.swissagilitycup.ch\/\" target=\"_blank\" rel=\"noopener noreferrer\">04-10<\/a><\/td>\n<td><a href=\"http:\/\/www.swissagilitycup.ch\/\" target=\"_blank\" rel=\"noopener noreferrer\">08<\/a><\/td>\n<td><a href=\"http:\/\/www.swissagilitycup.ch\/\" target=\"_blank\" rel=\"noopener noreferrer\">2019<\/a><\/td>\n<td><a href=\"http:\/\/www.swissagilitycup.ch\/\" target=\"_blank\" rel=\"noopener noreferrer\">Swiss Agility Cup<\/a><\/td>\n<td><a href=\"http:\/\/www.swissagilitycup.ch\/\" target=\"_blank\" rel=\"noopener noreferrer\">CH<\/a><\/td>\n<td><a href=\"http:\/\/www.thekennelclub.org.uk\/events\/international-agility-festival\/\" target=\"_blank\" rel=\"noopener noreferrer\">Fr\u00e4schels<\/a><\/td>\n<td><a href=\"http:\/\/www.swissagilitycup.ch\/\" target=\"_blank\" rel=\"noopener noreferrer\">www<\/a><\/td>\n<\/tr>\n<tr>\n<td><a href=\"http:\/\/www.thekennelclub.org.uk\/events\/international-agility-festival\/\" target=\"_blank\" rel=\"noopener noreferrer\">08-11<\/a><\/td>\n<td><a href=\"http:\/\/www.thekennelclub.org.uk\/events\/international-agility-festival\/\" target=\"_blank\" rel=\"noopener noreferrer\">08<\/a><\/td>\n<td><a href=\"http:\/\/www.thekennelclub.org.uk\/events\/international-agility-festival\/\" target=\"_blank\" rel=\"noopener noreferrer\">2019<\/a><\/td>\n<td><a href=\"http:\/\/www.thekennelclub.org.uk\/events\/international-agility-festival\/\" target=\"_blank\" rel=\"noopener noreferrer\">KC International Agility Festival<\/a><\/td>\n<td><a href=\"http:\/\/www.thekennelclub.org.uk\/events\/international-agility-festival\/\" target=\"_blank\" rel=\"noopener noreferrer\">UK<\/a><\/td>\n<td><a href=\"http:\/\/www.thekennelclub.org.uk\/events\/international-agility-festival\/\" target=\"_blank\" rel=\"noopener noreferrer\">Rockingham<\/a><\/td>\n<td><a href=\"http:\/\/www.thekennelclub.org.uk\/events\/international-agility-festival\/\" target=\"_blank\" rel=\"noopener noreferrer\">www<\/a><\/td>\n<\/tr>\n<tr>\n<td><a href=\"http:\/\/rialp.run\" target=\"_blank\" rel=\"noopener noreferrer\">7-11<\/a><\/td>\n<td><a href=\"http:\/\/rialp.run\" target=\"_blank\" rel=\"noopener noreferrer\">08<\/a><\/td>\n<td><a href=\"http:\/\/rialp.run\" target=\"_blank\" rel=\"noopener noreferrer\">2019<\/a><\/td>\n<td><a href=\"http:\/\/rialp.run\" target=\"_blank\" rel=\"noopener noreferrer\">Rialp Summer Agility Competition<\/a><\/td>\n<td><a href=\"http:\/\/rialp.run\" target=\"_blank\" rel=\"noopener noreferrer\">ES<\/a><\/td>\n<td><a href=\"http:\/\/rialp.run\" target=\"_blank\" rel=\"noopener noreferrer\">Rialp<\/a><\/td>\n<td><a href=\"http:\/\/rialp.run\" target=\"_blank\" rel=\"noopener noreferrer\">www<\/a><\/td>\n<\/tr>\n<tr>\n<td><a href=\"http:\/\/imcapawc2019.es\/\" target=\"_blank\" rel=\"noopener noreferrer\">22-25<\/a><\/td>\n<td><a href=\"http:\/\/imcapawc2019.es\/\" target=\"_blank\" rel=\"noopener noreferrer\">08<\/a><\/td>\n<td><a href=\"http:\/\/imcapawc2019.es\/\" target=\"_blank\" rel=\"noopener noreferrer\">2019<\/a><\/td>\n<td><a href=\"http:\/\/imcapawc2019.es\/\" target=\"_blank\" rel=\"noopener noreferrer\">IMCA\/PAWC<\/a><\/td>\n<td><a href=\"http:\/\/imcapawc2019.es\/\" target=\"_blank\" rel=\"noopener noreferrer\">ES<\/a><\/td>\n<td><a href=\"http:\/\/imcapawc2019.es\/\" target=\"_blank\" rel=\"noopener noreferrer\">Valencia<\/a><\/td>\n<td><a href=\"http:\/\/imcapawc2019.es\/\" target=\"_blank\" rel=\"noopener noreferrer\">www<\/a><\/td>\n<\/tr>\n<tr>\n<td><a href=\"https:\/\/www.iartchampionship.org\/en\/\" target=\"_blank\" rel=\"noopener noreferrer\">24-25<\/a><\/td>\n<td><a href=\"https:\/\/www.iartchampionship.org\/en\/\" target=\"_blank\" rel=\"noopener noreferrer\">08<\/a><\/td>\n<td><a href=\"https:\/\/www.iartchampionship.org\/en\/\" target=\"_blank\" rel=\"noopener noreferrer\">2019<\/a><\/td>\n<td><a href=\"https:\/\/www.iartchampionship.org\/en\/\" target=\"_blank\" rel=\"noopener noreferrer\">IART International Agility Russel Terrier<\/a><\/td>\n<td><a href=\"https:\/\/www.iartchampionship.org\/en\/\" target=\"_blank\" rel=\"noopener noreferrer\">IT<\/a><\/td>\n<td><a href=\"https:\/\/www.iartchampionship.org\/en\/\" target=\"_blank\" rel=\"noopener noreferrer\">Verona<\/a><\/td>\n<td><a href=\"https:\/\/www.iartchampionship.org\/en\/\" target=\"_blank\" rel=\"noopener noreferrer\">www<\/a><\/td>\n<\/tr>\n<tr>\n<td><a href=\"http:\/\/en.pirineosdogfestival.com\/\" target=\"_blank\" rel=\"noopener noreferrer\">24-01<\/a><\/td>\n<td><a href=\"http:\/\/en.pirineosdogfestival.com\/\" target=\"_blank\" rel=\"noopener noreferrer\">08\/09<\/a><\/td>\n<td><a href=\"http:\/\/en.pirineosdogfestival.com\/\" target=\"_blank\" rel=\"noopener noreferrer\">2019<\/a><\/td>\n<td><a href=\"http:\/\/en.pirineosdogfestival.com\/\" target=\"_blank\" rel=\"noopener noreferrer\">Pirineos Dog Festival<\/a><\/td>\n<td><a href=\"http:\/\/en.pirineosdogfestival.com\/\" target=\"_blank\" rel=\"noopener noreferrer\">ES<\/a><\/td>\n<td><a href=\"http:\/\/en.pirineosdogfestival.com\/\" target=\"_blank\" rel=\"noopener noreferrer\">Biescas<\/a><\/td>\n<td><a href=\"http:\/\/en.pirineosdogfestival.com\/\" target=\"_blank\" rel=\"noopener noreferrer\">www<\/a><\/td>\n<\/tr>\n<tr>\n<td><a href=\"http:\/\/awc2019.fi\/\" target=\"_blank\" rel=\"noopener noreferrer\">19-22<\/a><\/td>\n<td><a href=\"http:\/\/awc2019.fi\/\" target=\"_blank\" rel=\"noopener noreferrer\">09<\/a><\/td>\n<td><a href=\"http:\/\/awc2019.fi\/\" target=\"_blank\" rel=\"noopener noreferrer\">2019<\/a><\/td>\n<td><a href=\"http:\/\/awc2019.fi\/\" target=\"_blank\" rel=\"noopener noreferrer\">FCI AWC Agility World Championship<\/a><\/td>\n<td><a href=\"http:\/\/awc2019.fi\/\" target=\"_blank\" rel=\"noopener noreferrer\">FI<\/a><\/td>\n<td><a href=\"http:\/\/awc2019.fi\/\" target=\"_blank\" rel=\"noopener noreferrer\">Turku<\/a><\/td>\n<td><a href=\"http:\/\/awc2019.fi\/\" target=\"_blank\" rel=\"noopener noreferrer\">www<\/a><\/td>\n<\/tr>\n<tr>\n<td><a href=\"http:\/\/www.norwegian-open.com\/\" target=\"_blank\" rel=\"noopener noreferrer\">11-13<\/a><\/td>\n<td><a href=\"http:\/\/www.norwegian-open.com\/\" target=\"_blank\" rel=\"noopener noreferrer\">10<\/a><\/td>\n<td><a href=\"http:\/\/www.norwegian-open.com\/\" target=\"_blank\" rel=\"noopener noreferrer\">2019<\/a><\/td>\n<td><a href=\"http:\/\/www.norwegian-open.com\/\" target=\"_blank\" rel=\"noopener noreferrer\">Norwegian Open<\/a><\/td>\n<td><a href=\"http:\/\/www.norwegian-open.com\/\" target=\"_blank\" rel=\"noopener noreferrer\">NO<\/a><\/td>\n<td><a href=\"http:\/\/www.norwegian-open.com\/\" target=\"_blank\" rel=\"noopener noreferrer\">Kongsvinger<\/a><\/td>\n<td><a href=\"http:\/\/www.norwegian-open.com\/\" target=\"_blank\" rel=\"noopener noreferrer\">www<\/a><\/td>\n<\/tr>\n<tr>\n<td><a href=\"http:\/\/www.isac2018.com\/\" target=\"_blank\" rel=\"noopener noreferrer\">1-3<\/a><\/td>\n<td><a href=\"http:\/\/www.isac2018.com\/\" target=\"_blank\" rel=\"noopener noreferrer\">11<\/a><\/td>\n<td><a href=\"http:\/\/www.isac2018.com\/\" target=\"_blank\" rel=\"noopener noreferrer\">2019<\/a><\/td>\n<td><a href=\"http:\/\/www.isac2018.com\/\" target=\"_blank\" rel=\"noopener noreferrer\">ISAC International Sheltie Agility Championship<\/a><\/td>\n<td><a href=\"http:\/\/www.isac2018.com\/\" target=\"_blank\" rel=\"noopener noreferrer\">CH<\/a><\/td>\n<td><a href=\"http:\/\/www.isac2018.com\/\" target=\"_blank\" rel=\"noopener noreferrer\">Fr\u00e4schels<\/a><\/td>\n<td><a href=\"http:\/\/www.isac2018.com\/\" target=\"_blank\" rel=\"noopener noreferrer\">www<\/a><\/td>\n<\/tr>\n<tr>\n<td><a href=\"http:\/\/xbionicagility.sk\/\" target=\"_blank\" rel=\"noopener noreferrer\">08-10<\/a><\/td>\n<td><a href=\"http:\/\/xbionicagility.sk\/\" target=\"_blank\" rel=\"noopener noreferrer\">11<\/a><\/td>\n<td><a href=\"http:\/\/xbionicagility.sk\/\" target=\"_blank\" rel=\"noopener noreferrer\">2019<\/a><\/td>\n<td><a href=\"http:\/\/xbionicagility.sk\/\" target=\"_blank\" rel=\"noopener noreferrer\">X-Bionic Agility Open<\/a><\/td>\n<td><a href=\"http:\/\/xbionicagility.sk\/\" target=\"_blank\" rel=\"noopener noreferrer\">SK<\/a><\/td>\n<td><a href=\"http:\/\/xbionicagility.sk\/\" target=\"_blank\" rel=\"noopener noreferrer\">Samorin<\/a><\/td>\n<td><a href=\"http:\/\/xbionicagility.sk\/\" target=\"_blank\" rel=\"noopener noreferrer\">www<\/a><\/td>\n<\/tr>\n<\/tbody>\n<\/table>\n","protected":false},"excerpt":{"rendered":"<p>112019IPAC International Poodle Agility CupDEKalkarwww Date Month Year Name Location Link 07-10 03 2019 Crufts UK Birmingham www 10-14 04 2019 WAC IFCS World Agility Championships NL Hellendoorn www 03-06 05 2019 JEAF Jersey European Aglity Festval UK Jersey www 10-12 05 2019 FMBB CZ P\u00edsek www 14 05 2019 ADAO Pro Plan Asian Dog [&hellip;]<\/p>\n","protected":false},"author":2,"featured_media":0,"parent":136,"menu_order":0,"comment_status":"closed","ping_status":"closed","template":"","meta":[],"yoast_head":"<!-- This site is optimized with the Yoast SEO plugin v15.7 - https:\/\/yoast.com\/wordpress\/plugins\/seo\/ -->\n<meta name=\"robots\" content=\"index, follow, max-snippet:-1, max-image-preview:large, max-video-preview:-1\" \/>\n<link rel=\"canonical\" href=\"https:\/\/agilitynews.eu\/?page_id=5039\" \/>\n<meta property=\"og:locale\" content=\"en_GB\" \/>\n<meta property=\"og:type\" content=\"article\" \/>\n<meta property=\"og:title\" content=\"International Events 2019 - AGILITYnews.eu\" \/>\n<meta property=\"og:description\" content=\"112019IPAC International Poodle Agility CupDEKalkarwww Date Month Year Name Location Link 07-10 03 2019 Crufts UK Birmingham www 10-14 04 2019 WAC IFCS World Agility Championships NL Hellendoorn www 03-06 05 2019 JEAF Jersey European Aglity Festval UK Jersey www 10-12 05 2019 FMBB CZ P\u00edsek www 14 05 2019 ADAO Pro Plan Asian Dog [&hellip;]\" \/>\n<meta property=\"og:url\" content=\"https:\/\/agilitynews.eu\/?page_id=5039\" \/>\n<meta property=\"og:site_name\" content=\"AGILITYnews.eu\" \/>\n<meta property=\"article:modified_time\" content=\"2020-03-23T16:17:59+00:00\" \/>\n<meta name=\"twitter:card\" content=\"summary\" \/>\n<meta name=\"twitter:label1\" content=\"Estimated reading time\">\n\t<meta name=\"twitter:data1\" content=\"1 minute\">\n<script type=\"application\/ld+json\" class=\"yoast-schema-graph\">{\"@context\":\"https:\/\/schema.org\",\"@graph\":[{\"@type\":\"WebSite\",\"@id\":\"https:\/\/agilitynews.eu\/#website\",\"url\":\"https:\/\/agilitynews.eu\/\",\"name\":\"AGILITYnews.eu\",\"description\":\"Information and coverage of the most beautiful sport in the world : Agility\",\"potentialAction\":[{\"@type\":\"SearchAction\",\"target\":\"https:\/\/agilitynews.eu\/?s={search_term_string}\",\"query-input\":\"required name=search_term_string\"}],\"inLanguage\":\"en-GB\"},{\"@type\":\"WebPage\",\"@id\":\"https:\/\/agilitynews.eu\/?page_id=5039#webpage\",\"url\":\"https:\/\/agilitynews.eu\/?page_id=5039\",\"name\":\"International Events 2019 - AGILITYnews.eu\",\"isPartOf\":{\"@id\":\"https:\/\/agilitynews.eu\/#website\"},\"datePublished\":\"2020-02-12T22:24:46+00:00\",\"dateModified\":\"2020-03-23T16:17:59+00:00\",\"inLanguage\":\"en-GB\",\"potentialAction\":[{\"@type\":\"ReadAction\",\"target\":[\"https:\/\/agilitynews.eu\/?page_id=5039\"]}]}]}<\/script>\n<!-- \/ Yoast SEO plugin. -->","_links":{"self":[{"href":"https:\/\/agilitynews.eu\/index.php?rest_route=\/wp\/v2\/pages\/5039"}],"collection":[{"href":"https:\/\/agilitynews.eu\/index.php?rest_route=\/wp\/v2\/pages"}],"about":[{"href":"https:\/\/agilitynews.eu\/index.php?rest_route=\/wp\/v2\/types\/page"}],"author":[{"embeddable":true,"href":"https:\/\/agilitynews.eu\/index.php?rest_route=\/wp\/v2\/users\/2"}],"replies":[{"embeddable":true,"href":"https:\/\/agilitynews.eu\/index.php?rest_route=%2Fwp%2Fv2%2Fcomments&post=5039"}],"version-history":[{"count":5,"href":"https:\/\/agilitynews.eu\/index.php?rest_route=\/wp\/v2\/pages\/5039\/revisions"}],"predecessor-version":[{"id":5059,"href":"https:\/\/agilitynews.eu\/index.php?rest_route=\/wp\/v2\/pages\/5039\/revisions\/5059"}],"up":[{"embeddable":true,"href":"https:\/\/agilitynews.eu\/index.php?rest_route=\/wp\/v2\/pages\/136"}],"wp:attachment":[{"href":"https:\/\/agilitynews.eu\/index.php?rest_route=%2Fwp%2Fv2%2Fmedia&parent=5039"}],"curies":[{"name":"wp","href":"https:\/\/api.w.org\/{rel}","templated":true}]}}