{"id":5340,"date":"2022-01-21T22:28:59","date_gmt":"2022-01-21T21:28:59","guid":{"rendered":"https:\/\/agilitynews.eu\/?page_id=5340"},"modified":"2022-01-21T22:28:59","modified_gmt":"2022-01-21T21:28:59","slug":"international-events-2021","status":"publish","type":"page","link":"https:\/\/agilitynews.eu\/?page_id=5340","title":{"rendered":"International Events 2021"},"content":{"rendered":"<h1>Due to a pandemic caused by a Corona virus most of the events had been cancelled<\/h1>\n<h1>2020:<\/h1>\n<h1>2021:<\/h1>\n<table style=\"width: 100%;\">\n<tbody>\n<tr>\n<td width=\"12%\">Date<\/td>\n<td width=\"7%\">Month<\/td>\n<td width=\"6%\">Year<\/td>\n<td width=\"44%\">Name<\/td>\n<td colspan=\"2\" width=\"33%\">Location<\/td>\n<td width=\"10%\">Link<\/td>\n<\/tr>\n<tr>\n<td><del>11-16<\/del><\/td>\n<td><del>05<\/del><\/td>\n<td><del>2021<\/del><\/td>\n<td><del>FMBB<\/del><\/td>\n<td><del>GR<\/del><\/td>\n<td><del>Karpenissi<\/del><\/td>\n<td><\/td>\n<\/tr>\n<tr>\n<td><a href=\"https:\/\/www.alpineagilityopen.it\/en\" target=\"_blank\" rel=\"noopener noreferrer\">1<del>8-20<\/del><\/a><\/td>\n<td><del><a href=\"https:\/\/www.alpineagilityopen.it\/en\" target=\"_blank\" rel=\"noopener noreferrer\">06<\/a><\/del><\/td>\n<td><del><a href=\"https:\/\/www.alpineagilityopen.it\/en\" target=\"_blank\" rel=\"noopener noreferrer\">2021<\/a><\/del><\/td>\n<td><del><a href=\"https:\/\/www.alpineagilityopen.it\/en\" target=\"_blank\" rel=\"noopener noreferrer\">Alpine Agility Open<\/a><\/del><\/td>\n<td><del><a href=\"https:\/\/www.alpineagilityopen.it\/en\" target=\"_blank\" rel=\"noopener noreferrer\">IT<\/a><\/del><\/td>\n<td><del><a href=\"https:\/\/www.alpineagilityopen.it\/en\" target=\"_blank\" rel=\"noopener noreferrer\">Pragelato (TO)<\/a><\/del><\/td>\n<td><del><a href=\"https:\/\/www.alpineagilityopen.it\/en\" target=\"_blank\" rel=\"noopener noreferrer\">www<\/a><\/del><\/td>\n<\/tr>\n<tr>\n<td><a href=\"http:\/\/www.moraviaopen.cz\/en\/\" target=\"_blank\" rel=\"noopener noreferrer\">02-04<\/a><\/td>\n<td><a href=\"http:\/\/www.moraviaopen.cz\/en\/\" target=\"_blank\" rel=\"noopener noreferrer\">07<\/a><\/td>\n<td><a href=\"http:\/\/www.moraviaopen.cz\/en\/\" target=\"_blank\" rel=\"noopener noreferrer\">2021<\/a><\/td>\n<td><a href=\"http:\/\/www.moraviaopen.cz\/en\/\" target=\"_blank\" rel=\"noopener noreferrer\">Moravia Open<\/a><\/td>\n<td><a href=\"http:\/\/www.moraviaopen.cz\/en\/\" target=\"_blank\" rel=\"noopener noreferrer\">CZ<\/a><\/td>\n<td><a href=\"http:\/\/www.moraviaopen.cz\/en\/\" target=\"_blank\" rel=\"noopener noreferrer\">Ro\u017enov pod Radho\u0161t\u011bm<\/a><\/td>\n<td><a href=\"http:\/\/www.moraviaopen.cz\/en\/\" target=\"_blank\" rel=\"noopener noreferrer\">www<\/a><\/td>\n<\/tr>\n<tr>\n<td><a href=\"http:\/\/slovenianopen.dog\/\" target=\"_blank\" rel=\"noopener noreferrer\">09-11<\/a><\/td>\n<td><a href=\"http:\/\/slovenianopen.dog\/\" target=\"_blank\" rel=\"noopener noreferrer\">07<\/a><\/td>\n<td><a href=\"http:\/\/slovenianopen.dog\/\" target=\"_blank\" rel=\"noopener noreferrer\">2021<\/a><\/td>\n<td><a href=\"http:\/\/slovenianopen.dog\/\" target=\"_blank\" rel=\"noopener noreferrer\">Slovenian Agility Open<\/a><\/td>\n<td><a href=\"http:\/\/slovenianopen.dog\/\" target=\"_blank\" rel=\"noopener noreferrer\">SI<\/a><\/td>\n<td><a href=\"http:\/\/slovenianopen.dog\/\" target=\"_blank\" rel=\"noopener noreferrer\">Ptuj<\/a><\/td>\n<td><a href=\"http:\/\/slovenianopen.dog\/\" target=\"_blank\" rel=\"noopener noreferrer\">www<\/a><\/td>\n<\/tr>\n<tr>\n<td><a href=\"http:\/\/www.denmark-open.dk\/\" target=\"_blank\" rel=\"noopener noreferrer\"><del>08-11<\/del><\/a><\/td>\n<td><del><a href=\"http:\/\/www.denmark-open.dk\/\" target=\"_blank\" rel=\"noopener noreferrer\">07<\/a><\/del><\/td>\n<td><del><a href=\"http:\/\/www.denmark-open.dk\/\" target=\"_blank\" rel=\"noopener noreferrer\">2021<\/a><\/del><\/td>\n<td><del><a href=\"http:\/\/www.denmark-open.dk\/\" target=\"_blank\" rel=\"noopener noreferrer\">Denmark Open<\/a><\/del><\/td>\n<td><del><a href=\"http:\/\/www.denmark-open.dk\/\" target=\"_blank\" rel=\"noopener noreferrer\">DK<\/a><\/del><\/td>\n<td><del><a href=\"http:\/\/www.denmark-open.dk\/\" target=\"_blank\" rel=\"noopener noreferrer\">Helsing\u00f8r<\/a><\/del><\/td>\n<td><del><a href=\"http:\/\/www.denmark-open.dk\/\" target=\"_blank\" rel=\"noopener noreferrer\">www<\/a><\/del><\/td>\n<\/tr>\n<tr>\n<td><del><a href=\"https:\/\/www.avallon-cup.fr\/\" target=\"_blank\" rel=\"noopener noreferrer\">15-18<\/a><\/del><\/td>\n<td><del><a href=\"https:\/\/www.avallon-cup.fr\/\" target=\"_blank\" rel=\"noopener noreferrer\">07<\/a><\/del><\/td>\n<td><del><a href=\"https:\/\/www.avallon-cup.fr\/\" target=\"_blank\" rel=\"noopener noreferrer\">2021<\/a><\/del><\/td>\n<td><del><a href=\"https:\/\/www.avallon-cup.fr\/\" target=\"_blank\" rel=\"noopener noreferrer\">Avallon Cup<\/a><\/del><\/td>\n<td><del><a href=\"https:\/\/www.avallon-cup.fr\/\" target=\"_blank\" rel=\"noopener noreferrer\">FR<\/a><\/del><\/td>\n<td><del><a href=\"https:\/\/www.avallon-cup.fr\/\" target=\"_blank\" rel=\"noopener noreferrer\">Avallon<\/a><\/del><\/td>\n<td><del><a href=\"https:\/\/www.avallon-cup.fr\/\" target=\"_blank\" rel=\"noopener noreferrer\">www<\/a><\/del><\/td>\n<\/tr>\n<tr>\n<td><a href=\"http:\/\/guldagility.com\/en\" target=\"_blank\" rel=\"noopener noreferrer\"><del>14-18<\/del><\/a><\/td>\n<td><del><a href=\"http:\/\/guldagility.com\/en\" target=\"_blank\" rel=\"noopener noreferrer\">07<\/a><\/del><\/td>\n<td><del><a href=\"http:\/\/guldagility.com\/en\" target=\"_blank\" rel=\"noopener noreferrer\">2021<\/a><\/del><\/td>\n<td><del><a href=\"http:\/\/guldagility.com\/en\" target=\"_blank\" rel=\"noopener noreferrer\">Guldagility<\/a><\/del><\/td>\n<td><del><a href=\"http:\/\/guldagility.com\/en\" target=\"_blank\" rel=\"noopener noreferrer\">SE<\/a><\/del><\/td>\n<td><del><a href=\"http:\/\/guldagility.com\/en\" target=\"_blank\" rel=\"noopener noreferrer\">Kalmar<\/a><\/del><\/td>\n<td><del><a href=\"http:\/\/guldagility.com\/en\" target=\"_blank\" rel=\"noopener noreferrer\">www<\/a><\/del><\/td>\n<\/tr>\n<tr>\n<td><a href=\"https:\/\/www.agilityabrantes2021.net\/joawc\" target=\"_blank\" rel=\"noopener noreferrer\"><del>15-18<\/del><\/a><\/td>\n<td><del><a href=\"https:\/\/www.agilityabrantes2021.net\/joawc\" target=\"_blank\" rel=\"noopener noreferrer\">07<\/a><\/del><\/td>\n<td><del><a href=\"https:\/\/www.agilityabrantes2021.net\/joawc\" target=\"_blank\" rel=\"noopener noreferrer\">2021<\/a><\/del><\/td>\n<td><del><a href=\"https:\/\/www.agilityabrantes2021.net\/joawc\" target=\"_blank\" rel=\"noopener noreferrer\">JOAWC Junior Open Agilty World Championship<\/a><\/del><\/td>\n<td><del><a href=\"https:\/\/www.agilityabrantes2021.net\/joawc\" target=\"_blank\" rel=\"noopener noreferrer\">PT<\/a><\/del><\/td>\n<td><del><a href=\"https:\/\/www.agilityabrantes2021.net\/joawc\" target=\"_blank\" rel=\"noopener noreferrer\">Abarantes<\/a><\/del><\/td>\n<td><del><a href=\"https:\/\/www.agilityabrantes2021.net\/joawc\" target=\"_blank\" rel=\"noopener noreferrer\">www<\/a><\/del><\/td>\n<\/tr>\n<tr>\n<td><del><a href=\"https:\/\/www.crufts.org.uk\/\" target=\"_blank\" rel=\"noopener noreferrer\">15-18<\/a><\/del><\/td>\n<td><del><a href=\"https:\/\/www.crufts.org.uk\/\" target=\"_blank\" rel=\"noopener noreferrer\">07<\/a><\/del><\/td>\n<td><del><a href=\"https:\/\/www.crufts.org.uk\/\" target=\"_blank\" rel=\"noopener noreferrer\">2021<\/a><\/del><\/td>\n<td><del><a href=\"https:\/\/www.crufts.org.uk\/\" target=\"_blank\" rel=\"noopener noreferrer\">Crufts<\/a><\/del><\/td>\n<td><del><a href=\"https:\/\/www.crufts.org.uk\/\" target=\"_blank\" rel=\"noopener noreferrer\">UK<\/a><\/del><\/td>\n<td><del><a href=\"https:\/\/www.crufts.org.uk\/\" target=\"_blank\" rel=\"noopener noreferrer\">Birmingham<\/a><\/del><\/td>\n<td><a href=\"https:\/\/www.crufts.org.uk\/\" target=\"_blank\" rel=\"noopener noreferrer\"><del>www<\/del><\/a><\/td>\n<\/tr>\n<tr>\n<td><a href=\"https:\/\/www.agilityabrantes2021.net\/eo\" target=\"_blank\" rel=\"noopener noreferrer\"><del>22-25<\/del><\/a><\/td>\n<td><del><a href=\"https:\/\/www.agilityabrantes2021.net\/eo\" target=\"_blank\" rel=\"noopener noreferrer\">07<\/a><\/del><\/td>\n<td><del><a href=\"https:\/\/www.agilityabrantes2021.net\/eo\" target=\"_blank\" rel=\"noopener noreferrer\">2021<\/a><\/del><\/td>\n<td><del><a href=\"https:\/\/www.agilityabrantes2021.net\/eo\" target=\"_blank\" rel=\"noopener noreferrer\">EO European Open<\/a><\/del><\/td>\n<td><del><a href=\"https:\/\/www.agilityabrantes2021.net\/eo\" target=\"_blank\" rel=\"noopener noreferrer\">PT<\/a><\/del><\/td>\n<td><del><a href=\"https:\/\/www.agilityabrantes2021.net\/eo\" target=\"_blank\" rel=\"noopener noreferrer\">Abarantes<\/a><\/del><\/td>\n<td><del><a href=\"https:\/\/www.agilityabrantes2021.net\/eo\" target=\"_blank\" rel=\"noopener noreferrer\">www<\/a><\/del><\/td>\n<\/tr>\n<tr>\n<td><a href=\"https:\/\/www.agilityabrantes2021.net\/bcc\" target=\"_blank\" rel=\"noopener noreferrer\"><del>29-01<\/del><\/a><\/td>\n<td><del><a href=\"https:\/\/www.agilityabrantes2021.net\/bcc\" target=\"_blank\" rel=\"noopener noreferrer\">07-08<\/a><\/del><\/td>\n<td><del><a href=\"https:\/\/www.agilityabrantes2021.net\/bcc\" target=\"_blank\" rel=\"noopener noreferrer\">2021<\/a><\/del><\/td>\n<td><del><a href=\"https:\/\/www.agilityabrantes2021.net\/bcc\" target=\"_blank\" rel=\"noopener noreferrer\">BCC Border Collie Classic<\/a><\/del><\/td>\n<td><del><a href=\"https:\/\/www.agilityabrantes2021.net\/bcc\" target=\"_blank\" rel=\"noopener noreferrer\">PT<\/a><\/del><\/td>\n<td><del><a href=\"https:\/\/www.agilityabrantes2021.net\/bcc\" target=\"_blank\" rel=\"noopener noreferrer\">Abarantes<\/a><\/del><\/td>\n<td><del><a href=\"https:\/\/www.agilityabrantes2021.net\/bcc\" target=\"_blank\" rel=\"noopener noreferrer\">www<\/a><\/del><\/td>\n<\/tr>\n<tr>\n<td><a href=\"http:\/\/rialp.run\" target=\"_blank\" rel=\"noopener noreferrer\">4-8<\/a><\/td>\n<td><a href=\"http:\/\/rialp.run\" target=\"_blank\" rel=\"noopener noreferrer\">08<\/a><\/td>\n<td><a href=\"http:\/\/rialp.run\" target=\"_blank\" rel=\"noopener noreferrer\">2021<\/a><\/td>\n<td><a href=\"http:\/\/rialp.run\" target=\"_blank\" rel=\"noopener noreferrer\">Rialp Summer Agility Competition<\/a><\/td>\n<td><a href=\"http:\/\/rialp.run\" target=\"_blank\" rel=\"noopener noreferrer\">ES<\/a><\/td>\n<td><a href=\"http:\/\/rialp.run\" target=\"_blank\" rel=\"noopener noreferrer\">Rialp<\/a><\/td>\n<td><a href=\"http:\/\/rialp.run\" target=\"_blank\" rel=\"noopener noreferrer\">www<\/a><\/td>\n<\/tr>\n<tr>\n<td><a href=\"http:\/\/www.thekennelclub.org.uk\/events\/international-agility-festival\/\" target=\"_blank\" rel=\"noopener noreferrer\">12-15<\/a><\/td>\n<td><a href=\"http:\/\/www.thekennelclub.org.uk\/events\/international-agility-festival\/\" target=\"_blank\" rel=\"noopener noreferrer\">08<\/a><\/td>\n<td><a href=\"http:\/\/www.thekennelclub.org.uk\/events\/international-agility-festival\/\" target=\"_blank\" rel=\"noopener noreferrer\">2021<\/a><\/td>\n<td><a href=\"http:\/\/www.thekennelclub.org.uk\/events\/international-agility-festival\/\" target=\"_blank\" rel=\"noopener noreferrer\">KC International Agility Festival<\/a><\/td>\n<td><a href=\"http:\/\/www.thekennelclub.org.uk\/events\/international-agility-festival\/\" target=\"_blank\" rel=\"noopener noreferrer\">UK<\/a><\/td>\n<td><a href=\"http:\/\/www.thekennelclub.org.uk\/events\/international-agility-festival\/\" target=\"_blank\" rel=\"noopener noreferrer\">Rutland<\/a><\/td>\n<td><a href=\"http:\/\/www.thekennelclub.org.uk\/events\/international-agility-festival\/\" target=\"_blank\" rel=\"noopener noreferrer\">www<\/a><\/td>\n<\/tr>\n<tr>\n<td><a href=\"https:\/\/agility2020.ee\/en\" target=\"_blank\" rel=\"noopener noreferrer\"><del>23-29<\/del><\/a><\/td>\n<td><del><a href=\"https:\/\/agility2020.ee\/en\" target=\"_blank\" rel=\"noopener noreferrer\">09<\/a><\/del><\/td>\n<td><del><a href=\"https:\/\/agility2020.ee\/en\" target=\"_blank\" rel=\"noopener noreferrer\">2021<\/a><\/del><\/td>\n<td><del><a href=\"https:\/\/agility2020.ee\/en\" target=\"_blank\" rel=\"noopener noreferrer\">FCI AWC Agility World Championship<\/a><\/del><\/td>\n<td><del><a href=\"https:\/\/agility2020.ee\/en\" target=\"_blank\" rel=\"noopener noreferrer\">EE<\/a><\/del><\/td>\n<td><del><a href=\"https:\/\/agility2020.ee\/en\" target=\"_blank\" rel=\"noopener noreferrer\">Tallinn<\/a><\/del><\/td>\n<td><del><a href=\"https:\/\/agility2020.ee\/en\" target=\"_blank\" rel=\"noopener noreferrer\">www<\/a><\/del><\/td>\n<\/tr>\n<tr>\n<td><del><a href=\"http:\/\/www.worldagilityopen.com\" target=\"_blank\" rel=\"noopener noreferrer\">07-10<\/a><\/del><\/td>\n<td><del><a href=\"http:\/\/www.worldagilityopen.com\" target=\"_blank\" rel=\"noopener noreferrer\">10<\/a><\/del><\/td>\n<td><del><a href=\"http:\/\/www.worldagilityopen.com\" target=\"_blank\" rel=\"noopener noreferrer\">2021<\/a><\/del><\/td>\n<td><del><a href=\"http:\/\/www.worldagilityopen.com\" target=\"_blank\" rel=\"noopener noreferrer\">WAO World Agility Open Championship<\/a><\/del><\/td>\n<td><del><a href=\"http:\/\/www.worldagilityopen.com\" target=\"_blank\" rel=\"noopener noreferrer\">NL<\/a><\/del><\/td>\n<td><del><a href=\"http:\/\/www.worldagilityopen.com\" target=\"_blank\" rel=\"noopener noreferrer\">Ermelo<\/a><\/del><\/td>\n<td><a href=\"http:\/\/www.worldagilityopen.com\" target=\"_blank\" rel=\"noopener noreferrer\"><del>www<\/del><\/a><\/td>\n<\/tr>\n<tr>\n<td><a href=\"https:\/\/www.pudelmania.ch\/\" target=\"_blank\" rel=\"noopener noreferrer\"><del>09-10<\/del><\/a><\/td>\n<td><del><a href=\"https:\/\/www.pudelmania.ch\/\" target=\"_blank\" rel=\"noopener noreferrer\">10<\/a><\/del><\/td>\n<td><del><a href=\"https:\/\/www.pudelmania.ch\/\" target=\"_blank\" rel=\"noopener noreferrer\">2021<\/a><\/del><\/td>\n<td><del><a href=\"https:\/\/www.pudelmania.ch\/\" target=\"_blank\" rel=\"noopener noreferrer\">IPAC International Poodle Agility Cup<\/a><\/del><\/td>\n<td><del><a href=\"https:\/\/www.pudelmania.ch\/\" target=\"_blank\" rel=\"noopener noreferrer\">CH<\/a><\/del><\/td>\n<td><del><a href=\"https:\/\/www.pudelmania.ch\/\" target=\"_blank\" rel=\"noopener noreferrer\">Munsingen<\/a><\/del><\/td>\n<td><del><a href=\"https:\/\/www.pudelmania.ch\/\" target=\"_blank\" rel=\"noopener noreferrer\">www<\/a><\/del><\/td>\n<\/tr>\n<tr>\n<td><\/td>\n<td><del><a href=\"http:\/\/sheltie.run\" target=\"_blank\" rel=\"noopener noreferrer\">11<\/a><\/del><\/td>\n<td><del><a href=\"http:\/\/sheltie.run\" target=\"_blank\" rel=\"noopener noreferrer\">2021<\/a><\/del><\/td>\n<td><del><a href=\"http:\/\/sheltie.run\" target=\"_blank\" rel=\"noopener noreferrer\">ISAC International Sheltie Agility Championship<\/a><\/del><\/td>\n<td><del><a href=\"http:\/\/sheltie.run\" target=\"_blank\" rel=\"noopener noreferrer\">NL<\/a><\/del><\/td>\n<td><\/td>\n<td><\/td>\n<\/tr>\n<tr>\n<td><a href=\"https:\/\/gold-rush-competition.de\/en\/\" target=\"_blank\" rel=\"noopener noreferrer\">11-12<\/a><\/td>\n<td><a href=\"https:\/\/gold-rush-competition.de\/en\/\" target=\"_blank\" rel=\"noopener noreferrer\">12<\/a><\/td>\n<td><a href=\"https:\/\/gold-rush-competition.de\/en\/\" target=\"_blank\" rel=\"noopener noreferrer\">2021<\/a><\/td>\n<td><a href=\"https:\/\/gold-rush-competition.de\/en\/\" target=\"_blank\" rel=\"noopener noreferrer\">Gold Rush Competition<\/a><\/td>\n<td><a href=\"https:\/\/gold-rush-competition.de\/en\/\" target=\"_blank\" rel=\"noopener noreferrer\">DE<\/a><\/td>\n<td><a href=\"https:\/\/gold-rush-competition.de\/en\/\" target=\"_blank\" rel=\"noopener noreferrer\">W\u00fclfrath<\/a><\/td>\n<td><a href=\"https:\/\/gold-rush-competition.de\/en\/\" target=\"_blank\" rel=\"noopener noreferrer\">www<\/a><\/td>\n<\/tr>\n<\/tbody>\n<\/table>\n","protected":false},"excerpt":{"rendered":"<p>Due to a pandemic caused by a Corona virus most of the events had been cancelled 2020: 2021: Date Month Year Name Location Link 11-16 05 2021 FMBB GR Karpenissi 18-20 06 2021 Alpine Agility Open IT Pragelato (TO) www 02-04 07 2021 Moravia Open CZ Ro\u017enov pod Radho\u0161t\u011bm www 09-11 07 2021 Slovenian Agility [&hellip;]<\/p>\n","protected":false},"author":2,"featured_media":0,"parent":0,"menu_order":0,"comment_status":"closed","ping_status":"closed","template":"","meta":[],"yoast_head":"<!-- This site is optimized with the Yoast SEO plugin v15.7 - https:\/\/yoast.com\/wordpress\/plugins\/seo\/ -->\n<meta name=\"robots\" content=\"index, follow, max-snippet:-1, max-image-preview:large, max-video-preview:-1\" \/>\n<link rel=\"canonical\" href=\"https:\/\/agilitynews.eu\/?page_id=5340\" \/>\n<meta property=\"og:locale\" content=\"en_GB\" \/>\n<meta property=\"og:type\" content=\"article\" \/>\n<meta property=\"og:title\" content=\"International Events 2021 - AGILITYnews.eu\" \/>\n<meta property=\"og:description\" content=\"Due to a pandemic caused by a Corona virus most of the events had been cancelled 2020: 2021: Date Month Year Name Location Link 11-16 05 2021 FMBB GR Karpenissi 18-20 06 2021 Alpine Agility Open IT Pragelato (TO) www 02-04 07 2021 Moravia Open CZ Ro\u017enov pod Radho\u0161t\u011bm www 09-11 07 2021 Slovenian Agility [&hellip;]\" \/>\n<meta property=\"og:url\" content=\"https:\/\/agilitynews.eu\/?page_id=5340\" \/>\n<meta property=\"og:site_name\" content=\"AGILITYnews.eu\" \/>\n<meta name=\"twitter:card\" content=\"summary\" \/>\n<meta name=\"twitter:label1\" content=\"Estimated reading time\">\n\t<meta name=\"twitter:data1\" content=\"1 minute\">\n<script type=\"application\/ld+json\" class=\"yoast-schema-graph\">{\"@context\":\"https:\/\/schema.org\",\"@graph\":[{\"@type\":\"WebSite\",\"@id\":\"https:\/\/agilitynews.eu\/#website\",\"url\":\"https:\/\/agilitynews.eu\/\",\"name\":\"AGILITYnews.eu\",\"description\":\"Information and coverage of the most beautiful sport in the world : Agility\",\"potentialAction\":[{\"@type\":\"SearchAction\",\"target\":\"https:\/\/agilitynews.eu\/?s={search_term_string}\",\"query-input\":\"required name=search_term_string\"}],\"inLanguage\":\"en-GB\"},{\"@type\":\"WebPage\",\"@id\":\"https:\/\/agilitynews.eu\/?page_id=5340#webpage\",\"url\":\"https:\/\/agilitynews.eu\/?page_id=5340\",\"name\":\"International Events 2021 - AGILITYnews.eu\",\"isPartOf\":{\"@id\":\"https:\/\/agilitynews.eu\/#website\"},\"datePublished\":\"2022-01-21T21:28:59+00:00\",\"dateModified\":\"2022-01-21T21:28:59+00:00\",\"inLanguage\":\"en-GB\",\"potentialAction\":[{\"@type\":\"ReadAction\",\"target\":[\"https:\/\/agilitynews.eu\/?page_id=5340\"]}]}]}<\/script>\n<!-- \/ Yoast SEO plugin. -->","_links":{"self":[{"href":"https:\/\/agilitynews.eu\/index.php?rest_route=\/wp\/v2\/pages\/5340"}],"collection":[{"href":"https:\/\/agilitynews.eu\/index.php?rest_route=\/wp\/v2\/pages"}],"about":[{"href":"https:\/\/agilitynews.eu\/index.php?rest_route=\/wp\/v2\/types\/page"}],"author":[{"embeddable":true,"href":"https:\/\/agilitynews.eu\/index.php?rest_route=\/wp\/v2\/users\/2"}],"replies":[{"embeddable":true,"href":"https:\/\/agilitynews.eu\/index.php?rest_route=%2Fwp%2Fv2%2Fcomments&post=5340"}],"version-history":[{"count":1,"href":"https:\/\/agilitynews.eu\/index.php?rest_route=\/wp\/v2\/pages\/5340\/revisions"}],"predecessor-version":[{"id":5341,"href":"https:\/\/agilitynews.eu\/index.php?rest_route=\/wp\/v2\/pages\/5340\/revisions\/5341"}],"wp:attachment":[{"href":"https:\/\/agilitynews.eu\/index.php?rest_route=%2Fwp%2Fv2%2Fmedia&parent=5340"}],"curies":[{"name":"wp","href":"https:\/\/api.w.org\/{rel}","templated":true}]}}