{"id":5645,"date":"2023-02-25T00:34:07","date_gmt":"2023-02-24T23:34:07","guid":{"rendered":"https:\/\/agilitynews.eu\/?page_id=5645"},"modified":"2023-02-25T00:34:07","modified_gmt":"2023-02-24T23:34:07","slug":"international-events-2022","status":"publish","type":"page","link":"https:\/\/agilitynews.eu\/?page_id=5645","title":{"rendered":"International Events 2022"},"content":{"rendered":"<h1>2022:<\/h1>\n<p>&nbsp;<\/p>\n<table style=\"width: 100%;\">\n<tbody>\n<tr>\n<td width=\"12%\">Date<\/td>\n<td width=\"7%\">Month<\/td>\n<td width=\"6%\">Year<\/td>\n<td width=\"44%\">Name<\/td>\n<td colspan=\"2\" width=\"33%\">Location<\/td>\n<td width=\"10%\">Link<\/td>\n<\/tr>\n<tr>\n<td><a href=\"http:\/\/www.b-a-c-k.de\" target=\"_blank\" rel=\"noopener noreferrer\">07-09<\/a><\/td>\n<td><a href=\"http:\/\/www.b-a-c-k.de\" target=\"_blank\" rel=\"noopener noreferrer\">01<\/a><\/td>\n<td><a href=\"http:\/\/www.b-a-c-k.de\" target=\"_blank\" rel=\"noopener noreferrer\">2022<\/a><\/td>\n<td><a href=\"http:\/\/www.b-a-c-k.de\" target=\"_blank\" rel=\"noopener noreferrer\">B-A-C-K<\/a><\/td>\n<td><a href=\"http:\/\/www.b-a-c-k.de\" target=\"_blank\" rel=\"noopener noreferrer\">DE<\/a><\/td>\n<td><a href=\"http:\/\/www.b-a-c-k.de\" target=\"_blank\" rel=\"noopener noreferrer\">Rieden\/Kreuth<\/a><\/td>\n<td><a href=\"http:\/\/www.b-a-c-k.de\" target=\"_blank\" rel=\"noopener noreferrer\">www<\/a><\/td>\n<\/tr>\n<tr>\n<td><a href=\"https:\/\/polishopen.dog\/\" target=\"_blank\" rel=\"noopener noreferrer\">04-06<\/a><\/td>\n<td><a href=\"https:\/\/polishopen.dog\/\" target=\"_blank\" rel=\"noopener noreferrer\">02<\/a><\/td>\n<td><a href=\"https:\/\/polishopen.dog\/\" target=\"_blank\" rel=\"noopener noreferrer\">2022<\/a><\/td>\n<td><a href=\"https:\/\/polishopen.dog\/\" target=\"_blank\" rel=\"noopener noreferrer\">Polish Open<\/a><\/td>\n<td><a href=\"https:\/\/polishopen.dog\/\" target=\"_blank\" rel=\"noopener noreferrer\">PL<\/a><\/td>\n<td><a href=\"https:\/\/polishopen.dog\/\" target=\"_blank\" rel=\"noopener noreferrer\">Legnica<\/a><\/td>\n<td><a href=\"https:\/\/polishopen.dog\/\" target=\"_blank\" rel=\"noopener noreferrer\">www<\/a><\/td>\n<\/tr>\n<tr>\n<td><a href=\"https:\/\/www.crufts.org.uk\" target=\"_blank\" rel=\"noopener noreferrer\">10-13<\/a><\/td>\n<td><a href=\"https:\/\/www.crufts.org.uk\" target=\"_blank\" rel=\"noopener noreferrer\">03<\/a><\/td>\n<td><a href=\"https:\/\/www.crufts.org.uk\" target=\"_blank\" rel=\"noopener noreferrer\">2022<\/a><\/td>\n<td><a href=\"https:\/\/www.crufts.org.uk\" target=\"_blank\" rel=\"noopener noreferrer\">Crufts<\/a><\/td>\n<td><a href=\"https:\/\/www.crufts.org.uk\" target=\"_blank\" rel=\"noopener noreferrer\">GB<\/a><\/td>\n<td><a href=\"https:\/\/www.crufts.org.uk\" target=\"_blank\" rel=\"noopener noreferrer\">Birmingham<\/a><\/td>\n<td><a href=\"https:\/\/www.crufts.org.uk\" target=\"_blank\" rel=\"noopener noreferrer\">www<\/a><\/td>\n<\/tr>\n<tr>\n<td><a href=\"https:\/\/fmbb2022.com\/\" target=\"_blank\" rel=\"noopener noreferrer\">10-15<\/a><\/td>\n<td><a href=\"https:\/\/fmbb2022.com\/\" target=\"_blank\" rel=\"noopener noreferrer\">05<\/a><\/td>\n<td><a href=\"https:\/\/fmbb2022.com\/\" target=\"_blank\" rel=\"noopener noreferrer\">2022<\/a><\/td>\n<td><a href=\"https:\/\/fmbb2022.com\/\" target=\"_blank\" rel=\"noopener noreferrer\">FMBB<\/a><\/td>\n<td><a href=\"https:\/\/fmbb2022.com\/\" target=\"_blank\" rel=\"noopener noreferrer\">GR<\/a><\/td>\n<td><a href=\"https:\/\/fmbb2022.com\/\" target=\"_blank\" rel=\"noopener noreferrer\">Karpenissi<\/a><\/td>\n<td><a href=\"https:\/\/fmbb2022.com\/\" target=\"_blank\" rel=\"noopener noreferrer\">www<\/a><\/td>\n<\/tr>\n<tr>\n<td><a href=\"http:\/\/www.worldagilityopen.com\" target=\"_blank\" rel=\"noopener noreferrer\">19-22<\/a><\/td>\n<td><a href=\"http:\/\/www.worldagilityopen.com\" target=\"_blank\" rel=\"noopener noreferrer\">05<\/a><\/td>\n<td><a href=\"http:\/\/www.worldagilityopen.com\" target=\"_blank\" rel=\"noopener noreferrer\">2022<\/a><\/td>\n<td><a href=\"http:\/\/www.worldagilityopen.com\" target=\"_blank\" rel=\"noopener noreferrer\">WAO World Agility Open Championship<\/a><\/td>\n<td><a href=\"http:\/\/www.worldagilityopen.com\" target=\"_blank\" rel=\"noopener noreferrer\">NL<\/a><\/td>\n<td><a href=\"http:\/\/www.worldagilityopen.com\" target=\"_blank\" rel=\"noopener noreferrer\">Ermelo<\/a><\/td>\n<td><a href=\"http:\/\/www.worldagilityopen.com\" target=\"_blank\" rel=\"noopener noreferrer\">www<\/a><\/td>\n<\/tr>\n<tr>\n<td><a href=\"https:\/\/romagility.dog\/\" target=\"_blank\" rel=\"noopener noreferrer\">02-05<\/a><\/td>\n<td><a href=\"https:\/\/romagility.dog\/\" target=\"_blank\" rel=\"noopener noreferrer\">06<\/a><\/td>\n<td><a href=\"https:\/\/romagility.dog\/\" target=\"_blank\" rel=\"noopener noreferrer\">2022<\/a><\/td>\n<td><a href=\"https:\/\/romagility.dog\/\" target=\"_blank\" rel=\"noopener noreferrer\">Rome Agility Festival<\/a><\/td>\n<td><a href=\"https:\/\/romagility.dog\/\" target=\"_blank\" rel=\"noopener noreferrer\">IT<\/a><\/td>\n<td><a href=\"https:\/\/romagility.dog\/\" target=\"_blank\" rel=\"noopener noreferrer\">Rome<\/a><\/td>\n<td><a href=\"https:\/\/romagility.dog\/\" target=\"_blank\" rel=\"noopener noreferrer\">www<\/a><\/td>\n<\/tr>\n<tr>\n<td><a href=\"https:\/\/www.alpineagilityopen.it\/en\" target=\"_blank\" rel=\"noopener noreferrer\">17-19<\/a><\/td>\n<td><a href=\"https:\/\/www.alpineagilityopen.it\/en\" target=\"_blank\" rel=\"noopener noreferrer\">06<\/a><\/td>\n<td><a href=\"https:\/\/www.alpineagilityopen.it\/en\" target=\"_blank\" rel=\"noopener noreferrer\">2022<\/a><\/td>\n<td><a href=\"https:\/\/www.alpineagilityopen.it\/en\" target=\"_blank\" rel=\"noopener noreferrer\">Alpine Agility Open<\/a><\/td>\n<td><a href=\"https:\/\/www.alpineagilityopen.it\/en\" target=\"_blank\" rel=\"noopener noreferrer\">IT<\/a><\/td>\n<td><a href=\"https:\/\/www.alpineagilityopen.it\/en\" target=\"_blank\" rel=\"noopener noreferrer\">Pragelato (TO)<\/a><\/td>\n<td><a href=\"https:\/\/www.alpineagilityopen.it\/en\" target=\"_blank\" rel=\"noopener noreferrer\">www<\/a><\/td>\n<\/tr>\n<tr>\n<td><a href=\"http:\/\/www.moraviaopen.cz\/en\/\" target=\"_blank\" rel=\"noopener noreferrer\">01-03<\/a><\/td>\n<td><a href=\"http:\/\/www.moraviaopen.cz\/en\/\" target=\"_blank\" rel=\"noopener noreferrer\">07<\/a><\/td>\n<td><a href=\"http:\/\/www.moraviaopen.cz\/en\/\" target=\"_blank\" rel=\"noopener noreferrer\">2022<\/a><\/td>\n<td><a href=\"http:\/\/www.moraviaopen.cz\/en\/\" target=\"_blank\" rel=\"noopener noreferrer\">Moravia Open<\/a><\/td>\n<td><a href=\"http:\/\/www.moraviaopen.cz\/en\/\" target=\"_blank\" rel=\"noopener noreferrer\">CZ<\/a><\/td>\n<td><a href=\"http:\/\/www.moraviaopen.cz\/en\/\" target=\"_blank\" rel=\"noopener noreferrer\">Ro\u017enov pod Radho\u0161t\u011bm<\/a><\/td>\n<td><a href=\"http:\/\/www.moraviaopen.cz\/en\/\" target=\"_blank\" rel=\"noopener noreferrer\">www<\/a><\/td>\n<\/tr>\n<tr>\n<td><a href=\"http:\/\/slovenianopen.dog\/\" target=\"_blank\" rel=\"noopener noreferrer\">08-10<\/a><\/td>\n<td><a href=\"http:\/\/slovenianopen.dog\/\" target=\"_blank\" rel=\"noopener noreferrer\">07<\/a><\/td>\n<td><a href=\"http:\/\/slovenianopen.dog\/\" target=\"_blank\" rel=\"noopener noreferrer\">2022<\/a><\/td>\n<td><a href=\"http:\/\/slovenianopen.dog\/\" target=\"_blank\" rel=\"noopener noreferrer\">Slovenian Agility Open<\/a><\/td>\n<td><a href=\"http:\/\/slovenianopen.dog\/\" target=\"_blank\" rel=\"noopener noreferrer\">SI<\/a><\/td>\n<td><a href=\"http:\/\/slovenianopen.dog\/\" target=\"_blank\" rel=\"noopener noreferrer\">Ptuj<\/a><\/td>\n<td><a href=\"http:\/\/slovenianopen.dog\/\" target=\"_blank\" rel=\"noopener noreferrer\">www<\/a><\/td>\n<\/tr>\n<tr>\n<td><a href=\"https:\/\/www.pragueagilityparty.com\/\" target=\"_blank\" rel=\"noopener noreferrer\">08-10<\/a><\/td>\n<td><a href=\"https:\/\/www.pragueagilityparty.com\/\" target=\"_blank\" rel=\"noopener noreferrer\">07<\/a><\/td>\n<td><a href=\"https:\/\/www.pragueagilityparty.com\/\" target=\"_blank\" rel=\"noopener noreferrer\">2022<\/a><\/td>\n<td><a href=\"https:\/\/www.pragueagilityparty.com\/\" target=\"_blank\" rel=\"noopener noreferrer\">Prague Agility Party<\/a><\/td>\n<td><a href=\"https:\/\/www.pragueagilityparty.com\/\" target=\"_blank\" rel=\"noopener noreferrer\">CZ<\/a><\/td>\n<td><a href=\"https:\/\/www.pragueagilityparty.com\/\" target=\"_blank\" rel=\"noopener noreferrer\">Prague<\/a><\/td>\n<td><a href=\"https:\/\/www.pragueagilityparty.com\/\" target=\"_blank\" rel=\"noopener noreferrer\">www<\/a><\/td>\n<\/tr>\n<tr>\n<td><a href=\"http:\/\/guldagility.com\/en\/home\/\" target=\"_blank\" rel=\"noopener noreferrer\">13-17<\/a><\/td>\n<td><a href=\"http:\/\/guldagility.com\/en\/home\/\" target=\"_blank\" rel=\"noopener noreferrer\">07<\/a><\/td>\n<td><a href=\"http:\/\/guldagility.com\/en\/home\/\" target=\"_blank\" rel=\"noopener noreferrer\">2022<\/a><\/td>\n<td><a href=\"http:\/\/guldagility.com\/en\/home\/\" target=\"_blank\" rel=\"noopener noreferrer\">Guldagility<\/a><\/td>\n<td><a href=\"http:\/\/guldagility.com\/en\/home\/\" target=\"_blank\" rel=\"noopener noreferrer\">SE<\/a><\/td>\n<td><a href=\"http:\/\/guldagility.com\/en\/home\/\" target=\"_blank\" rel=\"noopener noreferrer\">Kalmar<\/a><\/td>\n<td><a href=\"http:\/\/guldagility.com\/en\/home\/\" target=\"_blank\" rel=\"noopener noreferrer\">www<\/a><\/td>\n<\/tr>\n<tr>\n<td><a href=\"https:\/\/www.joawc2022.fi\/\" target=\"_blank\" rel=\"noopener\">14-17<\/a><\/td>\n<td><a href=\"https:\/\/www.joawc2022.fi\/\" target=\"_blank\" rel=\"noopener\">07<\/a><\/td>\n<td><a href=\"https:\/\/www.joawc2022.fi\/\" target=\"_blank\" rel=\"noopener\">2022<\/a><\/td>\n<td><a href=\"https:\/\/www.joawc2022.fi\/\" target=\"_blank\" rel=\"noopener\">JOAWC Junior Open Agility World Championship<\/a><\/td>\n<td><a href=\"https:\/\/www.joawc2022.fi\/\" target=\"_blank\" rel=\"noopener\">FI<\/a><\/td>\n<td><a href=\"https:\/\/www.joawc2022.fi\/\" target=\"_blank\" rel=\"noopener\">Vaanta<\/a><\/td>\n<td><a href=\"https:\/\/www.joawc2022.fi\/\" target=\"_blank\" rel=\"noopener\">www<\/a><\/td>\n<\/tr>\n<tr>\n<td><a href=\"https:\/\/www.jutlandiacup.dk\/en\/index_en.php\" target=\"_blank\" rel=\"noopener noreferrer\">17-23<\/a><\/td>\n<td><a href=\"https:\/\/www.jutlandiacup.dk\/en\/index_en.php\" target=\"_blank\" rel=\"noopener noreferrer\">07<\/a><\/td>\n<td><a href=\"https:\/\/www.jutlandiacup.dk\/en\/index_en.php\" target=\"_blank\" rel=\"noopener noreferrer\">2022<\/a><\/td>\n<td><a href=\"https:\/\/www.jutlandiacup.dk\/en\/index_en.php\" target=\"_blank\" rel=\"noopener noreferrer\">Jutlandia Cup<\/a><\/td>\n<td><a href=\"https:\/\/www.jutlandiacup.dk\/en\/index_en.php\" target=\"_blank\" rel=\"noopener noreferrer\">DK<\/a><\/td>\n<td><a href=\"https:\/\/www.jutlandiacup.dk\/en\/index_en.php\" target=\"_blank\" rel=\"noopener noreferrer\">Esbjerg<\/a><\/td>\n<td><a href=\"https:\/\/www.jutlandiacup.dk\/en\/index_en.php\" target=\"_blank\" rel=\"noopener noreferrer\">www<\/a><\/td>\n<\/tr>\n<tr>\n<td><a href=\"https:\/\/www.avallon-cup.fr\/\" target=\"_blank\" rel=\"noopener noreferrer\">21-24<\/a><\/td>\n<td><a href=\"https:\/\/www.avallon-cup.fr\/\" target=\"_blank\" rel=\"noopener noreferrer\">07<\/a><\/td>\n<td><a href=\"https:\/\/www.avallon-cup.fr\/\" target=\"_blank\" rel=\"noopener noreferrer\">2022<\/a><\/td>\n<td><a href=\"https:\/\/www.avallon-cup.fr\/\" target=\"_blank\" rel=\"noopener noreferrer\">Avallon Cup<\/a><\/td>\n<td><a href=\"https:\/\/www.avallon-cup.fr\/\" target=\"_blank\" rel=\"noopener noreferrer\">FR<\/a><\/td>\n<td><a href=\"https:\/\/www.avallon-cup.fr\/\" target=\"_blank\" rel=\"noopener noreferrer\">Avallon<\/a><\/td>\n<td><a href=\"https:\/\/www.avallon-cup.fr\/\" target=\"_blank\" rel=\"noopener noreferrer\">www<\/a><\/td>\n<\/tr>\n<tr>\n<td><a href=\"https:\/\/www.eo2022agility.be\/\" target=\"_blank\" rel=\"noopener noreferrer\">28-31<\/a><\/td>\n<td><a href=\"https:\/\/www.eo2022agility.be\/\" target=\"_blank\" rel=\"noopener noreferrer\">07<\/a><\/td>\n<td><a href=\"https:\/\/www.eo2022agility.be\/\" target=\"_blank\" rel=\"noopener noreferrer\">2022<\/a><\/td>\n<td><a href=\"https:\/\/www.eo2022agility.be\/\" target=\"_blank\" rel=\"noopener noreferrer\">European Open<\/a><\/td>\n<td><a href=\"https:\/\/www.eo2022agility.be\/\" target=\"_blank\" rel=\"noopener noreferrer\">BE<\/a><\/td>\n<td><a href=\"https:\/\/www.eo2022agility.be\/\" target=\"_blank\" rel=\"noopener noreferrer\">Opglabbeek<\/a><\/td>\n<td><a href=\"https:\/\/www.eo2022agility.be\/\" target=\"_blank\" rel=\"noopener noreferrer\">www<\/a><\/td>\n<\/tr>\n<tr>\n<td><a href=\"http:\/\/rialp.run\" target=\"_blank\" rel=\"noopener noreferrer\">3-7<\/a><\/td>\n<td><a href=\"http:\/\/rialp.run\" target=\"_blank\" rel=\"noopener noreferrer\">08<\/a><\/td>\n<td><a href=\"http:\/\/rialp.run\" target=\"_blank\" rel=\"noopener noreferrer\">2022<\/a><\/td>\n<td><a href=\"http:\/\/rialp.run\" target=\"_blank\" rel=\"noopener noreferrer\">Rialp Summer Agility Competition<\/a><\/td>\n<td><a href=\"http:\/\/rialp.run\" target=\"_blank\" rel=\"noopener noreferrer\">ES<\/a><\/td>\n<td><a href=\"http:\/\/rialp.run\" target=\"_blank\" rel=\"noopener noreferrer\">Rialp<\/a><\/td>\n<td><a href=\"http:\/\/rialp.run\" target=\"_blank\" rel=\"noopener noreferrer\">www<\/a><\/td>\n<\/tr>\n<tr>\n<td><a href=\"https:\/\/bcc2022agility.be\/\" target=\"_blank\" rel=\"noopener noreferrer\">05-07<\/a><\/td>\n<td><a href=\"https:\/\/bcc2022agility.be\/\" target=\"_blank\" rel=\"noopener noreferrer\">08<\/a><\/td>\n<td><a href=\"https:\/\/bcc2022agility.be\/\" target=\"_blank\" rel=\"noopener noreferrer\">2022<\/a><\/td>\n<td><a href=\"https:\/\/bcc2022agility.be\/\" target=\"_blank\" rel=\"noopener noreferrer\">Boder Collie Classic<\/a><\/td>\n<td><a href=\"https:\/\/bcc2022agility.be\/\" target=\"_blank\" rel=\"noopener noreferrer\">BE<\/a><\/td>\n<td><a href=\"https:\/\/bcc2022agility.be\/\" target=\"_blank\" rel=\"noopener noreferrer\">Oudsbergen<\/a><\/td>\n<td><a href=\"https:\/\/bcc2022agility.be\/\" target=\"_blank\" rel=\"noopener noreferrer\">www<\/a><\/td>\n<\/tr>\n<tr>\n<td><a href=\"https:\/\/www.imcapawc2022.it\" target=\"_blank\" rel=\"noopener noreferrer\">18-21<\/a><\/td>\n<td><a href=\"https:\/\/www.imcapawc2022.it\" target=\"_blank\" rel=\"noopener noreferrer\">08<\/a><\/td>\n<td><a href=\"https:\/\/www.imcapawc2022.it\" target=\"_blank\" rel=\"noopener noreferrer\">2022<\/a><\/td>\n<td><a href=\"https:\/\/www.imcapawc2022.it\" target=\"_blank\" rel=\"noopener noreferrer\">IMCA &amp; PAWC<\/a><\/td>\n<td><a href=\"https:\/\/www.imcapawc2022.it\" target=\"_blank\" rel=\"noopener noreferrer\">IT<\/a><\/td>\n<td><a href=\"https:\/\/www.imcapawc2022.it\" target=\"_blank\" rel=\"noopener noreferrer\">Voghera<\/a><\/td>\n<td><a href=\"https:\/\/www.imcapawc2022.it\" target=\"_blank\" rel=\"noopener noreferrer\">www<\/a><\/td>\n<\/tr>\n<tr>\n<td><a href=\"https:\/\/www.luleaopen.com\/\" target=\"_blank\" rel=\"noopener noreferrer\">26-28<\/a><\/td>\n<td><a href=\"https:\/\/www.luleaopen.com\/\" target=\"_blank\" rel=\"noopener noreferrer\">08<\/a><\/td>\n<td><a href=\"https:\/\/www.luleaopen.com\/\" target=\"_blank\" rel=\"noopener noreferrer\">2022<\/a><\/td>\n<td><a href=\"https:\/\/www.luleaopen.com\/\" target=\"_blank\" rel=\"noopener noreferrer\">Lule\u00e5 Open<\/a><\/td>\n<td><a href=\"https:\/\/www.luleaopen.com\/\" target=\"_blank\" rel=\"noopener noreferrer\">SE<\/a><\/td>\n<td><a href=\"https:\/\/www.luleaopen.com\/\" target=\"_blank\" rel=\"noopener noreferrer\">Lule\u00e5<\/a><\/td>\n<td><a href=\"https:\/\/www.luleaopen.com\/\" target=\"_blank\" rel=\"noopener noreferrer\">www<\/a><\/td>\n<\/tr>\n<tr>\n<td><a href=\"https:\/\/worldagilitychampionship.com\/\" target=\"_blank\" rel=\"noopener noreferrer\">31-04<\/a><\/td>\n<td><a href=\"https:\/\/worldagilitychampionship.com\/\" target=\"_blank\" rel=\"noopener noreferrer\">08-09<\/a><\/td>\n<td><a href=\"https:\/\/worldagilitychampionship.com\/\" target=\"_blank\" rel=\"noopener noreferrer\">2022<\/a><\/td>\n<td><a href=\"https:\/\/worldagilitychampionship.com\/\" target=\"_blank\" rel=\"noopener noreferrer\">IFCS World Agility Championships<\/a><\/td>\n<td><a href=\"https:\/\/worldagilitychampionship.com\/\" target=\"_blank\" rel=\"noopener noreferrer\">NL<\/a><\/td>\n<td><a href=\"https:\/\/worldagilitychampionship.com\/\" target=\"_blank\" rel=\"noopener noreferrer\">Laag Soeren<\/a><\/td>\n<td><a href=\"https:\/\/worldagilitychampionship.com\/\" target=\"_blank\" rel=\"noopener noreferrer\">www<\/a><\/td>\n<\/tr>\n<tr>\n<td><a href=\"https:\/\/www.awc2022.at\/\" target=\"_blank\" rel=\"noopener noreferrer\">22-25<\/a><\/td>\n<td><a href=\"https:\/\/www.awc2022.at\/\" target=\"_blank\" rel=\"noopener noreferrer\">09<\/a><\/td>\n<td><a href=\"https:\/\/www.awc2022.at\/\" target=\"_blank\" rel=\"noopener noreferrer\">2022<\/a><\/td>\n<td><a href=\"https:\/\/www.awc2022.at\/\" target=\"_blank\" rel=\"noopener noreferrer\">FCI AWC Agility World Championship<\/a><\/td>\n<td><a href=\"https:\/\/www.awc2022.at\/\" target=\"_blank\" rel=\"noopener noreferrer\">AT<\/a><\/td>\n<td><a href=\"https:\/\/www.awc2022.at\/\" target=\"_blank\" rel=\"noopener noreferrer\">Vienna<\/a><\/td>\n<td><a href=\"https:\/\/www.awc2022.at\/\" target=\"_blank\" rel=\"noopener noreferrer\">www<\/a><\/td>\n<\/tr>\n<tr>\n<td><a href=\"http:\/\/www.norwegian-open.com\/\" target=\"_blank\" rel=\"noopener noreferrer\">14-16<\/a><\/td>\n<td><a href=\"http:\/\/www.norwegian-open.com\/\" target=\"_blank\" rel=\"noopener noreferrer\">10<\/a><\/td>\n<td><a href=\"http:\/\/www.norwegian-open.com\/\" target=\"_blank\" rel=\"noopener noreferrer\">2022<\/a><\/td>\n<td><a href=\"http:\/\/www.norwegian-open.com\/\" target=\"_blank\" rel=\"noopener noreferrer\">Norwegian Open<\/a><\/td>\n<td><a href=\"http:\/\/www.norwegian-open.com\/\" target=\"_blank\" rel=\"noopener noreferrer\">NO<\/a><\/td>\n<td><a href=\"http:\/\/www.norwegian-open.com\/\" target=\"_blank\" rel=\"noopener noreferrer\">Kongsvinger<\/a><\/td>\n<td><a href=\"http:\/\/www.norwegian-open.com\/\" target=\"_blank\" rel=\"noopener noreferrer\">www<\/a><\/td>\n<\/tr>\n<tr>\n<td><a href=\"http:\/\/isac2022.dk\/\" target=\"_blank\" rel=\"noopener noreferrer\">4-6<\/a><\/td>\n<td><a href=\"http:\/\/isac2022.dk\/\" target=\"_blank\" rel=\"noopener noreferrer\">11<\/a><\/td>\n<td><a href=\"http:\/\/isac2022.dk\/\" target=\"_blank\" rel=\"noopener noreferrer\">2022<\/a><\/td>\n<td><a href=\"http:\/\/isac2022.dk\/\" target=\"_blank\" rel=\"noopener noreferrer\">ISAC International Sheltie Agility Championship<\/a><\/td>\n<td><a href=\"http:\/\/isac2022.dk\/\" target=\"_blank\" rel=\"noopener noreferrer\">DK<\/a><\/td>\n<td><a href=\"http:\/\/isac2022.dk\/\" target=\"_blank\" rel=\"noopener noreferrer\">Vilhelmsborg<\/a><\/td>\n<td><a href=\"http:\/\/isac2022.dk\/\" target=\"_blank\" rel=\"noopener noreferrer\">www<\/a><\/td>\n<\/tr>\n<\/tbody>\n<\/table>\n","protected":false},"excerpt":{"rendered":"<p>2022: &nbsp; Date Month Year Name Location Link 07-09 01 2022 B-A-C-K DE Rieden\/Kreuth www 04-06 02 2022 Polish Open PL Legnica www 10-13 03 2022 Crufts GB Birmingham www 10-15 05 2022 FMBB GR Karpenissi www 19-22 05 2022 WAO World Agility Open Championship NL Ermelo www 02-05 06 2022 Rome Agility Festival IT [&hellip;]<\/p>\n","protected":false},"author":2,"featured_media":0,"parent":0,"menu_order":0,"comment_status":"closed","ping_status":"closed","template":"","meta":[],"yoast_head":"<!-- This site is optimized with the Yoast SEO plugin v15.7 - https:\/\/yoast.com\/wordpress\/plugins\/seo\/ -->\n<meta name=\"robots\" content=\"index, follow, max-snippet:-1, max-image-preview:large, max-video-preview:-1\" \/>\n<link rel=\"canonical\" href=\"https:\/\/agilitynews.eu\/?page_id=5645\" \/>\n<meta property=\"og:locale\" content=\"en_GB\" \/>\n<meta property=\"og:type\" content=\"article\" \/>\n<meta property=\"og:title\" content=\"International Events 2022 - AGILITYnews.eu\" \/>\n<meta property=\"og:description\" content=\"2022: &nbsp; Date Month Year Name Location Link 07-09 01 2022 B-A-C-K DE Rieden\/Kreuth www 04-06 02 2022 Polish Open PL Legnica www 10-13 03 2022 Crufts GB Birmingham www 10-15 05 2022 FMBB GR Karpenissi www 19-22 05 2022 WAO World Agility Open Championship NL Ermelo www 02-05 06 2022 Rome Agility Festival IT [&hellip;]\" \/>\n<meta property=\"og:url\" content=\"https:\/\/agilitynews.eu\/?page_id=5645\" \/>\n<meta property=\"og:site_name\" content=\"AGILITYnews.eu\" \/>\n<meta name=\"twitter:card\" content=\"summary\" \/>\n<meta name=\"twitter:label1\" content=\"Estimated reading time\">\n\t<meta name=\"twitter:data1\" content=\"1 minute\">\n<script type=\"application\/ld+json\" class=\"yoast-schema-graph\">{\"@context\":\"https:\/\/schema.org\",\"@graph\":[{\"@type\":\"WebSite\",\"@id\":\"https:\/\/agilitynews.eu\/#website\",\"url\":\"https:\/\/agilitynews.eu\/\",\"name\":\"AGILITYnews.eu\",\"description\":\"Information and coverage of the most beautiful sport in the world : Agility\",\"potentialAction\":[{\"@type\":\"SearchAction\",\"target\":\"https:\/\/agilitynews.eu\/?s={search_term_string}\",\"query-input\":\"required name=search_term_string\"}],\"inLanguage\":\"en-GB\"},{\"@type\":\"WebPage\",\"@id\":\"https:\/\/agilitynews.eu\/?page_id=5645#webpage\",\"url\":\"https:\/\/agilitynews.eu\/?page_id=5645\",\"name\":\"International Events 2022 - AGILITYnews.eu\",\"isPartOf\":{\"@id\":\"https:\/\/agilitynews.eu\/#website\"},\"datePublished\":\"2023-02-24T23:34:07+00:00\",\"dateModified\":\"2023-02-24T23:34:07+00:00\",\"inLanguage\":\"en-GB\",\"potentialAction\":[{\"@type\":\"ReadAction\",\"target\":[\"https:\/\/agilitynews.eu\/?page_id=5645\"]}]}]}<\/script>\n<!-- \/ Yoast SEO plugin. -->","_links":{"self":[{"href":"https:\/\/agilitynews.eu\/index.php?rest_route=\/wp\/v2\/pages\/5645"}],"collection":[{"href":"https:\/\/agilitynews.eu\/index.php?rest_route=\/wp\/v2\/pages"}],"about":[{"href":"https:\/\/agilitynews.eu\/index.php?rest_route=\/wp\/v2\/types\/page"}],"author":[{"embeddable":true,"href":"https:\/\/agilitynews.eu\/index.php?rest_route=\/wp\/v2\/users\/2"}],"replies":[{"embeddable":true,"href":"https:\/\/agilitynews.eu\/index.php?rest_route=%2Fwp%2Fv2%2Fcomments&post=5645"}],"version-history":[{"count":1,"href":"https:\/\/agilitynews.eu\/index.php?rest_route=\/wp\/v2\/pages\/5645\/revisions"}],"predecessor-version":[{"id":5646,"href":"https:\/\/agilitynews.eu\/index.php?rest_route=\/wp\/v2\/pages\/5645\/revisions\/5646"}],"wp:attachment":[{"href":"https:\/\/agilitynews.eu\/index.php?rest_route=%2Fwp%2Fv2%2Fmedia&parent=5645"}],"curies":[{"name":"wp","href":"https:\/\/api.w.org\/{rel}","templated":true}]}}