{"id":5847,"date":"2023-12-22T09:53:27","date_gmt":"2023-12-22T08:53:27","guid":{"rendered":"https:\/\/agilitynews.eu\/?page_id=5847"},"modified":"2023-12-22T09:53:27","modified_gmt":"2023-12-22T08:53:27","slug":"international-events-2023","status":"publish","type":"page","link":"https:\/\/agilitynews.eu\/?page_id=5847","title":{"rendered":"International Events 2023"},"content":{"rendered":"<h1 id=\"2023\">2023:<\/h1>\n<table style=\"width: 100%;\">\n<tbody>\n<tr>\n<td width=\"12%\">Date<\/td>\n<td width=\"7%\">Month<\/td>\n<td width=\"6%\">Year<\/td>\n<td width=\"44%\">Name<\/td>\n<td colspan=\"2\" width=\"33%\">Location<\/td>\n<td width=\"10%\">Link<\/td>\n<\/tr>\n<tr>\n<td><a href=\"https:\/\/polishopen.dog\/\" target=\"_blank\" rel=\"noopener\">03-05<\/a><\/td>\n<td><a href=\"https:\/\/polishopen.dog\/\" target=\"_blank\" rel=\"noopener\">02<\/a><\/td>\n<td><a href=\"https:\/\/polishopen.dog\/\" target=\"_blank\" rel=\"noopener\">2023<\/a><\/td>\n<td><a href=\"https:\/\/polishopen.dog\/\" target=\"_blank\" rel=\"noopener\">Polish Open<\/a><\/td>\n<td><a href=\"https:\/\/polishopen.dog\/\" target=\"_blank\" rel=\"noopener\">PL<\/a><\/td>\n<td><a href=\"https:\/\/polishopen.dog\/\" target=\"_blank\" rel=\"noopener\">Legnica<\/a><\/td>\n<td><a href=\"https:\/\/polishopen.dog\/\" target=\"_blank\" rel=\"noopener\">www<\/a><\/td>\n<\/tr>\n<tr>\n<td><a href=\"https:\/\/www.crufts.org.uk\" target=\"_blank\" rel=\"noopener\">9-12<\/a><\/td>\n<td><a href=\"https:\/\/www.crufts.org.uk\" target=\"_blank\" rel=\"noopener\">03<\/a><\/td>\n<td><a href=\"https:\/\/www.crufts.org.uk\" target=\"_blank\" rel=\"noopener\">2023<\/a><\/td>\n<td><a href=\"https:\/\/www.crufts.org.uk\" target=\"_blank\" rel=\"noopener\">Crufts<\/a><\/td>\n<td><a href=\"https:\/\/www.crufts.org.uk\" target=\"_blank\" rel=\"noopener\">GB<\/a><\/td>\n<td><a href=\"https:\/\/www.crufts.org.uk\" target=\"_blank\" rel=\"noopener\">Birmingham<\/a><\/td>\n<td><a href=\"https:\/\/www.crufts.org.uk\" target=\"_blank\" rel=\"noopener\">www<\/a><\/td>\n<\/tr>\n<tr>\n<td><a href=\"https:\/\/wdsf2023.com\/\" target=\"_blank\" rel=\"noopener\">7-9<\/a><\/td>\n<td><a href=\"https:\/\/wdsf2023.com\/\" target=\"_blank\" rel=\"noopener\">04<\/a><\/td>\n<td><a href=\"https:\/\/wdsf2023.com\/\" target=\"_blank\" rel=\"noopener\">2022<\/a><\/td>\n<td><a href=\"https:\/\/wdsf2023.com\/\" target=\"_blank\" rel=\"noopener\">WDSF WC Dutch Shepherds<\/a><\/td>\n<td><a href=\"https:\/\/fmbb2023.com\/\" target=\"_blank\" rel=\"noopener\">RO<\/a><\/td>\n<td><a href=\"https:\/\/wdsf2023.com\/\" target=\"_blank\" rel=\"noopener\">Oradea<\/a><\/td>\n<td><a href=\"https:\/\/wdsf2023.com\/\" target=\"_blank\" rel=\"noopener\">www<\/a><\/td>\n<\/tr>\n<tr>\n<td><a href=\"https:\/\/fmbb2023.com\/\" target=\"_blank\" rel=\"noopener\">11-16<\/a><\/td>\n<td><a href=\"https:\/\/fmbb2023.com\/\" target=\"_blank\" rel=\"noopener\">04<\/a><\/td>\n<td><a href=\"https:\/\/fmbb2023.com\/\" target=\"_blank\" rel=\"noopener\">2023<\/a><\/td>\n<td><a href=\"https:\/\/fmbb2023.com\/\" target=\"_blank\" rel=\"noopener\">FMBB<\/a><\/td>\n<td><a href=\"https:\/\/fmbb2023.com\/\" target=\"_blank\" rel=\"noopener\">RO<\/a><\/td>\n<td><a href=\"https:\/\/fmbb2023.com\/\" target=\"_blank\" rel=\"noopener\">Oradea<\/a><\/td>\n<td><a href=\"https:\/\/fmbb2023.com\/\" target=\"_blank\" rel=\"noopener\">www<\/a><\/td>\n<\/tr>\n<tr>\n<td><a href=\"http:\/\/www.worldagilityopen.com\" target=\"_blank\" rel=\"noopener\">17-21<\/a><\/td>\n<td><a href=\"http:\/\/www.worldagilityopen.com\" target=\"_blank\" rel=\"noopener\">05<\/a><\/td>\n<td><a href=\"http:\/\/www.worldagilityopen.com\" target=\"_blank\" rel=\"noopener\">2023<\/a><\/td>\n<td><a href=\"http:\/\/www.worldagilityopen.com\" target=\"_blank\" rel=\"noopener\">WAO World Agility Open Championship<\/a><\/td>\n<td><a href=\"http:\/\/www.worldagilityopen.com\" target=\"_blank\" rel=\"noopener\">NL<\/a><\/td>\n<td><a href=\"http:\/\/www.worldagilityopen.com\" target=\"_blank\" rel=\"noopener\">Ermelo<\/a><\/td>\n<td><a href=\"http:\/\/www.worldagilityopen.com\" target=\"_blank\" rel=\"noopener\">www<\/a><\/td>\n<\/tr>\n<tr>\n<td><a href=\"https:\/\/romagility.dog\/\" target=\"_blank\" rel=\"noopener\">01-04<\/a><\/td>\n<td><a href=\"https:\/\/romagility.dog\/\" target=\"_blank\" rel=\"noopener\">06<\/a><\/td>\n<td><a href=\"https:\/\/romagility.dog\/\" target=\"_blank\" rel=\"noopener\">2023<\/a><\/td>\n<td><a href=\"https:\/\/romagility.dog\/\" target=\"_blank\" rel=\"noopener\">Rome Agility Festival<\/a><\/td>\n<td><a href=\"https:\/\/romagility.dog\/\" target=\"_blank\" rel=\"noopener\">IT<\/a><\/td>\n<td><a href=\"https:\/\/romagility.dog\/\" target=\"_blank\" rel=\"noopener\">Rome<\/a><\/td>\n<td><a href=\"https:\/\/romagility.dog\/\" target=\"_blank\" rel=\"noopener\">www<\/a><\/td>\n<\/tr>\n<tr>\n<td><a href=\"https:\/\/croatianopenweb.wixsite.com\/home\" target=\"_blank\" rel=\"noopener\">23-25<\/a><\/td>\n<td><a href=\"https:\/\/croatianopenweb.wixsite.com\/home\" target=\"_blank\" rel=\"noopener\">06<\/a><\/td>\n<td><a href=\"https:\/\/croatianopenweb.wixsite.com\/home\" target=\"_blank\" rel=\"noopener\">2023<\/a><\/td>\n<td><a href=\"https:\/\/croatianopenweb.wixsite.com\/home\" target=\"_blank\" rel=\"noopener\">Croatian Open<\/a><\/td>\n<td><a href=\"https:\/\/croatianopenweb.wixsite.com\/home\" target=\"_blank\" rel=\"noopener\">HR<\/a><\/td>\n<td><a href=\"https:\/\/croatianopenweb.wixsite.com\/home\" target=\"_blank\" rel=\"noopener\">Jastrebarsko<\/a><\/td>\n<td><a href=\"https:\/\/croatianopenweb.wixsite.com\/home\" target=\"_blank\" rel=\"noopener\">www<\/a><\/td>\n<\/tr>\n<tr>\n<td><a href=\"https:\/\/slovenianopen.dog\/\" target=\"_blank\" rel=\"noopener\">30-02<\/a><\/td>\n<td><a href=\"https:\/\/slovenianopen.dog\/\" target=\"_blank\" rel=\"noopener\">06-07<\/a><\/td>\n<td><a href=\"https:\/\/slovenianopen.dog\/\" target=\"_blank\" rel=\"noopener\">2023<\/a><\/td>\n<td><a href=\"https:\/\/slovenianopen.dog\/\" target=\"_blank\" rel=\"noopener\">Slovenian Agility Open<\/a><\/td>\n<td><a href=\"https:\/\/slovenianopen.dog\/\" target=\"_blank\" rel=\"noopener\">SI<\/a><\/td>\n<td><a href=\"https:\/\/slovenianopen.dog\/\" target=\"_blank\" rel=\"noopener\">Ptuj<\/a><\/td>\n<td><a href=\"https:\/\/slovenianopen.dog\/\" target=\"_blank\" rel=\"noopener\">www<\/a><\/td>\n<\/tr>\n<tr>\n<td><a href=\"http:\/\/www.moraviaopen.cz\/en\/\" target=\"_blank\" rel=\"noopener\">07-09<\/a><\/td>\n<td><a href=\"http:\/\/www.moraviaopen.cz\/en\/\" target=\"_blank\" rel=\"noopener\">07<\/a><\/td>\n<td><a href=\"http:\/\/www.moraviaopen.cz\/en\/\" target=\"_blank\" rel=\"noopener\">2023<\/a><\/td>\n<td><a href=\"http:\/\/www.moraviaopen.cz\/en\/\" target=\"_blank\" rel=\"noopener\">Moravia Open<\/a><\/td>\n<td><a href=\"http:\/\/www.moraviaopen.cz\/en\/\" target=\"_blank\" rel=\"noopener\">CZ<\/a><\/td>\n<td><a href=\"http:\/\/www.moraviaopen.cz\/en\/\" target=\"_blank\" rel=\"noopener\">Ro\u017enov pod Radho\u0161t\u011bm<\/a><\/td>\n<td><a href=\"http:\/\/www.moraviaopen.cz\/en\/\" target=\"_blank\" rel=\"noopener\">www<\/a><\/td>\n<\/tr>\n<tr>\n<td><a href=\"https:\/\/www.pragueagilityparty.com\/\" target=\"_blank\" rel=\"noopener\">14-16<\/a><\/td>\n<td><a href=\"https:\/\/www.pragueagilityparty.com\/\" target=\"_blank\" rel=\"noopener\">07<\/a><\/td>\n<td><a href=\"https:\/\/www.pragueagilityparty.com\/\" target=\"_blank\" rel=\"noopener\">2023<\/a><\/td>\n<td><a href=\"https:\/\/www.pragueagilityparty.com\/\" target=\"_blank\" rel=\"noopener\">Prague Agility Party<\/a><\/td>\n<td><a href=\"https:\/\/www.pragueagilityparty.com\/\" target=\"_blank\" rel=\"noopener\">CZ<\/a><\/td>\n<td><a href=\"https:\/\/www.pragueagilityparty.com\/\" target=\"_blank\" rel=\"noopener\">Prague<\/a><\/td>\n<td><a href=\"https:\/\/www.pragueagilityparty.com\/\" target=\"_blank\" rel=\"noopener\">www<\/a><\/td>\n<\/tr>\n<tr>\n<td><a href=\"https:\/\/www.avallon-cup.fr\/\" target=\"_blank\" rel=\"noopener\"><del>13-16<\/del><\/a><\/td>\n<td><del><a href=\"https:\/\/www.avallon-cup.fr\/\" target=\"_blank\" rel=\"noopener\">07<\/a><\/del><\/td>\n<td><del><a href=\"https:\/\/www.avallon-cup.fr\/\" target=\"_blank\" rel=\"noopener\">2023<\/a><\/del><\/td>\n<td><del><a href=\"https:\/\/www.avallon-cup.fr\/\" target=\"_blank\" rel=\"noopener\">Avallon Cup<\/a><\/del><\/td>\n<td><del><a href=\"https:\/\/www.avallon-cup.fr\/\" target=\"_blank\" rel=\"noopener\">FR<\/a><\/del><\/td>\n<td><del><a href=\"https:\/\/www.avallon-cup.fr\/\" target=\"_blank\" rel=\"noopener\">Avallon<\/a><\/del><\/td>\n<td><del><a href=\"https:\/\/www.avallon-cup.fr\/\" target=\"_blank\" rel=\"noopener\">www<\/a><\/del><\/td>\n<\/tr>\n<tr>\n<td><a href=\"https:\/\/www.denmark-open.dk\/\" target=\"_blank\" rel=\"noopener\">13-16<\/a><\/td>\n<td><a href=\"https:\/\/www.denmark-open.dk\/\" target=\"_blank\" rel=\"noopener\">07<\/a><\/td>\n<td><a href=\"https:\/\/www.denmark-open.dk\/\" target=\"_blank\" rel=\"noopener\">2023<\/a><\/td>\n<td><a href=\"https:\/\/www.denmark-open.dk\/\" target=\"_blank\" rel=\"noopener\">Denmark Open<\/a><\/td>\n<td><a href=\"https:\/\/www.denmark-open.dk\/\" target=\"_blank\" rel=\"noopener\">DK<\/a><\/td>\n<td><a href=\"https:\/\/www.denmark-open.dk\/\" target=\"_blank\" rel=\"noopener\">H\u00f8rsholm<\/a><\/td>\n<td><a href=\"https:\/\/www.denmark-open.dk\/\" target=\"_blank\" rel=\"noopener\">www<\/a><\/td>\n<\/tr>\n<tr>\n<td><a href=\"https:\/\/joawc2023.co.uk\/\" target=\"_blank\" rel=\"noopener\">12-16<\/a><\/td>\n<td><a href=\"https:\/\/joawc2023.co.uk\/\" target=\"_blank\" rel=\"noopener\">07<\/a><\/td>\n<td><a href=\"https:\/\/joawc2023.co.uk\/\" target=\"_blank\" rel=\"noopener\">2023<\/a><\/td>\n<td><a href=\"https:\/\/joawc2023.co.uk\/\" target=\"_blank\" rel=\"noopener\">JOAWC Junior Open Agility World Championship<\/a><\/td>\n<td><a href=\"https:\/\/joawc2023.co.uk\/\" target=\"_blank\" rel=\"noopener\">UK<\/a><\/td>\n<td><a href=\"https:\/\/joawc2023.co.uk\/\" target=\"_blank\" rel=\"noopener\">Southam<\/a><\/td>\n<td><a href=\"https:\/\/joawc2023.co.uk\/\" target=\"_blank\" rel=\"noopener\">www<\/a><\/td>\n<\/tr>\n<tr>\n<td><a href=\"https:\/\/eo2023.dk\/\" target=\"_blank\" rel=\"noopener\">21-23<\/a><\/td>\n<td><a href=\"https:\/\/eo2023.dk\/\" target=\"_blank\" rel=\"noopener\">07<\/a><\/td>\n<td><a href=\"https:\/\/eo2023.dk\/\" target=\"_blank\" rel=\"noopener\">2023<\/a><\/td>\n<td><a href=\"https:\/\/eo2023.dk\/\" target=\"_blank\" rel=\"noopener\">EO European Open<\/a><\/td>\n<td><a href=\"https:\/\/eo2023.dk\/\" target=\"_blank\" rel=\"noopener\">DK<\/a><\/td>\n<td><a href=\"https:\/\/eo2023.dk\/\" target=\"_blank\" rel=\"noopener\">H\u00f8rsholm<\/a><\/td>\n<td><a href=\"https:\/\/eo2023.dk\/\" target=\"_blank\" rel=\"noopener\">www<\/a><\/td>\n<\/tr>\n<tr>\n<td><a href=\"https:\/\/bcc2023.pl\/\" target=\"_blank\" rel=\"noopener\">28-30<\/a><\/td>\n<td><a href=\"https:\/\/bcc2023.pl\/\" target=\"_blank\" rel=\"noopener\">07<\/a><\/td>\n<td><a href=\"https:\/\/bcc2023.pl\/\" target=\"_blank\" rel=\"noopener\">2023<\/a><\/td>\n<td><a href=\"https:\/\/bcc2023.pl\/\" target=\"_blank\" rel=\"noopener\">BCC Border Collie Classic<\/a><\/td>\n<td><a href=\"https:\/\/bcc2023.pl\/\" target=\"_blank\" rel=\"noopener\">PL<\/a><\/td>\n<td><a href=\"https:\/\/bcc2023.pl\/\" target=\"_blank\" rel=\"noopener\">Warsaw<\/a><\/td>\n<td><a href=\"https:\/\/bcc2023.pl\/\" target=\"_blank\" rel=\"noopener\">www<\/a><\/td>\n<\/tr>\n<tr>\n<td><a href=\"http:\/\/rialp.run\" target=\"_blank\" rel=\"noopener\">2-6<\/a><\/td>\n<td><a href=\"http:\/\/rialp.run\" target=\"_blank\" rel=\"noopener\">08<\/a><\/td>\n<td><a href=\"http:\/\/rialp.run\" target=\"_blank\" rel=\"noopener\">2023<\/a><\/td>\n<td><a href=\"http:\/\/rialp.run\" target=\"_blank\" rel=\"noopener\">Rialp Summer Agility Competition<\/a><\/td>\n<td><a href=\"http:\/\/rialp.run\" target=\"_blank\" rel=\"noopener\">ES<\/a><\/td>\n<td><a href=\"http:\/\/rialp.run\" target=\"_blank\" rel=\"noopener\">Rialp<\/a><\/td>\n<td><a href=\"http:\/\/rialp.run\" target=\"_blank\" rel=\"noopener\">www<\/a><\/td>\n<\/tr>\n<tr>\n<td><a href=\"https:\/\/www.luleaopen.com\/\" target=\"_blank\" rel=\"noopener\">25-27<\/a><\/td>\n<td><a href=\"https:\/\/www.luleaopen.com\/\" target=\"_blank\" rel=\"noopener\">08<\/a><\/td>\n<td><a href=\"https:\/\/www.luleaopen.com\/\" target=\"_blank\" rel=\"noopener\">2023<\/a><\/td>\n<td><a href=\"https:\/\/www.luleaopen.com\/\" target=\"_blank\" rel=\"noopener\">Lule\u00e5 Open<\/a><\/td>\n<td><a href=\"https:\/\/www.luleaopen.com\/\" target=\"_blank\" rel=\"noopener\">SE<\/a><\/td>\n<td><a href=\"https:\/\/www.luleaopen.com\/\" target=\"_blank\" rel=\"noopener\">Lule\u00e5<\/a><\/td>\n<td><a href=\"https:\/\/www.luleaopen.com\/\" target=\"_blank\" rel=\"noopener\">www<\/a><\/td>\n<\/tr>\n<tr>\n<td><a href=\"https:\/\/www.agility2023.cz\/en\/\" target=\"_blank\" rel=\"noopener\">04-08<\/a><\/td>\n<td><a href=\"https:\/\/www.agility2023.cz\/en\/\" target=\"_blank\" rel=\"noopener\">10<\/a><\/td>\n<td><a href=\"https:\/\/www.agility2023.cz\/en\/\" target=\"_blank\" rel=\"noopener\">2023<\/a><\/td>\n<td><a href=\"https:\/\/www.agility2023.cz\/en\/\" target=\"_blank\" rel=\"noopener\">AWC Agility World Championships<\/a><\/td>\n<td><a href=\"https:\/\/www.agility2023.cz\/en\/\" target=\"_blank\" rel=\"noopener\">CZ<\/a><\/td>\n<td><a href=\"https:\/\/www.agility2023.cz\/en\/\" target=\"_blank\" rel=\"noopener\">Liberec<\/a><\/td>\n<td><a href=\"https:\/\/www.agility2023.cz\/en\/\" target=\"_blank\" rel=\"noopener\">www<\/a><\/td>\n<\/tr>\n<tr>\n<td><a href=\"https:\/\/wusv2023.com\/en\/\" target=\"_blank\" rel=\"noopener\">04-08<\/a><\/td>\n<td><a href=\"https:\/\/wusv2023.com\/en\/\" target=\"_blank\" rel=\"noopener\">10<\/a><\/td>\n<td><a href=\"https:\/\/wusv2023.com\/en\/\" target=\"_blank\" rel=\"noopener\">2023<\/a><\/td>\n<td><a href=\"https:\/\/wusv2023.com\/en\/\" target=\"_blank\" rel=\"noopener\">WUSV  World Championship German Shepherds<\/a><\/td>\n<td><a href=\"https:\/\/wusv2023.com\/en\/\" target=\"_blank\" rel=\"noopener\">HU<\/a><\/td>\n<td><a href=\"https:\/\/wusv2023.com\/en\/\" target=\"_blank\" rel=\"noopener\">Gy\u0151r<\/a><\/td>\n<td><a href=\"https:\/\/wusv2023.com\/en\/\" target=\"_blank\" rel=\"noopener\">www<\/a><\/td>\n<\/tr>\n<tr>\n<td><a href=\"http:\/\/www.norwegian-open.com\/\" target=\"_blank\" rel=\"noopener\">13-15<\/a><\/td>\n<td><a href=\"http:\/\/www.norwegian-open.com\/\" target=\"_blank\" rel=\"noopener\">10<\/a><\/td>\n<td><a href=\"http:\/\/www.norwegian-open.com\/\" target=\"_blank\" rel=\"noopener\">2023<\/a><\/td>\n<td><a href=\"http:\/\/www.norwegian-open.com\/\" target=\"_blank\" rel=\"noopener\">Norwegian Open<\/a><\/td>\n<td><a href=\"http:\/\/www.norwegian-open.com\/\" target=\"_blank\" rel=\"noopener\">NO<\/a><\/td>\n<td><a href=\"http:\/\/www.norwegian-open.com\/\" target=\"_blank\" rel=\"noopener\">Kongsvinger<\/a><\/td>\n<td><a href=\"http:\/\/www.norwegian-open.com\/\" target=\"_blank\" rel=\"noopener\">www<\/a><\/td>\n<\/tr>\n<tr>\n<td><a href=\"https:\/\/www.agilitypoodle2023.be\/\" target=\"_blank\" rel=\"noopener\">21-22<\/a><\/td>\n<td><a href=\"https:\/\/www.agilitypoodle2023.be\/\" target=\"_blank\" rel=\"noopener\">10<\/a><\/td>\n<td><a href=\"https:\/\/www.agilitypoodle2023.be\/\" target=\"_blank\" rel=\"noopener\">2023<\/a><\/td>\n<td><a href=\"https:\/\/www.agilitypoodle2023.be\/\" target=\"_blank\" rel=\"noopener\">IPAC International Poodle Agility Championship<\/a><\/td>\n<td><a href=\"https:\/\/fmbb2023.com\/\" target=\"_blank\" rel=\"noopener\">BE<\/a><\/td>\n<td><a href=\"https:\/\/www.agilitypoodle2023.be\/\" target=\"_blank\" rel=\"noopener\">Wielsbeke<\/a><\/td>\n<td><a href=\"https:\/\/www.agilitypoodle2023.be\/\" target=\"_blank\" rel=\"noopener\">www<\/a><\/td>\n<\/tr>\n<tr>\n<td><a href=\"https:\/\/sheltieagility.com\/\" target=\"_blank\" rel=\"noopener\">2-5<\/a><\/td>\n<td><a href=\"https:\/\/sheltieagility.com\/\" target=\"_blank\" rel=\"noopener\">11<\/a><\/td>\n<td><a href=\"https:\/\/sheltieagility.com\/\" target=\"_blank\" rel=\"noopener\">2023<\/a><\/td>\n<td><a href=\"https:\/\/sheltieagility.com\/\" target=\"_blank\" rel=\"noopener\">ISAC International Sheltie Agility Championship<\/a><\/td>\n<td><a href=\"https:\/\/sheltieagility.com\/\" target=\"_blank\" rel=\"noopener\">NL<\/a><\/td>\n<td><a href=\"https:\/\/sheltieagility.com\/\" target=\"_blank\" rel=\"noopener\">Laag Soeren<\/a><\/td>\n<td><a href=\"https:\/\/sheltieagility.com\/\" target=\"_blank\" rel=\"noopener\">www<\/a><\/td>\n<\/tr>\n<tr>\n<td><a href=\"https:\/\/gold-rush-competition.de\/en\" target=\"_blank\" rel=\"noopener\">8-10<\/a><\/td>\n<td><a href=\"https:\/\/gold-rush-competition.de\/en\" target=\"_blank\" rel=\"noopener\">12<\/a><\/td>\n<td><a href=\"https:\/\/gold-rush-competition.de\/en\" target=\"_blank\" rel=\"noopener\">2023<\/a><\/td>\n<td><a href=\"https:\/\/gold-rush-competition.de\/en\" target=\"_blank\" rel=\"noopener\">Gold Rush Competition<\/a><\/td>\n<td><a href=\"https:\/\/fmbb2023.com\/\" target=\"_blank\" rel=\"noopener\">DE<\/a><\/td>\n<td><a href=\"https:\/\/gold-rush-competition.de\/en\" target=\"_blank\" rel=\"noopener\">W\u00fclfrath<\/a><\/td>\n<td><a href=\"https:\/\/gold-rush-competition.de\/en\" target=\"_blank\" rel=\"noopener\">www<\/a><\/td>\n<\/tr>\n<\/tbody>\n<\/table>\n","protected":false},"excerpt":{"rendered":"<p>2023: Date Month Year Name Location Link 03-05 02 2023 Polish Open PL Legnica www 9-12 03 2023 Crufts GB Birmingham www 7-9 04 2022 WDSF WC Dutch Shepherds RO Oradea www 11-16 04 2023 FMBB RO Oradea www 17-21 05 2023 WAO World Agility Open Championship NL Ermelo www 01-04 06 2023 Rome Agility [&hellip;]<\/p>\n","protected":false},"author":2,"featured_media":0,"parent":136,"menu_order":0,"comment_status":"closed","ping_status":"closed","template":"page-full.php","meta":[],"yoast_head":"<!-- This site is optimized with the Yoast SEO plugin v15.7 - https:\/\/yoast.com\/wordpress\/plugins\/seo\/ -->\n<meta name=\"robots\" content=\"index, follow, max-snippet:-1, max-image-preview:large, max-video-preview:-1\" \/>\n<link rel=\"canonical\" href=\"https:\/\/agilitynews.eu\/?page_id=5847\" \/>\n<meta property=\"og:locale\" content=\"en_GB\" \/>\n<meta property=\"og:type\" content=\"article\" \/>\n<meta property=\"og:title\" content=\"International Events 2023 - AGILITYnews.eu\" \/>\n<meta property=\"og:description\" content=\"2023: Date Month Year Name Location Link 03-05 02 2023 Polish Open PL Legnica www 9-12 03 2023 Crufts GB Birmingham www 7-9 04 2022 WDSF WC Dutch Shepherds RO Oradea www 11-16 04 2023 FMBB RO Oradea www 17-21 05 2023 WAO World Agility Open Championship NL Ermelo www 01-04 06 2023 Rome Agility [&hellip;]\" \/>\n<meta property=\"og:url\" content=\"https:\/\/agilitynews.eu\/?page_id=5847\" \/>\n<meta property=\"og:site_name\" content=\"AGILITYnews.eu\" \/>\n<meta name=\"twitter:card\" content=\"summary\" \/>\n<meta name=\"twitter:label1\" content=\"Estimated reading time\">\n\t<meta name=\"twitter:data1\" content=\"1 minute\">\n<script type=\"application\/ld+json\" class=\"yoast-schema-graph\">{\"@context\":\"https:\/\/schema.org\",\"@graph\":[{\"@type\":\"WebSite\",\"@id\":\"https:\/\/agilitynews.eu\/#website\",\"url\":\"https:\/\/agilitynews.eu\/\",\"name\":\"AGILITYnews.eu\",\"description\":\"Information and coverage of the most beautiful sport in the world : Agility\",\"potentialAction\":[{\"@type\":\"SearchAction\",\"target\":\"https:\/\/agilitynews.eu\/?s={search_term_string}\",\"query-input\":\"required name=search_term_string\"}],\"inLanguage\":\"en-GB\"},{\"@type\":\"WebPage\",\"@id\":\"https:\/\/agilitynews.eu\/?page_id=5847#webpage\",\"url\":\"https:\/\/agilitynews.eu\/?page_id=5847\",\"name\":\"International Events 2023 - AGILITYnews.eu\",\"isPartOf\":{\"@id\":\"https:\/\/agilitynews.eu\/#website\"},\"datePublished\":\"2023-12-22T08:53:27+00:00\",\"dateModified\":\"2023-12-22T08:53:27+00:00\",\"inLanguage\":\"en-GB\",\"potentialAction\":[{\"@type\":\"ReadAction\",\"target\":[\"https:\/\/agilitynews.eu\/?page_id=5847\"]}]}]}<\/script>\n<!-- \/ Yoast SEO plugin. -->","_links":{"self":[{"href":"https:\/\/agilitynews.eu\/index.php?rest_route=\/wp\/v2\/pages\/5847"}],"collection":[{"href":"https:\/\/agilitynews.eu\/index.php?rest_route=\/wp\/v2\/pages"}],"about":[{"href":"https:\/\/agilitynews.eu\/index.php?rest_route=\/wp\/v2\/types\/page"}],"author":[{"embeddable":true,"href":"https:\/\/agilitynews.eu\/index.php?rest_route=\/wp\/v2\/users\/2"}],"replies":[{"embeddable":true,"href":"https:\/\/agilitynews.eu\/index.php?rest_route=%2Fwp%2Fv2%2Fcomments&post=5847"}],"version-history":[{"count":1,"href":"https:\/\/agilitynews.eu\/index.php?rest_route=\/wp\/v2\/pages\/5847\/revisions"}],"predecessor-version":[{"id":5848,"href":"https:\/\/agilitynews.eu\/index.php?rest_route=\/wp\/v2\/pages\/5847\/revisions\/5848"}],"up":[{"embeddable":true,"href":"https:\/\/agilitynews.eu\/index.php?rest_route=\/wp\/v2\/pages\/136"}],"wp:attachment":[{"href":"https:\/\/agilitynews.eu\/index.php?rest_route=%2Fwp%2Fv2%2Fmedia&parent=5847"}],"curies":[{"name":"wp","href":"https:\/\/api.w.org\/{rel}","templated":true}]}}