{"id":6108,"date":"2025-01-09T10:23:24","date_gmt":"2025-01-09T09:23:24","guid":{"rendered":"https:\/\/agilitynews.eu\/?page_id=6108"},"modified":"2025-01-09T10:23:24","modified_gmt":"2025-01-09T09:23:24","slug":"international-events-2024","status":"publish","type":"page","link":"https:\/\/agilitynews.eu\/?page_id=6108","title":{"rendered":"International Events 2024"},"content":{"rendered":"<h1>2024:<\/h1>\n<table id=\"2024\" style=\"width: 100%;\">\n<tbody>\n<tr>\n<td width=\"12%\">Date<\/td>\n<td width=\"7%\">Month<\/td>\n<td width=\"6%\">Year<\/td>\n<td width=\"44%\">Name<\/td>\n<td colspan=\"2\" width=\"33%\">Location<\/td>\n<td width=\"10%\">Link<\/td>\n<\/tr>\n<tr>\n<td><a href=\"https:\/\/proseccup.it\/\" target=\"_blank\" rel=\"noopener\">19-21<\/a><\/td>\n<td><a href=\"https:\/\/proseccup.it\/\" target=\"_blank\" rel=\"noopener\">01<\/a><\/td>\n<td><a href=\"https:\/\/proseccup.it\/\" target=\"_blank\" rel=\"noopener\">2024<\/a><\/td>\n<td><a href=\"https:\/\/proseccup.it\/\" target=\"_blank\" rel=\"noopener\">Treviso Agility Open &#8211; ProsecCup<\/a><\/td>\n<td><a href=\"https:\/\/proseccup.it\/\" target=\"_blank\" rel=\"noopener\">IT<\/a><\/td>\n<td><a href=\"https:\/\/proseccup.it\/\" target=\"_blank\" rel=\"noopener\">Treviso<\/a><\/td>\n<td><a href=\"https:\/\/proseccup.it\/\" target=\"_blank\" rel=\"noopener\">www<\/a><\/td>\n<\/tr>\n<tr>\n<td><a href=\"https:\/\/polishopen.dog\/\" target=\"_blank\" rel=\"noopener\">09-11<\/a><\/td>\n<td><a href=\"https:\/\/polishopen.dog\/\" target=\"_blank\" rel=\"noopener\">02<\/a><\/td>\n<td><a href=\"https:\/\/polishopen.dog\/\" target=\"_blank\" rel=\"noopener\">2024<\/a><\/td>\n<td><a href=\"https:\/\/polishopen.dog\/\" target=\"_blank\" rel=\"noopener\">Polish Open<\/a><\/td>\n<td><a href=\"https:\/\/polishopen.dog\/\" target=\"_blank\" rel=\"noopener\">PL<\/a><\/td>\n<td><a href=\"https:\/\/polishopen.dog\/\" target=\"_blank\" rel=\"noopener\">Legnica<\/a><\/td>\n<td><a href=\"https:\/\/polishopen.dog\/\" target=\"_blank\" rel=\"noopener\">www<\/a><\/td>\n<\/tr>\n<tr>\n<td><a href=\"https:\/\/www.crufts.org.uk\" target=\"_blank\" rel=\"noopener\">7-10<\/a><\/td>\n<td><a href=\"https:\/\/www.crufts.org.uk\" target=\"_blank\" rel=\"noopener\">03<\/a><\/td>\n<td><a href=\"https:\/\/www.crufts.org.uk\" target=\"_blank\" rel=\"noopener\">2024<\/a><\/td>\n<td><a href=\"https:\/\/www.crufts.org.uk\" target=\"_blank\" rel=\"noopener\">Crufts<\/a><\/td>\n<td><a href=\"https:\/\/www.crufts.org.uk\" target=\"_blank\" rel=\"noopener\">GB<\/a><\/td>\n<td><a href=\"https:\/\/www.crufts.org.uk\" target=\"_blank\" rel=\"noopener\">Birmingham<\/a><\/td>\n<td><a href=\"https:\/\/www.crufts.org.uk\" target=\"_blank\" rel=\"noopener\">www<\/a><\/td>\n<\/tr>\n<tr>\n<td><a href=\"https:\/\/2024.fmbb.be\/\" target=\"_blank\" rel=\"noopener\">23-28<\/a><\/td>\n<td><a href=\"https:\/\/2024.fmbb.be\/\" target=\"_blank\" rel=\"noopener\">04<\/a><\/td>\n<td><a href=\"https:\/\/2024.fmbb.be\/\" target=\"_blank\" rel=\"noopener\">2024<\/a><\/td>\n<td><a href=\"https:\/\/2024.fmbb.be\/\" target=\"_blank\" rel=\"noopener\">FMBB<\/a><\/td>\n<td><a href=\"https:\/\/2024.fmbb.be\/\" target=\"_blank\" rel=\"noopener\">IT<\/a><\/td>\n<td><a href=\"https:\/\/2024.fmbb.be\/\" target=\"_blank\" rel=\"noopener\">Bovolone (VR)<\/a><\/td>\n<td><a href=\"https:\/\/2024.fmbb.be\/\" target=\"_blank\" rel=\"noopener\">www<\/a><\/td>\n<\/tr>\n<tr>\n<td><a href=\"https:\/\/worldagilitychampionship.com\/\" target=\"_blank\" rel=\"noopener\">01-05<\/a><\/td>\n<td><a href=\"https:\/\/worldagilitychampionship.com\/\" target=\"_blank\" rel=\"noopener\">05<\/a><\/td>\n<td><a href=\"https:\/\/worldagilitychampionship.com\/\" target=\"_blank\" rel=\"noopener\">2024<\/a><\/td>\n<td><a href=\"https:\/\/worldagilitychampionship.com\/\" target=\"_blank\" rel=\"noopener\">IFCS World Agility Championships<\/a><\/td>\n<td><a href=\"https:\/\/worldagilitychampionship.com\/\" target=\"_blank\" rel=\"noopener\">FR<\/a><\/td>\n<td><a href=\"https:\/\/worldagilitychampionship.com\/\" target=\"_blank\" rel=\"noopener\">Bourgbarr\u00e9 (35)<\/a><\/td>\n<td><a href=\"https:\/\/worldagilitychampionship.com\/\" target=\"_blank\" rel=\"noopener\">www<\/a><\/td>\n<\/tr>\n<tr>\n<td><a href=\"http:\/\/www.worldagilityopen.com\" target=\"_blank\" rel=\"noopener\">15-19<\/a><\/td>\n<td><a href=\"http:\/\/www.worldagilityopen.com\" target=\"_blank\" rel=\"noopener\">05<\/a><\/td>\n<td><a href=\"http:\/\/www.worldagilityopen.com\" target=\"_blank\" rel=\"noopener\">2024<\/a><\/td>\n<td><a href=\"http:\/\/www.worldagilityopen.com\" target=\"_blank\" rel=\"noopener\">WAO World Agility Open Championship<\/a><\/td>\n<td><a href=\"http:\/\/www.worldagilityopen.com\" target=\"_blank\" rel=\"noopener\">NL<\/a><\/td>\n<td><a href=\"http:\/\/www.worldagilityopen.com\" target=\"_blank\" rel=\"noopener\">Ermelo<\/a><\/td>\n<td><a href=\"http:\/\/www.worldagilityopen.com\" target=\"_blank\" rel=\"noopener\">www<\/a><\/td>\n<\/tr>\n<tr>\n<td><a href=\"https:\/\/romagility.dog\/\" target=\"_blank\" rel=\"noopener\">31-02<\/a><\/td>\n<td><a href=\"https:\/\/romagility.dog\/\" target=\"_blank\" rel=\"noopener\">05-06<\/a><\/td>\n<td><a href=\"https:\/\/romagility.dog\/\" target=\"_blank\" rel=\"noopener\">2024<\/a><\/td>\n<td><a href=\"https:\/\/romagility.dog\/\" target=\"_blank\" rel=\"noopener\">Rome Agility Festival<\/a><\/td>\n<td><a href=\"https:\/\/romagility.dog\/\" target=\"_blank\" rel=\"noopener\">IT<\/a><\/td>\n<td><a href=\"https:\/\/romagility.dog\/\" target=\"_blank\" rel=\"noopener\">Rome<\/a><\/td>\n<td><a href=\"https:\/\/romagility.dog\/\" target=\"_blank\" rel=\"noopener\">www<\/a><\/td>\n<\/tr>\n<tr>\n<td><a href=\"https:\/\/www.alpineagilityopen.it\/\" target=\"_blank\" rel=\"noopener\">07-09<\/a><\/td>\n<td><a href=\"https:\/\/www.alpineagilityopen.it\/\" target=\"_blank\" rel=\"noopener\">06<\/a><\/td>\n<td><a href=\"https:\/\/www.alpineagilityopen.it\/\" target=\"_blank\" rel=\"noopener\">2024<\/a><\/td>\n<td><a href=\"https:\/\/www.alpineagilityopen.it\/\" target=\"_blank\" rel=\"noopener\">Alpine Agility Open<\/a><\/td>\n<td><a href=\"https:\/\/www.alpineagilityopen.it\/\" target=\"_blank\" rel=\"noopener\">IT<\/a><\/td>\n<td><a href=\"https:\/\/www.alpineagilityopen.it\/\" target=\"_blank\" rel=\"noopener\">Pragelato<\/a><\/td>\n<td><a href=\"https:\/\/www.alpineagilityopen.it\/\" target=\"_blank\" rel=\"noopener\">www<\/a><\/td>\n<\/tr>\n<tr>\n<td><a href=\"https:\/\/agifest.fi\/\" target=\"_blank\" rel=\"noopener\">21-23<\/a><\/td>\n<td><a href=\"https:\/\/agifest.fi\/\" target=\"_blank\" rel=\"noopener\">06<\/a><\/td>\n<td><a href=\"https:\/\/agifest.fi\/\" target=\"_blank\" rel=\"noopener\">2024<\/a><\/td>\n<td><a href=\"https:\/\/agifest.fi\/\" target=\"_blank\" rel=\"noopener\">Midsummer Dog Sports Festival<\/a><\/td>\n<td><a href=\"https:\/\/agifest.fi\/\" target=\"_blank\" rel=\"noopener\">FI<\/a><\/td>\n<td><a href=\"https:\/\/agifest.fi\/\" target=\"_blank\" rel=\"noopener\">Lohja<\/a><\/td>\n<td><a href=\"https:\/\/agifest.fi\/\" target=\"_blank\" rel=\"noopener\">www<\/a><\/td>\n<\/tr>\n<tr>\n<td><a href=\"https:\/\/croatianopenweb.wixsite.com\/home\" target=\"_blank\" rel=\"noopener\">21-23<\/a><\/td>\n<td><a href=\"https:\/\/croatianopenweb.wixsite.com\/home\" target=\"_blank\" rel=\"noopener\">06<\/a><\/td>\n<td><a href=\"https:\/\/croatianopenweb.wixsite.com\/home\" target=\"_blank\" rel=\"noopener\">2024<\/a><\/td>\n<td><a href=\"https:\/\/croatianopenweb.wixsite.com\/home\" target=\"_blank\" rel=\"noopener\">Croatian Open<\/a><\/td>\n<td><a href=\"https:\/\/croatianopenweb.wixsite.com\/home\" target=\"_blank\" rel=\"noopener\">HR<\/a><\/td>\n<td><a href=\"https:\/\/croatianopenweb.wixsite.com\/home\" target=\"_blank\" rel=\"noopener\">Jastrebarsko<\/a><\/td>\n<td><a href=\"https:\/\/croatianopenweb.wixsite.com\/home\" target=\"_blank\" rel=\"noopener\">www<\/a><\/td>\n<\/tr>\n<tr>\n<td><a href=\"https:\/\/slovenianagilityopen.com\/\" target=\"_blank\" rel=\"noopener\">28-30<\/a><\/td>\n<td><a href=\"https:\/\/slovenianagilityopen.com\/\" target=\"_blank\" rel=\"noopener\">06<\/a><\/td>\n<td><a href=\"https:\/\/slovenianagilityopen.com\/\" target=\"_blank\" rel=\"noopener\">2024<\/a><\/td>\n<td><a href=\"https:\/\/slovenianagilityopen.com\/\" target=\"_blank\" rel=\"noopener\">Slovenian Agility Open<\/a><\/td>\n<td><a href=\"https:\/\/slovenianagilityopen.com\/\" target=\"_blank\" rel=\"noopener\">SI<\/a><\/td>\n<td><a href=\"https:\/\/slovenianagilityopen.com\/\" target=\"_blank\" rel=\"noopener\">Ptuj<\/a><\/td>\n<td><a href=\"https:\/\/slovenianagilityopen.com\/\" target=\"_blank\" rel=\"noopener\">www<\/a><\/td>\n<\/tr>\n<tr>\n<td><a href=\"http:\/\/www.moraviaopen.cz\/en\/\" target=\"_blank\" rel=\"noopener\">05-07<\/a><\/td>\n<td><a href=\"http:\/\/www.moraviaopen.cz\/en\/\" target=\"_blank\" rel=\"noopener\">07<\/a><\/td>\n<td><a href=\"http:\/\/www.moraviaopen.cz\/en\/\" target=\"_blank\" rel=\"noopener\">2024<\/a><\/td>\n<td><a href=\"http:\/\/www.moraviaopen.cz\/en\/\" target=\"_blank\" rel=\"noopener\">Moravia Open<\/a><\/td>\n<td><a href=\"http:\/\/www.moraviaopen.cz\/en\/\" target=\"_blank\" rel=\"noopener\">CZ<\/a><\/td>\n<td><a href=\"http:\/\/www.moraviaopen.cz\/en\/\" target=\"_blank\" rel=\"noopener\">Ro\u017enov pod Radho\u0161t\u011bm<\/a><\/td>\n<td><a href=\"http:\/\/www.moraviaopen.cz\/en\/\" target=\"_blank\" rel=\"noopener\">www<\/a><\/td>\n<\/tr>\n<tr>\n<td><a href=\"http:\/\/guldagility.com\/en\/home\/\" target=\"_blank\" rel=\"noopener noreferrer\">10-14<\/a><\/td>\n<td><a href=\"http:\/\/guldagility.com\/en\/home\/\" target=\"_blank\" rel=\"noopener noreferrer\">07<\/a><\/td>\n<td><a href=\"http:\/\/guldagility.com\/en\/home\/\" target=\"_blank\" rel=\"noopener noreferrer\">2024<\/a><\/td>\n<td><a href=\"http:\/\/guldagility.com\/en\/home\/\" target=\"_blank\" rel=\"noopener noreferrer\">Guldagility<\/a><\/td>\n<td><a href=\"http:\/\/guldagility.com\/en\/home\/\" target=\"_blank\" rel=\"noopener noreferrer\">SE<\/a><\/td>\n<td><a href=\"http:\/\/guldagility.com\/en\/home\/\" target=\"_blank\" rel=\"noopener noreferrer\">Kalmar<\/a><\/td>\n<td><a href=\"http:\/\/guldagility.com\/en\/home\/\" target=\"_blank\" rel=\"noopener noreferrer\">www<\/a><\/td>\n<\/tr>\n<tr>\n<td><a href=\"https:\/\/joawc2024agility.be\/\" target=\"_blank\" rel=\"noopener\">18-21<\/a><\/td>\n<td><a href=\"https:\/\/joawc2024agility.be\/\" target=\"_blank\" rel=\"noopener\">07<\/a><\/td>\n<td><a href=\"https:\/\/joawc2024agility.be\/\" target=\"_blank\" rel=\"noopener\">2024<\/a><\/td>\n<td><a href=\"https:\/\/joawc2024agility.be\/\" target=\"_blank\" rel=\"noopener\">JOAWC Junior Open Agility World Championship<\/a><\/td>\n<td><a href=\"https:\/\/joawc2024agility.be\/\" target=\"_blank\" rel=\"noopener\">BE<\/a><\/td>\n<td><a href=\"https:\/\/joawc2024agility.be\/\" target=\"_blank\" rel=\"noopener\">Oudsbergen<\/a><\/td>\n<td><a href=\"https:\/\/joawc2024agility.be\/\" target=\"_blank\" rel=\"noopener\">www<\/a><\/td>\n<\/tr>\n<tr>\n<td><a href=\"https:\/\/www.jutlandiacup.dk\/en\/index_en.php\" target=\"_blank\" rel=\"noopener\">14-21<\/a><\/td>\n<td><a href=\"https:\/\/www.jutlandiacup.dk\/en\/index_en.php\" target=\"_blank\" rel=\"noopener\">07<\/a><\/td>\n<td><a href=\"https:\/\/www.jutlandiacup.dk\/en\/index_en.php\" target=\"_blank\" rel=\"noopener\">2024<\/a><\/td>\n<td><a href=\"https:\/\/www.jutlandiacup.dk\/en\/index_en.php\" target=\"_blank\" rel=\"noopener\">Jutlandia Cup<\/a><\/td>\n<td><a href=\"https:\/\/www.jutlandiacup.dk\/en\/index_en.php\" target=\"_blank\" rel=\"noopener\">DK<\/a><\/td>\n<td><a href=\"https:\/\/www.jutlandiacup.dk\/en\/index_en.php\" target=\"_blank\" rel=\"noopener\">Esbjerg<\/a><\/td>\n<td><a href=\"https:\/\/www.jutlandiacup.dk\/en\/index_en.php\" target=\"_blank\" rel=\"noopener\">www<\/a><\/td>\n<\/tr>\n<tr>\n<td><a href=\"https:\/\/www.pragueagilityparty.com\/\" target=\"_blank\" rel=\"noopener\">19-21<\/a><\/td>\n<td><a href=\"https:\/\/www.pragueagilityparty.com\/\" target=\"_blank\" rel=\"noopener\">07<\/a><\/td>\n<td><a href=\"https:\/\/www.pragueagilityparty.com\/\" target=\"_blank\" rel=\"noopener\">2024<\/a><\/td>\n<td><a href=\"https:\/\/www.pragueagilityparty.com\/\" target=\"_blank\" rel=\"noopener\">Prague Agility Party<\/a><\/td>\n<td><a href=\"https:\/\/www.pragueagilityparty.com\/\" target=\"_blank\" rel=\"noopener\">CZ<\/a><\/td>\n<td><a href=\"https:\/\/www.pragueagilityparty.com\/\" target=\"_blank\" rel=\"noopener\">Prague<\/a><\/td>\n<td><a href=\"https:\/\/www.pragueagilityparty.com\/\" target=\"_blank\" rel=\"noopener\">www<\/a><\/td>\n<\/tr>\n<tr>\n<td>26-28<\/td>\n<td>07<\/td>\n<td>2024<\/td>\n<td>BCC Border Collie Classic<\/td>\n<td>UK<\/td>\n<td>Southam<\/td>\n<td><\/td>\n<\/tr>\n<tr>\n<td><a href=\"http:\/\/rialp.run\" target=\"_blank\" rel=\"noopener\">31-4<\/a><\/td>\n<td><a href=\"http:\/\/rialp.run\" target=\"_blank\" rel=\"noopener\">07-08<\/a><\/td>\n<td><a href=\"http:\/\/rialp.run\" target=\"_blank\" rel=\"noopener\">2024<\/a><\/td>\n<td><a href=\"http:\/\/rialp.run\" target=\"_blank\" rel=\"noopener\">Rialp Summer Agility Competition<\/a><\/td>\n<td><a href=\"http:\/\/rialp.run\" target=\"_blank\" rel=\"noopener\">ES<\/a><\/td>\n<td><a href=\"http:\/\/rialp.run\" target=\"_blank\" rel=\"noopener\">Rialp<\/a><\/td>\n<td><a href=\"http:\/\/rialp.run\" target=\"_blank\" rel=\"noopener\">www<\/a><\/td>\n<\/tr>\n<tr>\n<td><a href=\"https:\/\/www.eo2024.co.uk\/\" target=\"_blank\" rel=\"noopener\">01-04<\/a><\/td>\n<td><a href=\"https:\/\/www.eo2024.co.uk\/\" target=\"_blank\" rel=\"noopener\">08<\/a><\/td>\n<td><a href=\"https:\/\/www.eo2024.co.uk\/\" target=\"_blank\" rel=\"noopener\">2024<\/a><\/td>\n<td><a href=\"https:\/\/www.eo2024.co.uk\/\" target=\"_blank\" rel=\"noopener\">EO European Open<\/a><\/td>\n<td><a href=\"https:\/\/www.eo2024.co.uk\/\" target=\"_blank\" rel=\"noopener\">UK<\/a><\/td>\n<td><a href=\"https:\/\/www.eo2024.co.uk\/\" target=\"_blank\" rel=\"noopener\"> Southam<\/a><\/td>\n<td><a href=\"https:\/\/www.eo2024.co.uk\/\" target=\"_blank\" rel=\"noopener\">www<\/a><\/td>\n<\/tr>\n<tr>\n<td><a href=\"https:\/\/www.luxembourgopen.lu\/english\/\" target=\"_blank\" rel=\"noopener\">09-11<\/a><\/td>\n<td><a href=\"https:\/\/www.luxembourgopen.lu\/english\/\" target=\"_blank\" rel=\"noopener\">08<\/a><\/td>\n<td><a href=\"https:\/\/www.luxembourgopen.lu\/english\/\" target=\"_blank\" rel=\"noopener\">2024<\/a><\/td>\n<td><a href=\"https:\/\/www.luxembourgopen.lu\/english\/\" target=\"_blank\" rel=\"noopener\">Luxembourg Open<\/a><\/td>\n<td><a href=\"https:\/\/www.luxembourgopen.lu\/english\/\" target=\"_blank\" rel=\"noopener\">LU<\/a><\/td>\n<td><a href=\"https:\/\/www.luxembourgopen.lu\/english\/\" target=\"_blank\" rel=\"noopener\">Differdange<\/a><\/td>\n<td><a href=\"https:\/\/www.luxembourgopen.lu\/english\/\" target=\"_blank\" rel=\"noopener\">www<\/a><\/td>\n<\/tr>\n<tr>\n<td><a href=\"https:\/\/www.luleaopen.com\/\" target=\"_blank\" rel=\"noopener\">23-25<\/a><\/td>\n<td><a href=\"https:\/\/www.luleaopen.com\/\" target=\"_blank\" rel=\"noopener\">08<\/a><\/td>\n<td><a href=\"https:\/\/www.luleaopen.com\/\" target=\"_blank\" rel=\"noopener\">2024<\/a><\/td>\n<td><a href=\"https:\/\/www.luleaopen.com\/\" target=\"_blank\" rel=\"noopener\">Lule\u00e5 Open<\/a><\/td>\n<td><a href=\"https:\/\/www.luleaopen.com\/\" target=\"_blank\" rel=\"noopener\">SE<\/a><\/td>\n<td><a href=\"https:\/\/www.luleaopen.com\/\" target=\"_blank\" rel=\"noopener\">Lule\u00e5<\/a><\/td>\n<td><a href=\"https:\/\/www.luleaopen.com\/\" target=\"_blank\" rel=\"noopener\">www<\/a><\/td>\n<\/tr>\n<tr>\n<td><a href=\"https:\/\/awc2024agility.be\/\" target=\"_blank\" rel=\"noopener\">01-06<\/a><\/td>\n<td><a href=\"https:\/\/awc2024agility.be\/\" target=\"_blank\" rel=\"noopener\">10<\/a><\/td>\n<td><a href=\"https:\/\/awc2024agility.be\/\" target=\"_blank\" rel=\"noopener\">2024<\/a><\/td>\n<td><a href=\"https:\/\/awc2024agility.be\/\" target=\"_blank\" rel=\"noopener\">AWC Agility World Championships<\/a><\/td>\n<td><a href=\"https:\/\/awc2024agility.be\/\" target=\"_blank\" rel=\"noopener\">BE<\/a><\/td>\n<td><a href=\"https:\/\/awc2024agility.be\/\" target=\"_blank\" rel=\"noopener\">Oudsbergen<\/a><\/td>\n<td><a href=\"https:\/\/awc2024agility.be\/\" target=\"_blank\" rel=\"noopener\">www<\/a><\/td>\n<\/tr>\n<tr>\n<td><a href=\"http:\/\/www.norwegian-open.com\/\" target=\"_blank\" rel=\"noopener\">11-13<\/a><\/td>\n<td><a href=\"http:\/\/www.norwegian-open.com\/\" target=\"_blank\" rel=\"noopener\">10<\/a><\/td>\n<td><a href=\"http:\/\/www.norwegian-open.com\/\" target=\"_blank\" rel=\"noopener\">2024<\/a><\/td>\n<td><a href=\"http:\/\/www.norwegian-open.com\/\" target=\"_blank\" rel=\"noopener\">Norwegian Open<\/a><\/td>\n<td><a href=\"http:\/\/www.norwegian-open.com\/\" target=\"_blank\" rel=\"noopener\">NO<\/a><\/td>\n<td><a href=\"http:\/\/www.norwegian-open.com\/\" target=\"_blank\" rel=\"noopener\">Kongsvinger<\/a><\/td>\n<td><a href=\"http:\/\/www.norwegian-open.com\/\" target=\"_blank\" rel=\"noopener\">www<\/a><\/td>\n<\/tr>\n<tr>\n<td><a href=\"https:\/\/isac2024.com\/\" target=\"_blank\" rel=\"noopener\">18-20<\/a><\/td>\n<td><a href=\"https:\/\/isac2024.com\/\" target=\"_blank\" rel=\"noopener\">10<\/a><\/td>\n<td><a href=\"https:\/\/isac2024.com\/\" target=\"_blank\" rel=\"noopener\">2024<\/a><\/td>\n<td><a href=\"https:\/\/isac2024.com\/\" target=\"_blank\" rel=\"noopener\">ISAC International Sheltie Agility Championship<\/a><\/td>\n<td><a href=\"https:\/\/isac2024.com\/\" target=\"_blank\" rel=\"noopener\">NO<\/a><\/td>\n<td><a href=\"https:\/\/isac2024.com\/\" target=\"_blank\" rel=\"noopener\">Kongsvinger<\/a><\/td>\n<td><a href=\"https:\/\/isac2024.com\/\" target=\"_blank\" rel=\"noopener\">www<\/a><\/td>\n<\/tr>\n<tr>\n<td><a href=\"https:\/\/gold-rush-competition.de\/en\" target=\"_blank\" rel=\"noopener\">13-15<\/a><\/td>\n<td><a href=\"https:\/\/gold-rush-competition.de\/en\" target=\"_blank\" rel=\"noopener\">12<\/a><\/td>\n<td><a href=\"https:\/\/gold-rush-competition.de\/en\" target=\"_blank\" rel=\"noopener\">2024<\/a><\/td>\n<td><a href=\"https:\/\/gold-rush-competition.de\/en\" target=\"_blank\" rel=\"noopener\">Gold Rush Competition<\/a><\/td>\n<td><a href=\"https:\/\/gold-rush-competition.de\/en\" target=\"_blank\" rel=\"noopener\">DE<\/a><\/td>\n<td><a href=\"https:\/\/gold-rush-competition.de\/en\" target=\"_blank\" rel=\"noopener\">W\u00fclfrath<\/a><\/td>\n<td><a href=\"https:\/\/gold-rush-competition.de\/en\" target=\"_blank\" rel=\"noopener\">www<\/a><\/td>\n<\/tr>\n<\/tbody>\n<\/table>\n","protected":false},"excerpt":{"rendered":"<p>2024: Date Month Year Name Location Link 19-21 01 2024 Treviso Agility Open &#8211; ProsecCup IT Treviso www 09-11 02 2024 Polish Open PL Legnica www 7-10 03 2024 Crufts GB Birmingham www 23-28 04 2024 FMBB IT Bovolone (VR) www 01-05 05 2024 IFCS World Agility Championships FR Bourgbarr\u00e9 (35) www 15-19 05 2024 [&hellip;]<\/p>\n","protected":false},"author":2,"featured_media":0,"parent":136,"menu_order":0,"comment_status":"closed","ping_status":"closed","template":"page-full.php","meta":[],"yoast_head":"<!-- This site is optimized with the Yoast SEO plugin v15.7 - https:\/\/yoast.com\/wordpress\/plugins\/seo\/ -->\n<meta name=\"robots\" content=\"index, follow, max-snippet:-1, max-image-preview:large, max-video-preview:-1\" \/>\n<link rel=\"canonical\" href=\"https:\/\/agilitynews.eu\/?page_id=6108\" \/>\n<meta property=\"og:locale\" content=\"en_GB\" \/>\n<meta property=\"og:type\" content=\"article\" \/>\n<meta property=\"og:title\" content=\"International Events 2024 - AGILITYnews.eu\" \/>\n<meta property=\"og:description\" content=\"2024: Date Month Year Name Location Link 19-21 01 2024 Treviso Agility Open &#8211; ProsecCup IT Treviso www 09-11 02 2024 Polish Open PL Legnica www 7-10 03 2024 Crufts GB Birmingham www 23-28 04 2024 FMBB IT Bovolone (VR) www 01-05 05 2024 IFCS World Agility Championships FR Bourgbarr\u00e9 (35) www 15-19 05 2024 [&hellip;]\" \/>\n<meta property=\"og:url\" content=\"https:\/\/agilitynews.eu\/?page_id=6108\" \/>\n<meta property=\"og:site_name\" content=\"AGILITYnews.eu\" \/>\n<meta name=\"twitter:card\" content=\"summary\" \/>\n<meta name=\"twitter:label1\" content=\"Estimated reading time\">\n\t<meta name=\"twitter:data1\" content=\"1 minute\">\n<script type=\"application\/ld+json\" class=\"yoast-schema-graph\">{\"@context\":\"https:\/\/schema.org\",\"@graph\":[{\"@type\":\"WebSite\",\"@id\":\"https:\/\/agilitynews.eu\/#website\",\"url\":\"https:\/\/agilitynews.eu\/\",\"name\":\"AGILITYnews.eu\",\"description\":\"Information and coverage of the most beautiful sport in the world : Agility\",\"potentialAction\":[{\"@type\":\"SearchAction\",\"target\":\"https:\/\/agilitynews.eu\/?s={search_term_string}\",\"query-input\":\"required name=search_term_string\"}],\"inLanguage\":\"en-GB\"},{\"@type\":\"WebPage\",\"@id\":\"https:\/\/agilitynews.eu\/?page_id=6108#webpage\",\"url\":\"https:\/\/agilitynews.eu\/?page_id=6108\",\"name\":\"International Events 2024 - AGILITYnews.eu\",\"isPartOf\":{\"@id\":\"https:\/\/agilitynews.eu\/#website\"},\"datePublished\":\"2025-01-09T09:23:24+00:00\",\"dateModified\":\"2025-01-09T09:23:24+00:00\",\"inLanguage\":\"en-GB\",\"potentialAction\":[{\"@type\":\"ReadAction\",\"target\":[\"https:\/\/agilitynews.eu\/?page_id=6108\"]}]}]}<\/script>\n<!-- \/ Yoast SEO plugin. -->","_links":{"self":[{"href":"https:\/\/agilitynews.eu\/index.php?rest_route=\/wp\/v2\/pages\/6108"}],"collection":[{"href":"https:\/\/agilitynews.eu\/index.php?rest_route=\/wp\/v2\/pages"}],"about":[{"href":"https:\/\/agilitynews.eu\/index.php?rest_route=\/wp\/v2\/types\/page"}],"author":[{"embeddable":true,"href":"https:\/\/agilitynews.eu\/index.php?rest_route=\/wp\/v2\/users\/2"}],"replies":[{"embeddable":true,"href":"https:\/\/agilitynews.eu\/index.php?rest_route=%2Fwp%2Fv2%2Fcomments&post=6108"}],"version-history":[{"count":1,"href":"https:\/\/agilitynews.eu\/index.php?rest_route=\/wp\/v2\/pages\/6108\/revisions"}],"predecessor-version":[{"id":6109,"href":"https:\/\/agilitynews.eu\/index.php?rest_route=\/wp\/v2\/pages\/6108\/revisions\/6109"}],"up":[{"embeddable":true,"href":"https:\/\/agilitynews.eu\/index.php?rest_route=\/wp\/v2\/pages\/136"}],"wp:attachment":[{"href":"https:\/\/agilitynews.eu\/index.php?rest_route=%2Fwp%2Fv2%2Fmedia&parent=6108"}],"curies":[{"name":"wp","href":"https:\/\/api.w.org\/{rel}","templated":true}]}}